{"id":2881,"date":"2025-08-05T10:42:16","date_gmt":"2025-08-05T08:42:16","guid":{"rendered":"https:\/\/rrunning.tribalt.agency\/?post_type=product&#038;p=2881"},"modified":"2025-08-27T11:53:45","modified_gmt":"2025-08-27T09:53:45","slug":"hoka-mach-6-2","status":"publish","type":"product","link":"https:\/\/rrunning.tribalt.agency\/?product=hoka-mach-6-2","title":{"rendered":"MACH 6"},"content":{"rendered":"<p>MACH 6<\/p>\n<p>Couleur : jadeite\/alpine blue<\/p>\n<p>Vous avez sous les yeux la Mach la plus l\u00e9g\u00e8re et la plus dynamique \u00e0 ce jour. Rapide, cette chaussure d\u2019entra\u00eenement est aff\u00fbt\u00e9e pour offrir un retour d\u2019\u00e9nergie accru gr\u00e2ce \u00e0 une semelle interm\u00e9diaire en mousse supercritique. Elle b\u00e9n\u00e9ficie \u00e9galement d\u2019une long\u00e9vit\u00e9 optimale avec une semelle ext\u00e9rieure rehauss\u00e9e d\u2019empi\u00e8cements strat\u00e9giques en caoutchouc. Le design de la chaussure a \u00e9t\u00e9 revisit\u00e9 sous toutes ses coutures pour privil\u00e9gier la vitesse. Nous avons ajout\u00e9 une nouvelle tige en jacquard \u00e9pur\u00e9 avec un tricotage zonal respirant et un soufflet interne con\u00e7u pour vous apporter le confort d\u2019un maintien enveloppant, indispensable pour \u00e9tablir un nouveau record personnel.<\/p>\n<div class=\"description-techspecs description-techspecs--bestfor\">\n<div class=\"description-techspecs__title title\">Id\u00e9ale pour : Route - Comp\u00e9tition<\/div>\n<div><\/div>\n<\/div>\n<div class=\"description-techspecs description-techspecs--features \">\n<div class=\"description-techspecs__title\">Caract\u00e9ristiques:<\/div>\n<div class=\"description-techspecs__items\">\n<ul>\n<li>Tige en jacquard \u00e9pur\u00e9<\/li>\n<li>Bracelet en mousse profil\u00e9<\/li>\n<li>Double soufflet interne<\/li>\n<li>Semelle interm\u00e9diaire en mousse supercritique<\/li>\n<li>Couverture strat\u00e9gique de la semelle ext\u00e9rieure en caoutchouc<\/li>\n<li>Languette anatomique<\/li>\n<li>Vegan<\/li>\n<\/ul>\n<p>Vous b\u00e9n\u00e9ficiez d\u2019une semelle interm\u00e9diaire en mousse supercritique, ainsi que d\u2019une tige en jacquard \u00e9pur\u00e9 et d\u2019un design affin\u00e9 sur le bracelet et la languette.<\/p>\n<p>Drop : 5mm<\/p>\n<p>&nbsp;<\/p>\n<\/div>\n<\/div>\n","protected":false},"excerpt":{"rendered":"<p>MACH 6 Couleur : jadeite\/alpine blue Vous avez sous les yeux la Mach la plus l\u00e9g\u00e8re et la plus dynamique \u00e0 ce jour. Rapide, cette chaussure d\u2019entra\u00eenement est aff\u00fbt\u00e9e pour offrir un retour d\u2019\u00e9nergie accru gr\u00e2ce \u00e0 une semelle interm\u00e9diaire en mousse supercritique. Elle b\u00e9n\u00e9ficie \u00e9galement d\u2019une long\u00e9vit\u00e9 optimale avec une semelle ext\u00e9rieure rehauss\u00e9e d\u2019empi\u00e8cements [&hellip;]<\/p>\n","protected":false},"featured_media":2966,"template":"","meta":[],"pwb-brand":[102],"product_brand":[],"product_cat":[36,38,22],"product_tag":[],"class_list":{"0":"post-2881","1":"product","2":"type-product","3":"status-publish","4":"has-post-thumbnail","6":"pwb-brand-hoka","7":"product_cat-chaussures-femmes","8":"product_cat-route","9":"product_cat-running","11":"first","12":"instock","13":"shipping-taxable","14":"purchasable","15":"product-type-simple"},"brands":[{"id":102,"name":"HOKA","slug":"hoka"}],"_links":{"self":[{"href":"https:\/\/rrunning.tribalt.agency\/index.php?rest_route=\/wp\/v2\/product\/2881","targetHints":{"allow":["GET"]}}],"collection":[{"href":"https:\/\/rrunning.tribalt.agency\/index.php?rest_route=\/wp\/v2\/product"}],"about":[{"href":"https:\/\/rrunning.tribalt.agency\/index.php?rest_route=\/wp\/v2\/types\/product"}],"wp:featuredmedia":[{"embeddable":true,"href":"https:\/\/rrunning.tribalt.agency\/index.php?rest_route=\/wp\/v2\/media\/2966"}],"wp:attachment":[{"href":"https:\/\/rrunning.tribalt.agency\/index.php?rest_route=%2Fwp%2Fv2%2Fmedia&parent=2881"}],"wp:term":[{"taxonomy":"pwb-brand","embeddable":true,"href":"https:\/\/rrunning.tribalt.agency\/index.php?rest_route=%2Fwp%2Fv2%2Fpwb-brand&post=2881"},{"taxonomy":"product_brand","embeddable":true,"href":"https:\/\/rrunning.tribalt.agency\/index.php?rest_route=%2Fwp%2Fv2%2Fproduct_brand&post=2881"},{"taxonomy":"product_cat","embeddable":true,"href":"https:\/\/rrunning.tribalt.agency\/index.php?rest_route=%2Fwp%2Fv2%2Fproduct_cat&post=2881"},{"taxonomy":"product_tag","embeddable":true,"href":"https:\/\/rrunning.tribalt.agency\/index.php?rest_route=%2Fwp%2Fv2%2Fproduct_tag&post=2881"}],"curies":[{"name":"wp","href":"https:\/\/api.w.org\/{rel}","templated":true}]}}