{"id":287,"date":"2025-04-04T15:39:05","date_gmt":"2025-04-04T13:39:05","guid":{"rendered":"https:\/\/rrunning.tribalt.agency\/?post_type=product&#038;p=287"},"modified":"2025-05-02T16:34:52","modified_gmt":"2025-05-02T14:34:52","slug":"endorphin-elite-2","status":"publish","type":"product","link":"https:\/\/rrunning.tribalt.agency\/?product=endorphin-elite-2","title":{"rendered":"ENDORPHIN ELITE 2"},"content":{"rendered":"<p><strong>White | Peel<\/strong><\/p>\n<p>Mousse IncrediRUN : amorti en mousse haute performance de nouvelle g\u00e9n\u00e9ration avec des niveaux de retour d'\u00e9nergie in\u00e9dits.<br \/>\nSlotted carbon fiber plate sur toute la longueur : offre des transitions en douceur et une propulsion explosive \u00e0 chaque foul\u00e9e.<br \/>\nMaille ultra l\u00e9g\u00e8re et tige en mesh : ultra respirantes et con\u00e7ues pour une performance connect\u00e9e.<\/p>\n<p>Niveau de soutien : Neutre<\/p>\n<p>Amorti : IncrediRUN<\/p>\n<p>Poids : Unisexe 7.0oz (199g)<\/p>\n<p>La rapidit\u00e9 au quotidien<br \/>\nUn rebond extraordinaire<br \/>\nUn design tout en l\u00e9g\u00e8ret\u00e9<\/p>\n<p>Drop : 8mm (39.5\/31.5mm)<\/p>\n","protected":false},"excerpt":{"rendered":"<p>White | Peel Mousse IncrediRUN : amorti en mousse haute performance de nouvelle g\u00e9n\u00e9ration avec des niveaux de retour d'\u00e9nergie in\u00e9dits. Slotted carbon fiber plate sur toute la longueur : offre des transitions en douceur et une propulsion explosive \u00e0 chaque foul\u00e9e. Maille ultra l\u00e9g\u00e8re et tige en mesh : ultra respirantes et con\u00e7ues pour [&hellip;]<\/p>\n","protected":false},"featured_media":288,"template":"","meta":[],"pwb-brand":[120],"product_brand":[],"product_cat":[42],"product_tag":[],"class_list":{"0":"post-287","1":"product","2":"type-product","3":"status-publish","4":"has-post-thumbnail","6":"pwb-brand-saucony","7":"product_cat-route-chaussures-hommes","9":"first","10":"instock","11":"shipping-taxable","12":"purchasable","13":"product-type-simple"},"brands":[{"id":120,"name":"SAUCONY","slug":"saucony"}],"_links":{"self":[{"href":"https:\/\/rrunning.tribalt.agency\/index.php?rest_route=\/wp\/v2\/product\/287","targetHints":{"allow":["GET"]}}],"collection":[{"href":"https:\/\/rrunning.tribalt.agency\/index.php?rest_route=\/wp\/v2\/product"}],"about":[{"href":"https:\/\/rrunning.tribalt.agency\/index.php?rest_route=\/wp\/v2\/types\/product"}],"wp:featuredmedia":[{"embeddable":true,"href":"https:\/\/rrunning.tribalt.agency\/index.php?rest_route=\/wp\/v2\/media\/288"}],"wp:attachment":[{"href":"https:\/\/rrunning.tribalt.agency\/index.php?rest_route=%2Fwp%2Fv2%2Fmedia&parent=287"}],"wp:term":[{"taxonomy":"pwb-brand","embeddable":true,"href":"https:\/\/rrunning.tribalt.agency\/index.php?rest_route=%2Fwp%2Fv2%2Fpwb-brand&post=287"},{"taxonomy":"product_brand","embeddable":true,"href":"https:\/\/rrunning.tribalt.agency\/index.php?rest_route=%2Fwp%2Fv2%2Fproduct_brand&post=287"},{"taxonomy":"product_cat","embeddable":true,"href":"https:\/\/rrunning.tribalt.agency\/index.php?rest_route=%2Fwp%2Fv2%2Fproduct_cat&post=287"},{"taxonomy":"product_tag","embeddable":true,"href":"https:\/\/rrunning.tribalt.agency\/index.php?rest_route=%2Fwp%2Fv2%2Fproduct_tag&post=287"}],"curies":[{"name":"wp","href":"https:\/\/api.w.org\/{rel}","templated":true}]}}