{"id":2787,"date":"2025-08-04T17:51:49","date_gmt":"2025-08-04T15:51:49","guid":{"rendered":"https:\/\/rrunning.tribalt.agency\/?post_type=product&#038;p=2787"},"modified":"2025-08-04T17:52:33","modified_gmt":"2025-08-04T15:52:33","slug":"energy-drink-peach-apricot","status":"publish","type":"product","link":"https:\/\/rrunning.tribalt.agency\/?product=energy-drink-peach-apricot","title":{"rendered":"ENERGY DRINK PEACH APRICOT"},"content":{"rendered":"<p>Allez plus loin et plus longtemps avec la boisson d'effort N\u00e4ak Ultra Energy\u2122. Rafra\u00eechissant, facile \u00e0 dig\u00e9rer et compos\u00e9 de 11% d\u2019ingr\u00e9dients revaloris\u00e9s, il alimentera vos efforts d\u2019endurance tout en minimisant votre impact environnemental.<\/p>\n<p>Chaque portion fournit 250 calories par 500 ml d\u2019eau, avec une nutrition compl\u00e8te pour une \u00e9nergie longue dur\u00e9e. Un sac de 720g permet de pr\u00e9parer 10 portions, soit 5L de boisson d'effort.<\/p>\n","protected":false},"excerpt":{"rendered":"<p>Allez plus loin et plus longtemps avec la boisson d'effort N\u00e4ak Ultra Energy\u2122. Rafra\u00eechissant, facile \u00e0 dig\u00e9rer et compos\u00e9 de 11% d\u2019ingr\u00e9dients revaloris\u00e9s, il alimentera vos efforts d\u2019endurance tout en minimisant votre impact environnemental. Chaque portion fournit 250 calories par 500 ml d\u2019eau, avec une nutrition compl\u00e8te pour une \u00e9nergie longue dur\u00e9e. Un sac de [&hellip;]<\/p>\n","protected":false},"featured_media":2788,"template":"","meta":[],"pwb-brand":[110],"product_brand":[],"product_cat":[84],"product_tag":[],"class_list":{"0":"post-2787","1":"product","2":"type-product","3":"status-publish","4":"has-post-thumbnail","6":"pwb-brand-naak","7":"product_cat-nutrition","9":"first","10":"instock","11":"shipping-taxable","12":"purchasable","13":"product-type-simple"},"brands":[{"id":110,"name":"NAAK","slug":"naak"}],"_links":{"self":[{"href":"https:\/\/rrunning.tribalt.agency\/index.php?rest_route=\/wp\/v2\/product\/2787","targetHints":{"allow":["GET"]}}],"collection":[{"href":"https:\/\/rrunning.tribalt.agency\/index.php?rest_route=\/wp\/v2\/product"}],"about":[{"href":"https:\/\/rrunning.tribalt.agency\/index.php?rest_route=\/wp\/v2\/types\/product"}],"wp:featuredmedia":[{"embeddable":true,"href":"https:\/\/rrunning.tribalt.agency\/index.php?rest_route=\/wp\/v2\/media\/2788"}],"wp:attachment":[{"href":"https:\/\/rrunning.tribalt.agency\/index.php?rest_route=%2Fwp%2Fv2%2Fmedia&parent=2787"}],"wp:term":[{"taxonomy":"pwb-brand","embeddable":true,"href":"https:\/\/rrunning.tribalt.agency\/index.php?rest_route=%2Fwp%2Fv2%2Fpwb-brand&post=2787"},{"taxonomy":"product_brand","embeddable":true,"href":"https:\/\/rrunning.tribalt.agency\/index.php?rest_route=%2Fwp%2Fv2%2Fproduct_brand&post=2787"},{"taxonomy":"product_cat","embeddable":true,"href":"https:\/\/rrunning.tribalt.agency\/index.php?rest_route=%2Fwp%2Fv2%2Fproduct_cat&post=2787"},{"taxonomy":"product_tag","embeddable":true,"href":"https:\/\/rrunning.tribalt.agency\/index.php?rest_route=%2Fwp%2Fv2%2Fproduct_tag&post=2787"}],"curies":[{"name":"wp","href":"https:\/\/api.w.org\/{rel}","templated":true}]}}