{"id":2776,"date":"2025-08-04T17:24:04","date_gmt":"2025-08-04T15:24:04","guid":{"rendered":"https:\/\/rrunning.tribalt.agency\/?post_type=product&#038;p=2776"},"modified":"2025-08-04T17:36:53","modified_gmt":"2025-08-04T15:36:53","slug":"baume-reparateur","status":"publish","type":"product","link":"https:\/\/rrunning.tribalt.agency\/?product=baume-reparateur","title":{"rendered":"BAUME REPARATEUR"},"content":{"rendered":"<h2>Baume r\u00e9parateur anti-douleurs et r\u00e9parateur<\/h2>\n<p style=\"font-weight: 400;\"><span style=\"font-weight: 400;\">Un <\/span><b>soin naturel puissant<\/b><span style=\"font-weight: 400;\">, inspir\u00e9 des traditions insulaires, pour <\/span><b>soulager efficacement douleurs musculaires, tendinites, entorses et foulures<\/b><span style=\"font-weight: 400;\">. Gr\u00e2ce \u00e0 sa <\/span><b>formule 100% bio<\/b><span style=\"font-weight: 400;\">, il associe les bienfaits des <\/span><b>huiles essentielles corses<\/b><span style=\"font-weight: 400;\"> pour une action <\/span><b>anti-inflammatoire, cicatrisante et r\u00e9g\u00e9n\u00e9rante<\/b><span style=\"font-weight: 400;\">. Son <\/span><b>effet chaud-froid unique<\/b><span style=\"font-weight: 400;\"> aide \u00e0 <\/span><b>d\u00e9sensibiliser la douleur et acc\u00e9l\u00e9rer la r\u00e9cup\u00e9ration<\/b><span style=\"font-weight: 400;\">.<\/span><\/p>\n<p style=\"font-weight: 400;\">\ud83d\udc86\u200d\u2642\ufe0f\u00a0<b>Appliquez en massage circulaire<\/b>\u00a0pour un soulagement rapide et durable.<\/p>\n","protected":false},"excerpt":{"rendered":"<p>Baume r\u00e9parateur anti-douleurs et r\u00e9parateur Un soin naturel puissant, inspir\u00e9 des traditions insulaires, pour soulager efficacement douleurs musculaires, tendinites, entorses et foulures. Gr\u00e2ce \u00e0 sa formule 100% bio, il associe les bienfaits des huiles essentielles corses pour une action anti-inflammatoire, cicatrisante et r\u00e9g\u00e9n\u00e9rante. Son effet chaud-froid unique aide \u00e0 d\u00e9sensibiliser la douleur et acc\u00e9l\u00e9rer la [&hellip;]<\/p>\n","protected":false},"featured_media":2777,"template":"","meta":[],"pwb-brand":[111],"product_brand":[],"product_cat":[33],"product_tag":[],"class_list":{"0":"post-2776","1":"product","2":"type-product","3":"status-publish","4":"has-post-thumbnail","6":"pwb-brand-noi","7":"product_cat-protection-musculaire-et-articulaire","9":"first","10":"instock","11":"shipping-taxable","12":"purchasable","13":"product-type-simple"},"brands":[{"id":111,"name":"NOI","slug":"noi"}],"_links":{"self":[{"href":"https:\/\/rrunning.tribalt.agency\/index.php?rest_route=\/wp\/v2\/product\/2776","targetHints":{"allow":["GET"]}}],"collection":[{"href":"https:\/\/rrunning.tribalt.agency\/index.php?rest_route=\/wp\/v2\/product"}],"about":[{"href":"https:\/\/rrunning.tribalt.agency\/index.php?rest_route=\/wp\/v2\/types\/product"}],"wp:featuredmedia":[{"embeddable":true,"href":"https:\/\/rrunning.tribalt.agency\/index.php?rest_route=\/wp\/v2\/media\/2777"}],"wp:attachment":[{"href":"https:\/\/rrunning.tribalt.agency\/index.php?rest_route=%2Fwp%2Fv2%2Fmedia&parent=2776"}],"wp:term":[{"taxonomy":"pwb-brand","embeddable":true,"href":"https:\/\/rrunning.tribalt.agency\/index.php?rest_route=%2Fwp%2Fv2%2Fpwb-brand&post=2776"},{"taxonomy":"product_brand","embeddable":true,"href":"https:\/\/rrunning.tribalt.agency\/index.php?rest_route=%2Fwp%2Fv2%2Fproduct_brand&post=2776"},{"taxonomy":"product_cat","embeddable":true,"href":"https:\/\/rrunning.tribalt.agency\/index.php?rest_route=%2Fwp%2Fv2%2Fproduct_cat&post=2776"},{"taxonomy":"product_tag","embeddable":true,"href":"https:\/\/rrunning.tribalt.agency\/index.php?rest_route=%2Fwp%2Fv2%2Fproduct_tag&post=2776"}],"curies":[{"name":"wp","href":"https:\/\/api.w.org\/{rel}","templated":true}]}}