{"id":2772,"date":"2025-08-04T17:23:43","date_gmt":"2025-08-04T15:23:43","guid":{"rendered":"https:\/\/rrunning.tribalt.agency\/?post_type=product&#038;p=2772"},"modified":"2025-08-04T17:37:06","modified_gmt":"2025-08-04T15:37:06","slug":"argile-verte","status":"publish","type":"product","link":"https:\/\/rrunning.tribalt.agency\/?product=argile-verte","title":{"rendered":"ARGILE VERTE"},"content":{"rendered":"<h2>Argile verte et huiles essentielles.<br \/>\nApaise et soulage<\/h2>\n<p dir=\"ltr\">Un rem\u00e8de naturel puissant, id\u00e9al pour les sportifs en qu\u00eate de r\u00e9cup\u00e9ration et de soulagement musculaire. Gr\u00e2ce \u00e0 l\u2019association de l\u2019argile verte et des huiles essentielles corses, ce soin aide \u00e0 r\u00e9duire l\u2019inflammation, pr\u00e9venir les douleurs musculaires et acc\u00e9l\u00e9rer la gu\u00e9rison des blessures mineures.<\/p>\n","protected":false},"excerpt":{"rendered":"<p>Argile verte et huiles essentielles. Apaise et soulage Un rem\u00e8de naturel puissant, id\u00e9al pour les sportifs en qu\u00eate de r\u00e9cup\u00e9ration et de soulagement musculaire. Gr\u00e2ce \u00e0 l\u2019association de l\u2019argile verte et des huiles essentielles corses, ce soin aide \u00e0 r\u00e9duire l\u2019inflammation, pr\u00e9venir les douleurs musculaires et acc\u00e9l\u00e9rer la gu\u00e9rison des blessures mineures.<\/p>\n","protected":false},"featured_media":2774,"template":"","meta":[],"pwb-brand":[111],"product_brand":[],"product_cat":[33],"product_tag":[],"class_list":{"0":"post-2772","1":"product","2":"type-product","3":"status-publish","4":"has-post-thumbnail","6":"pwb-brand-noi","7":"product_cat-protection-musculaire-et-articulaire","9":"first","10":"instock","11":"shipping-taxable","12":"purchasable","13":"product-type-simple"},"brands":[{"id":111,"name":"NOI","slug":"noi"}],"_links":{"self":[{"href":"https:\/\/rrunning.tribalt.agency\/index.php?rest_route=\/wp\/v2\/product\/2772","targetHints":{"allow":["GET"]}}],"collection":[{"href":"https:\/\/rrunning.tribalt.agency\/index.php?rest_route=\/wp\/v2\/product"}],"about":[{"href":"https:\/\/rrunning.tribalt.agency\/index.php?rest_route=\/wp\/v2\/types\/product"}],"wp:featuredmedia":[{"embeddable":true,"href":"https:\/\/rrunning.tribalt.agency\/index.php?rest_route=\/wp\/v2\/media\/2774"}],"wp:attachment":[{"href":"https:\/\/rrunning.tribalt.agency\/index.php?rest_route=%2Fwp%2Fv2%2Fmedia&parent=2772"}],"wp:term":[{"taxonomy":"pwb-brand","embeddable":true,"href":"https:\/\/rrunning.tribalt.agency\/index.php?rest_route=%2Fwp%2Fv2%2Fpwb-brand&post=2772"},{"taxonomy":"product_brand","embeddable":true,"href":"https:\/\/rrunning.tribalt.agency\/index.php?rest_route=%2Fwp%2Fv2%2Fproduct_brand&post=2772"},{"taxonomy":"product_cat","embeddable":true,"href":"https:\/\/rrunning.tribalt.agency\/index.php?rest_route=%2Fwp%2Fv2%2Fproduct_cat&post=2772"},{"taxonomy":"product_tag","embeddable":true,"href":"https:\/\/rrunning.tribalt.agency\/index.php?rest_route=%2Fwp%2Fv2%2Fproduct_tag&post=2772"}],"curies":[{"name":"wp","href":"https:\/\/api.w.org\/{rel}","templated":true}]}}