{"id":2762,"date":"2025-08-04T16:59:50","date_gmt":"2025-08-04T14:59:50","guid":{"rendered":"https:\/\/rrunning.tribalt.agency\/?post_type=product&#038;p=2762"},"modified":"2025-08-04T17:05:37","modified_gmt":"2025-08-04T15:05:37","slug":"multi-sport-mesh-boxer-brief-fly-x-2-palm","status":"publish","type":"product","link":"https:\/\/rrunning.tribalt.agency\/?product=multi-sport-mesh-boxer-brief-fly-x-2-palm","title":{"rendered":"MULTI SPORT MESH BOXER BRIEF FLY X 2 - PALM"},"content":{"rendered":"<article class=\"text-token-text-primary w-full focus:outline-none scroll-mt-[calc(var(--header-height)+min(200px,max(70px,20svh)))]\" dir=\"auto\" tabindex=\"-1\" data-testid=\"conversation-turn-12\" data-scroll-anchor=\"true\" data-turn=\"assistant\">\n<div class=\"text-base my-auto mx-auto pb-10 [--thread-content-margin:--spacing(4)] @[37rem]:[--thread-content-margin:--spacing(6)] @[72rem]:[--thread-content-margin:--spacing(16)] px-(--thread-content-margin)\">\n<div class=\"[--thread-content-max-width:32rem] @[34rem]:[--thread-content-max-width:40rem] @[64rem]:[--thread-content-max-width:48rem] mx-auto max-w-(--thread-content-max-width) flex-1 group\/turn-messages focus-visible:outline-hidden relative flex w-full min-w-0 flex-col agent-turn\" tabindex=\"-1\">\n<div class=\"flex max-w-full flex-col grow\">\n<div class=\"min-h-8 text-message relative flex w-full flex-col items-end gap-2 text-start break-words whitespace-normal [.text-message+&amp;]:mt-5\" dir=\"auto\" data-message-author-role=\"assistant\" data-message-id=\"8620a30b-8811-49f9-abbf-cd477b375373\" data-message-model-slug=\"gpt-4o\">\n<div class=\"flex w-full flex-col gap-1 empty:hidden first:pt-[3px]\">\n<div class=\"markdown prose dark:prose-invert w-full break-words light markdown-new-styling\">\n<p data-start=\"40\" data-end=\"467\" data-is-last-node=\"\" data-is-only-node=\"\">Avec le mesh multisports, un athl\u00e8te n'a plus besoin d'ajuster ses sous-v\u00eatements ni de les sous-charger. Dot\u00e9 d'une jambe sans remont\u00e9e de 15 cm et de la pochette BallPark Pouch\u2122 PRO, ce mod\u00e8le doux et polyvalent garde tout en place pendant le sport et les activit\u00e9s quotidiennes. Et pour que vos kettleballs restent bien au sec et confortables apr\u00e8s les toilettes, nous avons int\u00e9gr\u00e9 la technologie Stop Drop\u2122 \u00e0 la pochette.<\/p>\n<\/div>\n<\/div>\n<\/div>\n<\/div>\n<div class=\"flex min-h-[46px] justify-start\">\n<div class=\"touch:-me-2 touch:-ms-3.5 -ms-2.5 -me-1 flex flex-wrap items-center gap-y-4 p-1 select-none touch:w-[calc(100%+--spacing(3.5))] -mt-1 w-[calc(100%+--spacing(2.5))] duration-[1.5s] focus-within:transition-none hover:transition-none pointer-events-none [mask-image:linear-gradient(to_right,black_33%,transparent_66%)] [mask-size:300%_100%] [mask-position:100%_0%] motion-safe:transition-[mask-position] group-hover\/turn-messages:pointer-events-auto group-hover\/turn-messages:[mask-position:0_0] group-focus-within\/turn-messages:pointer-events-auto group-focus-within\/turn-messages:[mask-position:0_0] has-data-[state=open]:pointer-events-auto has-data-[state=open]:[mask-position:0_0]\"><\/div>\n<\/div>\n<\/div>\n<\/div>\n<\/article>\n<div class=\"pointer-events-none h-px w-px\" aria-hidden=\"true\" data-edge=\"true\"><\/div>\n","protected":false},"excerpt":{"rendered":"<p>Avec le mesh multisports, un athl\u00e8te n'a plus besoin d'ajuster ses sous-v\u00eatements ni de les sous-charger. Dot\u00e9 d'une jambe sans remont\u00e9e de 15 cm et de la pochette BallPark Pouch\u2122 PRO, ce mod\u00e8le doux et polyvalent garde tout en place pendant le sport et les activit\u00e9s quotidiennes. Et pour que vos kettleballs restent bien au [&hellip;]<\/p>\n","protected":false},"featured_media":2763,"template":"","meta":[],"pwb-brand":[121],"product_brand":[],"product_cat":[52],"product_tag":[],"class_list":{"0":"post-2762","1":"product","2":"type-product","3":"status-publish","4":"has-post-thumbnail","6":"pwb-brand-saxx","7":"product_cat-sous-vetements-textile-homme","9":"first","10":"instock","11":"shipping-taxable","12":"purchasable","13":"product-type-simple"},"brands":[{"id":121,"name":"SAXX","slug":"saxx"}],"_links":{"self":[{"href":"https:\/\/rrunning.tribalt.agency\/index.php?rest_route=\/wp\/v2\/product\/2762","targetHints":{"allow":["GET"]}}],"collection":[{"href":"https:\/\/rrunning.tribalt.agency\/index.php?rest_route=\/wp\/v2\/product"}],"about":[{"href":"https:\/\/rrunning.tribalt.agency\/index.php?rest_route=\/wp\/v2\/types\/product"}],"wp:featuredmedia":[{"embeddable":true,"href":"https:\/\/rrunning.tribalt.agency\/index.php?rest_route=\/wp\/v2\/media\/2763"}],"wp:attachment":[{"href":"https:\/\/rrunning.tribalt.agency\/index.php?rest_route=%2Fwp%2Fv2%2Fmedia&parent=2762"}],"wp:term":[{"taxonomy":"pwb-brand","embeddable":true,"href":"https:\/\/rrunning.tribalt.agency\/index.php?rest_route=%2Fwp%2Fv2%2Fpwb-brand&post=2762"},{"taxonomy":"product_brand","embeddable":true,"href":"https:\/\/rrunning.tribalt.agency\/index.php?rest_route=%2Fwp%2Fv2%2Fproduct_brand&post=2762"},{"taxonomy":"product_cat","embeddable":true,"href":"https:\/\/rrunning.tribalt.agency\/index.php?rest_route=%2Fwp%2Fv2%2Fproduct_cat&post=2762"},{"taxonomy":"product_tag","embeddable":true,"href":"https:\/\/rrunning.tribalt.agency\/index.php?rest_route=%2Fwp%2Fv2%2Fproduct_tag&post=2762"}],"curies":[{"name":"wp","href":"https:\/\/api.w.org\/{rel}","templated":true}]}}