{"id":2754,"date":"2025-08-04T16:52:17","date_gmt":"2025-08-04T14:52:17","guid":{"rendered":"https:\/\/rrunning.tribalt.agency\/?post_type=product&#038;p=2754"},"modified":"2025-08-04T16:55:14","modified_gmt":"2025-08-04T14:55:14","slug":"kinetic-boxeur-blackout","status":"publish","type":"product","link":"https:\/\/rrunning.tribalt.agency\/?product=kinetic-boxeur-blackout","title":{"rendered":"KINETIC BOXEUR BLACKOUT"},"content":{"rendered":"<p><strong data-start=\"35\" data-end=\"64\">Pr\u00e9sentation du produit :<\/strong><br \/>\nCon\u00e7u pour les sports \u00e0 haute intensit\u00e9 et les activit\u00e9s de fitness, le Kinetic Light-Compression Mesh est un Boxer Brief performant qui offre un soutien musculaire suppl\u00e9mentaire et dispose de la poche BallPark\u00ae PRO, encore plus supportive.<\/p>\n<p>&nbsp;<\/p>\n<p data-start=\"56\" data-end=\"78\"><strong data-start=\"56\" data-end=\"78\">Caract\u00e9ristiques :<\/strong><\/p>\n<ul data-start=\"80\" data-end=\"411\">\n<li data-start=\"80\" data-end=\"128\">\n<p data-start=\"82\" data-end=\"128\">Poche BallPark\u00ae PRO \u2013 offre un soutien accru<\/p>\n<\/li>\n<li data-start=\"129\" data-end=\"196\">\n<p data-start=\"131\" data-end=\"196\">Coutures Flat Out Seams\u00ae \u2013 \u00e9liminent les irritations de la peau<\/p>\n<\/li>\n<li data-start=\"197\" data-end=\"240\">\n<p data-start=\"199\" data-end=\"240\">Construction en 9 panneaux Three-D Fit\u00ae<\/p>\n<\/li>\n<li data-start=\"241\" data-end=\"263\">\n<p data-start=\"243\" data-end=\"263\">Soutien musculaire<\/p>\n<\/li>\n<li data-start=\"264\" data-end=\"299\">\n<p data-start=\"266\" data-end=\"299\">Stretch performant 4 directions<\/p>\n<\/li>\n<li data-start=\"300\" data-end=\"327\">\n<p data-start=\"302\" data-end=\"327\">Micro-maille respirante<\/p>\n<\/li>\n<li data-start=\"328\" data-end=\"356\">\n<p data-start=\"330\" data-end=\"356\">\u00c9vacuation de l'humidit\u00e9<\/p>\n<\/li>\n<li data-start=\"357\" data-end=\"381\">\n<p data-start=\"359\" data-end=\"381\">R\u00e9sistant aux odeurs<\/p>\n<\/li>\n<li data-start=\"382\" data-end=\"411\">\n<p data-start=\"384\" data-end=\"411\">Ceinture qui ne roule pas<\/p>\n<\/li>\n<\/ul>\n","protected":false},"excerpt":{"rendered":"<p>Pr\u00e9sentation du produit : Con\u00e7u pour les sports \u00e0 haute intensit\u00e9 et les activit\u00e9s de fitness, le Kinetic Light-Compression Mesh est un Boxer Brief performant qui offre un soutien musculaire suppl\u00e9mentaire et dispose de la poche BallPark\u00ae PRO, encore plus supportive. &nbsp; Caract\u00e9ristiques : Poche BallPark\u00ae PRO \u2013 offre un soutien accru Coutures Flat Out [&hellip;]<\/p>\n","protected":false},"featured_media":2755,"template":"","meta":[],"pwb-brand":[121],"product_brand":[],"product_cat":[52],"product_tag":[],"class_list":{"0":"post-2754","1":"product","2":"type-product","3":"status-publish","4":"has-post-thumbnail","6":"pwb-brand-saxx","7":"product_cat-sous-vetements-textile-homme","9":"first","10":"instock","11":"shipping-taxable","12":"purchasable","13":"product-type-simple"},"brands":[{"id":121,"name":"SAXX","slug":"saxx"}],"_links":{"self":[{"href":"https:\/\/rrunning.tribalt.agency\/index.php?rest_route=\/wp\/v2\/product\/2754","targetHints":{"allow":["GET"]}}],"collection":[{"href":"https:\/\/rrunning.tribalt.agency\/index.php?rest_route=\/wp\/v2\/product"}],"about":[{"href":"https:\/\/rrunning.tribalt.agency\/index.php?rest_route=\/wp\/v2\/types\/product"}],"wp:featuredmedia":[{"embeddable":true,"href":"https:\/\/rrunning.tribalt.agency\/index.php?rest_route=\/wp\/v2\/media\/2755"}],"wp:attachment":[{"href":"https:\/\/rrunning.tribalt.agency\/index.php?rest_route=%2Fwp%2Fv2%2Fmedia&parent=2754"}],"wp:term":[{"taxonomy":"pwb-brand","embeddable":true,"href":"https:\/\/rrunning.tribalt.agency\/index.php?rest_route=%2Fwp%2Fv2%2Fpwb-brand&post=2754"},{"taxonomy":"product_brand","embeddable":true,"href":"https:\/\/rrunning.tribalt.agency\/index.php?rest_route=%2Fwp%2Fv2%2Fproduct_brand&post=2754"},{"taxonomy":"product_cat","embeddable":true,"href":"https:\/\/rrunning.tribalt.agency\/index.php?rest_route=%2Fwp%2Fv2%2Fproduct_cat&post=2754"},{"taxonomy":"product_tag","embeddable":true,"href":"https:\/\/rrunning.tribalt.agency\/index.php?rest_route=%2Fwp%2Fv2%2Fproduct_tag&post=2754"}],"curies":[{"name":"wp","href":"https:\/\/api.w.org\/{rel}","templated":true}]}}