{"id":2748,"date":"2025-08-04T16:41:53","date_gmt":"2025-08-04T14:41:53","guid":{"rendered":"https:\/\/rrunning.tribalt.agency\/?post_type=product&#038;p=2748"},"modified":"2025-08-27T16:26:25","modified_gmt":"2025-08-27T14:26:25","slug":"saucony-endorphin-speed-5","status":"publish","type":"product","link":"https:\/\/rrunning.tribalt.agency\/?product=saucony-endorphin-speed-5","title":{"rendered":"SAUCONY  ENDORPHIN SPEED 5"},"content":{"rendered":"<p>ENDORPHIN SPEED 5<\/p>\n<p>Couleur : white\/mutant<\/p>\n<div id=\"tw-container\" class=\"nev7se\" data-cp=\"1\" data-nnttsvi=\"1\" data-ntl-fpwrite=\"true\" data-sletp=\"false\" data-sm=\"1\" data-ssbp=\"false\" data-sugg-time=\"500\" data-sugg-url=\"https:\/\/clients1.google.com\/complete\/search\" data-uilc=\"fr\" data-vil=\",af,af-ZA,am,am-ET,ar-EG,ar-AE,ar-KW,ar-QA,ar,ar-IL,ar-JO,ar-LB,ar-PS,az,az-AZ,bg,bg-BG,bn,bn-BD,bn-IN,ca,ca-es,cs,cs-CZ,de,de-DE,de-CH,de-AT,de-LI,en,en-US,en-CA,en-AU,en-NZ,en-GB,en-IN,en-KE,en-TZ,en-NG,en-GH,en-PH,en-ZA,es,es-ES,es-AR,es-UY,es-419,es-BO,es-CL,es-CR,es-CO,es-DO,es-EC,es-GT,es-HN,es-NI,es-PA,es-PE,es-PR,es-PY,es-SV,es-VE,es-MX,es-US,eu,eu-ES,fi,fi-FI,fr,fr-FR,fr-CH,fr-BE,gl,gl-ES,gu,gu-IN,he,he-IL,iw,iw-IL,hu,hu-HU,hy,hy-AM,id,id-ID,is,is-IS,it,it-IT,it-CH,ja,ja-JP,jv,jv-ID,ka,ka-GE,km,km-KH,kn,kn-IN,ko,ko-KR,la,lo,lo-LA,lv,lv-LV,ml,ml-IN,mr,mr-IN,ms,ms-MY,nl,nl-NL,nb,nb-NO,ne,ne-NP,pl,pl-PL,pt,pt-BR,pt-PT,ro,ro-RO,ru,ru-RU,si-LK,sk,sk-SK,sr,sr-RS,su,su-ID,sv,sv-SE,sw,sw-TZ,sw-KE,ta,ta-IN,ta-SG,ta-LK,ta-MY,te,te-IN,tr,tr-TR,ur,ur-PK,ur-IN,yue,yue-HK,yue-Hant-HK,zh-HK,zh,zh-CN,zh-cmn,zh-cmn-CN,zh-Hans,zh-Hans-CN,zh-cmn-Hans,zh-cmn-Hans-CN,cmn-CN,cmn-Hans,cmn-Hans-CN,zh-TW,zh-Hant-TW,cmn-TW,cmn-Hant-TW,zh-cmn-TW,zh-cmn-Hant-TW,zu,zu-ZA\">\n<div id=\"tw-ob\" class=\"tw-src-ltr\">\n<div class=\"oSioSc\">\n<div id=\"tw-target\">\n<div id=\"kAz1tf\" class=\"g9WsWb PZPZlf\" data-attrid=\"tw-targetArea\" data-entityname=\"Google Translate\">\n<div id=\"tw-target-text-container\" class=\"tw-ta-container tw-nfl\" tabindex=\"0\" role=\"text\">\n<div class=\"highlight\">\n<div class=\"highlight\">Con\u00e7ue pour la vitesseUne nouvelle mesh l\u00e9g\u00e8re pour un ajustement encore plus confortable, id\u00e9ale pour les courses rapides et un usage quotidien.<\/div>\n<div class=\"highlight\">Une semelle ext\u00e9rieure optimis\u00e9eUne semelle ext\u00e9rieure pens\u00e9e avec une couverture plus \u00e9tendue au niveau du talon pour une plus grande durabilit\u00e9 lors de vos foul\u00e9es les plus rapides. Une rainure sur toute la longueur pour une allure plus naturelle.<\/div>\n<div class=\"highlight\">Plus d'\u00e9nergieUne plaque semi-rigide en nylon sur toute la longueur, plac\u00e9e entre deux couches de mousse PWRRUN PB r\u00e9active, vous offre un \u00e9quilibre parfait entre propulsion et amorti \u00e0 chaque foul\u00e9e.<\/div>\n<div class=\"highlight\">Une course naturelle La rainure sur toute la longueur optimise votre allure pour une transition plus fluide entre l'attaque du pied et la pouss\u00e9e.<\/div>\n<\/div>\n<\/div>\n<p>Drop : 8mm<\/p>\n<div id=\"tw-target-text-container\" class=\"tw-ta-container tw-nfl\" tabindex=\"0\" role=\"text\">\n<pre id=\"tw-target-text\" class=\"tw-data-text tw-text-large tw-ta\" dir=\"ltr\" data-placeholder=\"Traduction\" data-ved=\"2ahUKEwi065jArfGOAxUSV0EAHT7MGBIQ3ewLegQIBhAV\" aria-label=\"Texte traduit\u00a0: La Peregrine 15 est votre compagnon de trail id\u00e9al, con\u00e7ue pour conqu\u00e9rir les terrains les plus difficiles avec aisance. Dot\u00e9e d'une semelle ext\u00e9rieure PWRTRAC reformul\u00e9e pour une durabilit\u00e9 et une adh\u00e9rence exceptionnelles, cette chaussure vous assure une confiance totale sur les sentiers secs comme humides. Sa tige high-tech, confectionn\u00e9e en mesh respirant haute r\u00e9sistance, offre un maintien optimal dans les zones \u00e0 forte abrasion. Gr\u00e2ce \u00e0 la mousse PWRRUN am\u00e9lior\u00e9e, profitez d'un toucher plus doux et d'une absorption des chocs optimis\u00e9e, pour un confort et une protection optimales \u00e0 chaque course. La Peregrine 15 est con\u00e7ue pour affronter tous les sentiers et vous donner la puissance n\u00e9cessaire pour aller plus loin.\"><\/pre>\n<\/div>\n<div id=\"tw-target-rmn-container\" class=\"tw-target-rmn tw-ta-container tw-nfl\" tabindex=\"0\" role=\"text\">\n<pre id=\"tw-target-rmn\" class=\"tw-data-placeholder tw-text-small tw-ta\" dir=\"ltr\" data-placeholder=\"\"><\/pre>\n<\/div>\n<div class=\"iYB33c\">\n<div id=\"tw-tmenu\" class=\"tw-menu\"><\/div>\n<\/div>\n<\/div>\n<\/div>\n<\/div>\n<\/div>\n<div id=\"tw-images\"><\/div>\n<div class=\"dURPtb\"><\/div>\n<div>\n<div><\/div>\n<\/div>\n<\/div>\n<div class=\"KFFQ0c xKf9F\"><\/div>\n","protected":false},"excerpt":{"rendered":"<p>ENDORPHIN SPEED 5 Couleur : white\/mutant Con\u00e7ue pour la vitesseUne nouvelle mesh l\u00e9g\u00e8re pour un ajustement encore plus confortable, id\u00e9ale pour les courses rapides et un usage quotidien. Une semelle ext\u00e9rieure optimis\u00e9eUne semelle ext\u00e9rieure pens\u00e9e avec une couverture plus \u00e9tendue au niveau du talon pour une plus grande durabilit\u00e9 lors de vos foul\u00e9es les plus [&hellip;]<\/p>\n","protected":false},"featured_media":2993,"template":"","meta":[],"pwb-brand":[120],"product_brand":[],"product_cat":[40,42],"product_tag":[],"class_list":{"0":"post-2748","1":"product","2":"type-product","3":"status-publish","4":"has-post-thumbnail","6":"pwb-brand-saucony","7":"product_cat-chaussures-hommes","8":"product_cat-route-chaussures-hommes","10":"first","11":"instock","12":"shipping-taxable","13":"purchasable","14":"product-type-simple"},"brands":[{"id":120,"name":"SAUCONY","slug":"saucony"}],"_links":{"self":[{"href":"https:\/\/rrunning.tribalt.agency\/index.php?rest_route=\/wp\/v2\/product\/2748","targetHints":{"allow":["GET"]}}],"collection":[{"href":"https:\/\/rrunning.tribalt.agency\/index.php?rest_route=\/wp\/v2\/product"}],"about":[{"href":"https:\/\/rrunning.tribalt.agency\/index.php?rest_route=\/wp\/v2\/types\/product"}],"wp:featuredmedia":[{"embeddable":true,"href":"https:\/\/rrunning.tribalt.agency\/index.php?rest_route=\/wp\/v2\/media\/2993"}],"wp:attachment":[{"href":"https:\/\/rrunning.tribalt.agency\/index.php?rest_route=%2Fwp%2Fv2%2Fmedia&parent=2748"}],"wp:term":[{"taxonomy":"pwb-brand","embeddable":true,"href":"https:\/\/rrunning.tribalt.agency\/index.php?rest_route=%2Fwp%2Fv2%2Fpwb-brand&post=2748"},{"taxonomy":"product_brand","embeddable":true,"href":"https:\/\/rrunning.tribalt.agency\/index.php?rest_route=%2Fwp%2Fv2%2Fproduct_brand&post=2748"},{"taxonomy":"product_cat","embeddable":true,"href":"https:\/\/rrunning.tribalt.agency\/index.php?rest_route=%2Fwp%2Fv2%2Fproduct_cat&post=2748"},{"taxonomy":"product_tag","embeddable":true,"href":"https:\/\/rrunning.tribalt.agency\/index.php?rest_route=%2Fwp%2Fv2%2Fproduct_tag&post=2748"}],"curies":[{"name":"wp","href":"https:\/\/api.w.org\/{rel}","templated":true}]}}