{"id":2715,"date":"2025-08-04T15:54:11","date_gmt":"2025-08-04T13:54:11","guid":{"rendered":"https:\/\/rrunning.tribalt.agency\/?post_type=product&#038;p=2715"},"modified":"2025-09-01T15:33:38","modified_gmt":"2025-09-01T13:33:38","slug":"uni-adapt","status":"publish","type":"product","link":"https:\/\/rrunning.tribalt.agency\/?product=uni-adapt","title":{"rendered":"UNI ADAPT"},"content":{"rendered":"<div class=\"productDescription\">\n<div class=\"productDescription\">\n<div class=\"productDescription\">\n<div class=\"productDescription\">\n<p class=\"productSubtitle\">Clip adh\u00e9sif pour la fixation d'une lampe frontale Petzl sur tout type de casques (pack de 4)<\/p>\n<div class=\"productCaracteristiquesPosition inlineblock\">\n<p class=\"productCaracteristiques inlineblock\">Quatre clips adh\u00e9sifs permettant de fixer une lampe frontale Petzl sur les casques ne poss\u00e9dant pas de crochet<\/p>\n<\/div>\n<\/div>\n<\/div>\n<\/div>\n<\/div>\n","protected":false},"excerpt":{"rendered":"<p>Clip adh\u00e9sif pour la fixation d'une lampe frontale Petzl sur tout type de casques (pack de 4) Quatre clips adh\u00e9sifs permettant de fixer une lampe frontale Petzl sur les casques ne poss\u00e9dant pas de crochet<\/p>\n","protected":false},"featured_media":2716,"template":"","meta":[],"pwb-brand":[115],"product_brand":[],"product_cat":[61],"product_tag":[],"class_list":{"0":"post-2715","1":"product","2":"type-product","3":"status-publish","4":"has-post-thumbnail","6":"pwb-brand-petzl","7":"product_cat-casques","9":"first","10":"instock","11":"shipping-taxable","12":"purchasable","13":"product-type-simple"},"brands":[{"id":115,"name":"PETZL","slug":"petzl"}],"_links":{"self":[{"href":"https:\/\/rrunning.tribalt.agency\/index.php?rest_route=\/wp\/v2\/product\/2715","targetHints":{"allow":["GET"]}}],"collection":[{"href":"https:\/\/rrunning.tribalt.agency\/index.php?rest_route=\/wp\/v2\/product"}],"about":[{"href":"https:\/\/rrunning.tribalt.agency\/index.php?rest_route=\/wp\/v2\/types\/product"}],"wp:featuredmedia":[{"embeddable":true,"href":"https:\/\/rrunning.tribalt.agency\/index.php?rest_route=\/wp\/v2\/media\/2716"}],"wp:attachment":[{"href":"https:\/\/rrunning.tribalt.agency\/index.php?rest_route=%2Fwp%2Fv2%2Fmedia&parent=2715"}],"wp:term":[{"taxonomy":"pwb-brand","embeddable":true,"href":"https:\/\/rrunning.tribalt.agency\/index.php?rest_route=%2Fwp%2Fv2%2Fpwb-brand&post=2715"},{"taxonomy":"product_brand","embeddable":true,"href":"https:\/\/rrunning.tribalt.agency\/index.php?rest_route=%2Fwp%2Fv2%2Fproduct_brand&post=2715"},{"taxonomy":"product_cat","embeddable":true,"href":"https:\/\/rrunning.tribalt.agency\/index.php?rest_route=%2Fwp%2Fv2%2Fproduct_cat&post=2715"},{"taxonomy":"product_tag","embeddable":true,"href":"https:\/\/rrunning.tribalt.agency\/index.php?rest_route=%2Fwp%2Fv2%2Fproduct_tag&post=2715"}],"curies":[{"name":"wp","href":"https:\/\/api.w.org\/{rel}","templated":true}]}}