{"id":2713,"date":"2025-08-04T15:53:01","date_gmt":"2025-08-04T13:53:01","guid":{"rendered":"https:\/\/rrunning.tribalt.agency\/?post_type=product&#038;p=2713"},"modified":"2025-09-01T15:31:20","modified_gmt":"2025-09-01T13:31:20","slug":"lampe-tikka-core-bleu","status":"publish","type":"product","link":"https:\/\/rrunning.tribalt.agency\/?product=lampe-tikka-core-bleu","title":{"rendered":"LAMPE TIKKA CORE BLEU"},"content":{"rendered":"<div class=\"productDescription\">\n<div class=\"productDescription\">\n<div class=\"productDescription\">\n<div class=\"productDescription\">\n<p class=\"productSubtitle\">Lampe frontale compacte rechargeable facile \u00e0 utiliser avec \u00e9clairage rouge. 450 lumens<\/p>\n<div class=\"productCaracteristiquesPosition inlineblock\">\n<p class=\"productCaracteristiques inlineblock\">L'embl\u00e9matique lampe frontale Petzl en version rechargeable. Avec sa puissance de 450 lumens, la lampe frontale TIKKA CORE est votre accessoire pr\u00e9f\u00e9r\u00e9 pour vos activit\u00e9s outdoor nocturnes. Facile \u00e0 utiliser avec son bouton unique, elle est aussi compacte et se glisse dans la poche de votre veste ou de votre sac \u00e0 dos. Son r\u00e9flecteur phosphorescent vous permet de la retrouver facilement dans le noir. Elle dispose d'un \u00e9clairage rouge pour \u00e9viter d'\u00e9blouir votre entourage et d'un bandeau r\u00e9fl\u00e9chissant pour signaler votre pr\u00e9sence. Livr\u00e9e avec la batterie rechargeable CORE, TIKKA CORE est aussi compatible avec trois piles, gr\u00e2ce \u00e0 la construction HYBRID CONCEPT.<\/p>\n<\/div>\n<\/div>\n<\/div>\n<\/div>\n<\/div>\n","protected":false},"excerpt":{"rendered":"<p>Lampe frontale compacte rechargeable facile \u00e0 utiliser avec \u00e9clairage rouge. 450 lumens L'embl\u00e9matique lampe frontale Petzl en version rechargeable. Avec sa puissance de 450 lumens, la lampe frontale TIKKA CORE est votre accessoire pr\u00e9f\u00e9r\u00e9 pour vos activit\u00e9s outdoor nocturnes. Facile \u00e0 utiliser avec son bouton unique, elle est aussi compacte et se glisse dans la [&hellip;]<\/p>\n","protected":false},"featured_media":2734,"template":"","meta":[],"pwb-brand":[115],"product_brand":[],"product_cat":[30],"product_tag":[],"class_list":{"0":"post-2713","1":"product","2":"type-product","3":"status-publish","4":"has-post-thumbnail","6":"pwb-brand-petzl","7":"product_cat-frontales","9":"first","10":"instock","11":"shipping-taxable","12":"purchasable","13":"product-type-simple"},"brands":[{"id":115,"name":"PETZL","slug":"petzl"}],"_links":{"self":[{"href":"https:\/\/rrunning.tribalt.agency\/index.php?rest_route=\/wp\/v2\/product\/2713","targetHints":{"allow":["GET"]}}],"collection":[{"href":"https:\/\/rrunning.tribalt.agency\/index.php?rest_route=\/wp\/v2\/product"}],"about":[{"href":"https:\/\/rrunning.tribalt.agency\/index.php?rest_route=\/wp\/v2\/types\/product"}],"wp:featuredmedia":[{"embeddable":true,"href":"https:\/\/rrunning.tribalt.agency\/index.php?rest_route=\/wp\/v2\/media\/2734"}],"wp:attachment":[{"href":"https:\/\/rrunning.tribalt.agency\/index.php?rest_route=%2Fwp%2Fv2%2Fmedia&parent=2713"}],"wp:term":[{"taxonomy":"pwb-brand","embeddable":true,"href":"https:\/\/rrunning.tribalt.agency\/index.php?rest_route=%2Fwp%2Fv2%2Fpwb-brand&post=2713"},{"taxonomy":"product_brand","embeddable":true,"href":"https:\/\/rrunning.tribalt.agency\/index.php?rest_route=%2Fwp%2Fv2%2Fproduct_brand&post=2713"},{"taxonomy":"product_cat","embeddable":true,"href":"https:\/\/rrunning.tribalt.agency\/index.php?rest_route=%2Fwp%2Fv2%2Fproduct_cat&post=2713"},{"taxonomy":"product_tag","embeddable":true,"href":"https:\/\/rrunning.tribalt.agency\/index.php?rest_route=%2Fwp%2Fv2%2Fproduct_tag&post=2713"}],"curies":[{"name":"wp","href":"https:\/\/api.w.org\/{rel}","templated":true}]}}