{"id":2711,"date":"2025-08-04T15:52:12","date_gmt":"2025-08-04T13:52:12","guid":{"rendered":"https:\/\/rrunning.tribalt.agency\/?post_type=product&#038;p=2711"},"modified":"2025-09-01T15:32:44","modified_gmt":"2025-09-01T13:32:44","slug":"lampe-tikka-jaune","status":"publish","type":"product","link":"https:\/\/rrunning.tribalt.agency\/?product=lampe-tikka-jaune","title":{"rendered":"LAMPE TIKKA JAUNE"},"content":{"rendered":"<div class=\"productDescription\">\n<div class=\"productDescription\">\n<div class=\"productDescription\">\n<p class=\"productSubtitle\">Lampe frontale compacte facile \u00e0 utiliser avec \u00e9clairage rouge. 350 lumens<\/p>\n<div class=\"productCaracteristiquesPosition inlineblock\">\n<p class=\"productCaracteristiques inlineblock\">Elle ne cesse de briller depuis 25 ans ! Accessoire pr\u00e9f\u00e9r\u00e9 pour vos randonn\u00e9es nocturnes, vos nuit\u00e9es en bivouac ou en voyage, la lampe frontale TIKKA vous offre un \u00e9clairage de 350 lumens. Facile \u00e0 utiliser avec son bouton unique, elle est aussi compacte et se glisse dans la poche de votre veste ou de votre sac \u00e0 dos. Son r\u00e9flecteur phosphorescent vous permet de la retrouver facilement dans le noir et son \u00e9clairage rouge \u00e9vite d'\u00e9blouir votre entourage. Livr\u00e9e avec trois piles, TIKKA est aussi compatible avec la batterie rechargeable CORE, gr\u00e2ce \u00e0 la construction HYBRID CONCEPT. Pour un usage fr\u00e9quent, privil\u00e9giez la version rechargeable TIKKA CORE.<\/p>\n<\/div>\n<\/div>\n<\/div>\n<\/div>\n","protected":false},"excerpt":{"rendered":"<p>Lampe frontale compacte facile \u00e0 utiliser avec \u00e9clairage rouge. 350 lumens Elle ne cesse de briller depuis 25 ans ! Accessoire pr\u00e9f\u00e9r\u00e9 pour vos randonn\u00e9es nocturnes, vos nuit\u00e9es en bivouac ou en voyage, la lampe frontale TIKKA vous offre un \u00e9clairage de 350 lumens. Facile \u00e0 utiliser avec son bouton unique, elle est aussi compacte [&hellip;]<\/p>\n","protected":false},"featured_media":2738,"template":"","meta":[],"pwb-brand":[115],"product_brand":[],"product_cat":[30],"product_tag":[],"class_list":{"0":"post-2711","1":"product","2":"type-product","3":"status-publish","4":"has-post-thumbnail","6":"pwb-brand-petzl","7":"product_cat-frontales","9":"first","10":"instock","11":"shipping-taxable","12":"purchasable","13":"product-type-simple"},"brands":[{"id":115,"name":"PETZL","slug":"petzl"}],"_links":{"self":[{"href":"https:\/\/rrunning.tribalt.agency\/index.php?rest_route=\/wp\/v2\/product\/2711","targetHints":{"allow":["GET"]}}],"collection":[{"href":"https:\/\/rrunning.tribalt.agency\/index.php?rest_route=\/wp\/v2\/product"}],"about":[{"href":"https:\/\/rrunning.tribalt.agency\/index.php?rest_route=\/wp\/v2\/types\/product"}],"wp:featuredmedia":[{"embeddable":true,"href":"https:\/\/rrunning.tribalt.agency\/index.php?rest_route=\/wp\/v2\/media\/2738"}],"wp:attachment":[{"href":"https:\/\/rrunning.tribalt.agency\/index.php?rest_route=%2Fwp%2Fv2%2Fmedia&parent=2711"}],"wp:term":[{"taxonomy":"pwb-brand","embeddable":true,"href":"https:\/\/rrunning.tribalt.agency\/index.php?rest_route=%2Fwp%2Fv2%2Fpwb-brand&post=2711"},{"taxonomy":"product_brand","embeddable":true,"href":"https:\/\/rrunning.tribalt.agency\/index.php?rest_route=%2Fwp%2Fv2%2Fproduct_brand&post=2711"},{"taxonomy":"product_cat","embeddable":true,"href":"https:\/\/rrunning.tribalt.agency\/index.php?rest_route=%2Fwp%2Fv2%2Fproduct_cat&post=2711"},{"taxonomy":"product_tag","embeddable":true,"href":"https:\/\/rrunning.tribalt.agency\/index.php?rest_route=%2Fwp%2Fv2%2Fproduct_tag&post=2711"}],"curies":[{"name":"wp","href":"https:\/\/api.w.org\/{rel}","templated":true}]}}