{"id":2704,"date":"2025-08-04T15:48:42","date_gmt":"2025-08-04T13:48:42","guid":{"rendered":"https:\/\/rrunning.tribalt.agency\/?post_type=product&#038;p=2704"},"modified":"2025-09-01T15:31:52","modified_gmt":"2025-09-01T13:31:52","slug":"lampe-swift-rl-black","status":"publish","type":"product","link":"https:\/\/rrunning.tribalt.agency\/?product=lampe-swift-rl-black","title":{"rendered":"LAMPE SWIFT RL BLACK"},"content":{"rendered":"<div class=\"productDescription\">\n<div class=\"productDescription\">\n<p class=\"productSubtitle\">Lampe frontale compacte, ultra puissante et rechargeable, dot\u00e9e de la technologie REACTIVE LIGHTING\u00ae. 1100 lumens<\/p>\n<div class=\"productCaracteristiquesPosition inlineblock\">\n<p class=\"productCaracteristiques inlineblock\">Avec 1100 lumens pour seulement 100 g, SWIFT RL est la lampe frontale multisport par excellence, incontournable pour vos activit\u00e9s outdoor. Dot\u00e9e de la technologie REACTIVE LIGHTING\u00ae, un capteur \u00e9value la luminosit\u00e9 ambiante et adapte automatiquement la puissance d\u2019\u00e9clairage \u00e0 vos besoins. Son bandeau est r\u00e9fl\u00e9chissant pour \u00eatre bien vu de nuit. Il est confectionn\u00e9 en deux parties pour vous assurer un excellent maintien lors de vos sorties dynamiques et engag\u00e9es en alpinisme, trail ou ski. Intuitive, SWIFT RL poss\u00e8de un bouton unique permettant d\u2019acc\u00e9der facilement \u00e0 toutes ses fonctions (ON\/OFF, modes et niveaux d'\u00e9clairage et verrouillage). Vous pourrez \u00e9galement compter sur son \u00e9clairage rouge, fixe ou clignotant, en cas de n\u00e9cessit\u00e9. Rechargeable, elle dispose d'une jauge \u00e0 cinq niveaux qui vous permettra de consulter avec pr\u00e9cision le niveau de charge de la batterie.<\/p>\n<\/div>\n<\/div>\n<\/div>\n","protected":false},"excerpt":{"rendered":"<p>Lampe frontale compacte, ultra puissante et rechargeable, dot\u00e9e de la technologie REACTIVE LIGHTING\u00ae. 1100 lumens Avec 1100 lumens pour seulement 100 g, SWIFT RL est la lampe frontale multisport par excellence, incontournable pour vos activit\u00e9s outdoor. Dot\u00e9e de la technologie REACTIVE LIGHTING\u00ae, un capteur \u00e9value la luminosit\u00e9 ambiante et adapte automatiquement la puissance d\u2019\u00e9clairage \u00e0 [&hellip;]<\/p>\n","protected":false},"featured_media":2733,"template":"","meta":[],"pwb-brand":[115],"product_brand":[],"product_cat":[30],"product_tag":[],"class_list":{"0":"post-2704","1":"product","2":"type-product","3":"status-publish","4":"has-post-thumbnail","6":"pwb-brand-petzl","7":"product_cat-frontales","9":"first","10":"instock","11":"shipping-taxable","12":"purchasable","13":"product-type-simple"},"brands":[{"id":115,"name":"PETZL","slug":"petzl"}],"_links":{"self":[{"href":"https:\/\/rrunning.tribalt.agency\/index.php?rest_route=\/wp\/v2\/product\/2704","targetHints":{"allow":["GET"]}}],"collection":[{"href":"https:\/\/rrunning.tribalt.agency\/index.php?rest_route=\/wp\/v2\/product"}],"about":[{"href":"https:\/\/rrunning.tribalt.agency\/index.php?rest_route=\/wp\/v2\/types\/product"}],"wp:featuredmedia":[{"embeddable":true,"href":"https:\/\/rrunning.tribalt.agency\/index.php?rest_route=\/wp\/v2\/media\/2733"}],"wp:attachment":[{"href":"https:\/\/rrunning.tribalt.agency\/index.php?rest_route=%2Fwp%2Fv2%2Fmedia&parent=2704"}],"wp:term":[{"taxonomy":"pwb-brand","embeddable":true,"href":"https:\/\/rrunning.tribalt.agency\/index.php?rest_route=%2Fwp%2Fv2%2Fpwb-brand&post=2704"},{"taxonomy":"product_brand","embeddable":true,"href":"https:\/\/rrunning.tribalt.agency\/index.php?rest_route=%2Fwp%2Fv2%2Fproduct_brand&post=2704"},{"taxonomy":"product_cat","embeddable":true,"href":"https:\/\/rrunning.tribalt.agency\/index.php?rest_route=%2Fwp%2Fv2%2Fproduct_cat&post=2704"},{"taxonomy":"product_tag","embeddable":true,"href":"https:\/\/rrunning.tribalt.agency\/index.php?rest_route=%2Fwp%2Fv2%2Fproduct_tag&post=2704"}],"curies":[{"name":"wp","href":"https:\/\/api.w.org\/{rel}","templated":true}]}}