{"id":2693,"date":"2025-08-04T15:45:46","date_gmt":"2025-08-04T13:45:46","guid":{"rendered":"https:\/\/rrunning.tribalt.agency\/?post_type=product&#038;p=2693"},"modified":"2025-09-01T15:32:01","modified_gmt":"2025-09-01T13:32:01","slug":"lampe-actik-gray-copie","status":"publish","type":"product","link":"https:\/\/rrunning.tribalt.agency\/?product=lampe-actik-gray-copie","title":{"rendered":"LAMPE NAO RL"},"content":{"rendered":"<div class=\"productDescription\">\n<div class=\"productDescription\">\n<p class=\"productSubtitle\">Lampe frontale ergonomique, ultra puissante et rechargeable, dot\u00e9e de la technologie REACTIVE LIGHTING\u00ae. 1500 lumens<\/p>\n<div class=\"productCaracteristiquesPosition inlineblock\">\n<p class=\"productCaracteristiques inlineblock\">La nouvelle ic\u00f4ne des trails et ultra-trails ! La lampe frontale rechargeable NAO RL vous offre une puissance de 1500 lumens pour seulement 145 grammes. Confortable, son bandeau s\u2019ajuste facilement et conserve un excellent maintien tout au long de vos courses longues et engag\u00e9es. Gr\u00e2ce \u00e0 la technologie REACTIVE LIGHTING\u00ae, la puissance de son \u00e9clairage s'adapte automatiquement \u00e0 la luminosit\u00e9 ambiante. Les manipulations sont r\u00e9duites et l'autonomie est optimis\u00e9e. Son \u00e9clairage rouge \u00e0 l\u2019arri\u00e8re vous assure \u00e9galement d'\u00eatre bien visible de nuit.<\/p>\n<\/div>\n<\/div>\n<\/div>\n","protected":false},"excerpt":{"rendered":"<p>Lampe frontale ergonomique, ultra puissante et rechargeable, dot\u00e9e de la technologie REACTIVE LIGHTING\u00ae. 1500 lumens La nouvelle ic\u00f4ne des trails et ultra-trails ! La lampe frontale rechargeable NAO RL vous offre une puissance de 1500 lumens pour seulement 145 grammes. Confortable, son bandeau s\u2019ajuste facilement et conserve un excellent maintien tout au long de vos [&hellip;]<\/p>\n","protected":false},"featured_media":2731,"template":"","meta":[],"pwb-brand":[115],"product_brand":[],"product_cat":[30],"product_tag":[],"class_list":{"0":"post-2693","1":"product","2":"type-product","3":"status-publish","4":"has-post-thumbnail","6":"pwb-brand-petzl","7":"product_cat-frontales","9":"first","10":"instock","11":"shipping-taxable","12":"purchasable","13":"product-type-simple"},"brands":[{"id":115,"name":"PETZL","slug":"petzl"}],"_links":{"self":[{"href":"https:\/\/rrunning.tribalt.agency\/index.php?rest_route=\/wp\/v2\/product\/2693","targetHints":{"allow":["GET"]}}],"collection":[{"href":"https:\/\/rrunning.tribalt.agency\/index.php?rest_route=\/wp\/v2\/product"}],"about":[{"href":"https:\/\/rrunning.tribalt.agency\/index.php?rest_route=\/wp\/v2\/types\/product"}],"wp:featuredmedia":[{"embeddable":true,"href":"https:\/\/rrunning.tribalt.agency\/index.php?rest_route=\/wp\/v2\/media\/2731"}],"wp:attachment":[{"href":"https:\/\/rrunning.tribalt.agency\/index.php?rest_route=%2Fwp%2Fv2%2Fmedia&parent=2693"}],"wp:term":[{"taxonomy":"pwb-brand","embeddable":true,"href":"https:\/\/rrunning.tribalt.agency\/index.php?rest_route=%2Fwp%2Fv2%2Fpwb-brand&post=2693"},{"taxonomy":"product_brand","embeddable":true,"href":"https:\/\/rrunning.tribalt.agency\/index.php?rest_route=%2Fwp%2Fv2%2Fproduct_brand&post=2693"},{"taxonomy":"product_cat","embeddable":true,"href":"https:\/\/rrunning.tribalt.agency\/index.php?rest_route=%2Fwp%2Fv2%2Fproduct_cat&post=2693"},{"taxonomy":"product_tag","embeddable":true,"href":"https:\/\/rrunning.tribalt.agency\/index.php?rest_route=%2Fwp%2Fv2%2Fproduct_tag&post=2693"}],"curies":[{"name":"wp","href":"https:\/\/api.w.org\/{rel}","templated":true}]}}