{"id":2691,"date":"2025-08-04T15:43:24","date_gmt":"2025-08-04T13:43:24","guid":{"rendered":"https:\/\/rrunning.tribalt.agency\/?post_type=product&#038;p=2691"},"modified":"2025-09-01T15:32:12","modified_gmt":"2025-09-01T13:32:12","slug":"lampe-actik-gray","status":"publish","type":"product","link":"https:\/\/rrunning.tribalt.agency\/?product=lampe-actik-gray","title":{"rendered":"LAMPE ACTIK GRAY"},"content":{"rendered":"<div class=\"productDescription\">\n<p class=\"productSubtitle\">Lampe frontale puissante facile \u00e0 utiliser avec \u00e9clairage rouge. 450 lumens<\/p>\n<div class=\"productCaracteristiquesPosition inlineblock\">\n<p class=\"productCaracteristiques inlineblock\">La lampe frontale id\u00e9ale pour prolonger vos activit\u00e9s outdoor dynamiques. Avec ses 450 lumens, ACTIK procure un \u00e9clairage puissant et confortable pour vous suivre dans vos sorties running, trekking ou alpinisme. Son r\u00e9flecteur phosphorescent vous permet de la retrouver facilement dans le noir et son \u00e9clairage rouge \u00e9vite d'\u00e9blouir votre entourage. Livr\u00e9e avec trois piles, ACTIK est aussi compatible avec la batterie rechargeable CORE, gr\u00e2ce \u00e0 la construction HYBRID CONCEPT. Pour un usage fr\u00e9quent, privil\u00e9giez la version rechargeable ACTIK CORE.<\/p>\n<\/div>\n<\/div>\n","protected":false},"excerpt":{"rendered":"<p>Lampe frontale puissante facile \u00e0 utiliser avec \u00e9clairage rouge. 450 lumens La lampe frontale id\u00e9ale pour prolonger vos activit\u00e9s outdoor dynamiques. Avec ses 450 lumens, ACTIK procure un \u00e9clairage puissant et confortable pour vous suivre dans vos sorties running, trekking ou alpinisme. Son r\u00e9flecteur phosphorescent vous permet de la retrouver facilement dans le noir et [&hellip;]<\/p>\n","protected":false},"featured_media":2730,"template":"","meta":[],"pwb-brand":[115],"product_brand":[],"product_cat":[30],"product_tag":[],"class_list":{"0":"post-2691","1":"product","2":"type-product","3":"status-publish","4":"has-post-thumbnail","6":"pwb-brand-petzl","7":"product_cat-frontales","9":"first","10":"instock","11":"shipping-taxable","12":"purchasable","13":"product-type-simple"},"brands":[{"id":115,"name":"PETZL","slug":"petzl"}],"_links":{"self":[{"href":"https:\/\/rrunning.tribalt.agency\/index.php?rest_route=\/wp\/v2\/product\/2691","targetHints":{"allow":["GET"]}}],"collection":[{"href":"https:\/\/rrunning.tribalt.agency\/index.php?rest_route=\/wp\/v2\/product"}],"about":[{"href":"https:\/\/rrunning.tribalt.agency\/index.php?rest_route=\/wp\/v2\/types\/product"}],"wp:featuredmedia":[{"embeddable":true,"href":"https:\/\/rrunning.tribalt.agency\/index.php?rest_route=\/wp\/v2\/media\/2730"}],"wp:attachment":[{"href":"https:\/\/rrunning.tribalt.agency\/index.php?rest_route=%2Fwp%2Fv2%2Fmedia&parent=2691"}],"wp:term":[{"taxonomy":"pwb-brand","embeddable":true,"href":"https:\/\/rrunning.tribalt.agency\/index.php?rest_route=%2Fwp%2Fv2%2Fpwb-brand&post=2691"},{"taxonomy":"product_brand","embeddable":true,"href":"https:\/\/rrunning.tribalt.agency\/index.php?rest_route=%2Fwp%2Fv2%2Fproduct_brand&post=2691"},{"taxonomy":"product_cat","embeddable":true,"href":"https:\/\/rrunning.tribalt.agency\/index.php?rest_route=%2Fwp%2Fv2%2Fproduct_cat&post=2691"},{"taxonomy":"product_tag","embeddable":true,"href":"https:\/\/rrunning.tribalt.agency\/index.php?rest_route=%2Fwp%2Fv2%2Fproduct_tag&post=2691"}],"curies":[{"name":"wp","href":"https:\/\/api.w.org\/{rel}","templated":true}]}}