{"id":269,"date":"2025-04-04T15:25:31","date_gmt":"2025-04-04T13:25:31","guid":{"rendered":"https:\/\/rrunning.tribalt.agency\/?post_type=product&#038;p=269"},"modified":"2025-09-02T10:28:09","modified_gmt":"2025-09-02T08:28:09","slug":"launch-11","status":"publish","type":"product","link":"https:\/\/rrunning.tribalt.agency\/?product=launch-11","title":{"rendered":"LAUNCH 11"},"content":{"rendered":"<p><strong>BLACK\/WHITE<\/strong><\/p>\n<p>D\u00e9passe ton rythme avec ces chaussures de running l\u00e9g\u00e8res pour homme. La Launch\u00a011 permet une course rapide et polyvalente gr\u00e2ce \u00e0 un amorti l\u00e9ger et r\u00e9actif et \u00e0 une tige profil\u00e9e et respirante pour aider \u00e0 \u00e9liminer les distractions pendant l\u2019exercice.<\/p>\n<h3 class=\"a-type-h6--big m-long-description__label u-spacing-x-small--bottom\">aract\u00e9ristiques<\/h3>\n<ul class=\"m-long-description__features\">\n<li class=\"m-long-description__feature\">Amorti r\u00e9actif<\/li>\n<li class=\"m-long-description__feature\">Chaussant s\u00fbr respirant<\/li>\n<li class=\"m-long-description__feature\">Transitions fluides et rapides<\/li>\n<\/ul>\n<p><em>Drop de 8 mm<\/em><\/p>\n","protected":false},"excerpt":{"rendered":"<p>BLACK\/WHITE D\u00e9passe ton rythme avec ces chaussures de running l\u00e9g\u00e8res pour homme. La Launch\u00a011 permet une course rapide et polyvalente gr\u00e2ce \u00e0 un amorti l\u00e9ger et r\u00e9actif et \u00e0 une tige profil\u00e9e et respirante pour aider \u00e0 \u00e9liminer les distractions pendant l\u2019exercice. aract\u00e9ristiques Amorti r\u00e9actif Chaussant s\u00fbr respirant Transitions fluides et rapides Drop de 8 [&hellip;]<\/p>\n","protected":false},"featured_media":2581,"template":"","meta":[],"pwb-brand":[92],"product_brand":[],"product_cat":[42],"product_tag":[],"class_list":{"0":"post-269","1":"product","2":"type-product","3":"status-publish","4":"has-post-thumbnail","6":"pwb-brand-brooks","7":"product_cat-route-chaussures-hommes","9":"first","10":"instock","11":"sale","12":"shipping-taxable","13":"purchasable","14":"product-type-simple"},"brands":[{"id":92,"name":"BROOKS","slug":"brooks"}],"_links":{"self":[{"href":"https:\/\/rrunning.tribalt.agency\/index.php?rest_route=\/wp\/v2\/product\/269","targetHints":{"allow":["GET"]}}],"collection":[{"href":"https:\/\/rrunning.tribalt.agency\/index.php?rest_route=\/wp\/v2\/product"}],"about":[{"href":"https:\/\/rrunning.tribalt.agency\/index.php?rest_route=\/wp\/v2\/types\/product"}],"wp:featuredmedia":[{"embeddable":true,"href":"https:\/\/rrunning.tribalt.agency\/index.php?rest_route=\/wp\/v2\/media\/2581"}],"wp:attachment":[{"href":"https:\/\/rrunning.tribalt.agency\/index.php?rest_route=%2Fwp%2Fv2%2Fmedia&parent=269"}],"wp:term":[{"taxonomy":"pwb-brand","embeddable":true,"href":"https:\/\/rrunning.tribalt.agency\/index.php?rest_route=%2Fwp%2Fv2%2Fpwb-brand&post=269"},{"taxonomy":"product_brand","embeddable":true,"href":"https:\/\/rrunning.tribalt.agency\/index.php?rest_route=%2Fwp%2Fv2%2Fproduct_brand&post=269"},{"taxonomy":"product_cat","embeddable":true,"href":"https:\/\/rrunning.tribalt.agency\/index.php?rest_route=%2Fwp%2Fv2%2Fproduct_cat&post=269"},{"taxonomy":"product_tag","embeddable":true,"href":"https:\/\/rrunning.tribalt.agency\/index.php?rest_route=%2Fwp%2Fv2%2Fproduct_tag&post=269"}],"curies":[{"name":"wp","href":"https:\/\/api.w.org\/{rel}","templated":true}]}}