{"id":2685,"date":"2025-08-04T15:48:43","date_gmt":"2025-08-04T13:48:43","guid":{"rendered":"https:\/\/rrunning.tribalt.agency\/?post_type=product&#038;p=2685"},"modified":"2025-08-27T16:14:00","modified_gmt":"2025-08-27T14:14:00","slug":"saucony-kinvara-16","status":"publish","type":"product","link":"https:\/\/rrunning.tribalt.agency\/?product=saucony-kinvara-16","title":{"rendered":"SAUCONY  KINVARA 16"},"content":{"rendered":"<p>KINVARA 16<\/p>\n<p>Couleur : white\/red<\/p>\n<div id=\"tw-container\" class=\"nev7se\" data-cp=\"1\" data-nnttsvi=\"1\" data-ntl-fpwrite=\"true\" data-sletp=\"false\" data-sm=\"1\" data-ssbp=\"false\" data-sugg-time=\"500\" data-sugg-url=\"https:\/\/clients1.google.com\/complete\/search\" data-uilc=\"fr\" data-vil=\",af,af-ZA,am,am-ET,ar-EG,ar-AE,ar-KW,ar-QA,ar,ar-IL,ar-JO,ar-LB,ar-PS,az,az-AZ,bg,bg-BG,bn,bn-BD,bn-IN,ca,ca-es,cs,cs-CZ,de,de-DE,de-CH,de-AT,de-LI,en,en-US,en-CA,en-AU,en-NZ,en-GB,en-IN,en-KE,en-TZ,en-NG,en-GH,en-PH,en-ZA,es,es-ES,es-AR,es-UY,es-419,es-BO,es-CL,es-CR,es-CO,es-DO,es-EC,es-GT,es-HN,es-NI,es-PA,es-PE,es-PR,es-PY,es-SV,es-VE,es-MX,es-US,eu,eu-ES,fi,fi-FI,fr,fr-FR,fr-CH,fr-BE,gl,gl-ES,gu,gu-IN,he,he-IL,iw,iw-IL,hu,hu-HU,hy,hy-AM,id,id-ID,is,is-IS,it,it-IT,it-CH,ja,ja-JP,jv,jv-ID,ka,ka-GE,km,km-KH,kn,kn-IN,ko,ko-KR,la,lo,lo-LA,lv,lv-LV,ml,ml-IN,mr,mr-IN,ms,ms-MY,nl,nl-NL,nb,nb-NO,ne,ne-NP,pl,pl-PL,pt,pt-BR,pt-PT,ro,ro-RO,ru,ru-RU,si-LK,sk,sk-SK,sr,sr-RS,su,su-ID,sv,sv-SE,sw,sw-TZ,sw-KE,ta,ta-IN,ta-SG,ta-LK,ta-MY,te,te-IN,tr,tr-TR,ur,ur-PK,ur-IN,yue,yue-HK,yue-Hant-HK,zh-HK,zh,zh-CN,zh-cmn,zh-cmn-CN,zh-Hans,zh-Hans-CN,zh-cmn-Hans,zh-cmn-Hans-CN,cmn-CN,cmn-Hans,cmn-Hans-CN,zh-TW,zh-Hant-TW,cmn-TW,cmn-Hant-TW,zh-cmn-TW,zh-cmn-Hant-TW,zu,zu-ZA\">\n<div>\n<div>\n<div id=\"tw-ob\" class=\"tw-src-ltr\">\n<div class=\"oSioSc\">\n<div id=\"tw-target\">\n<div id=\"kAz1tf\" class=\"g9WsWb PZPZlf\" data-attrid=\"tw-targetArea\" data-entityname=\"Google Translate\">\n<div id=\"tw-target-text-container\" class=\"tw-ta-container tw-nfl\" tabindex=\"0\" role=\"text\">\n<pre id=\"tw-target-text\" class=\"tw-data-text tw-text-large tw-ta\" dir=\"ltr\" data-placeholder=\"Traduction\" data-ved=\"2ahUKEwi6947no_GOAxVUXEEAHZVGNh0Q3ewLegQICRAV\" aria-label=\"Texte traduit\u00a0: La vitesse, c'est encore mieux. La Kinvara 16 est votre chaussure d'entra\u00eenement l\u00e9g\u00e8re de tous les jours, repens\u00e9e pour une foul\u00e9e encore plus fluide et dynamique. Avec son amorti PWRRUN am\u00e9lior\u00e9 pour un meilleur rebond et une meilleure durabilit\u00e9, et sa g\u00e9om\u00e9trie affin\u00e9e pour des transitions fluides, elle est con\u00e7ue pour les coureurs qui recherchent l\u00e9g\u00e8ret\u00e9, rapidit\u00e9 et confort, jour apr\u00e8s jour.\"><span class=\"Y2IQFc\" lang=\"fr\">La vitesse, c'est encore mieux. La Kinvara 16 est votre chaussure d'entra\u00eenement l\u00e9g\u00e8re de tous les jours, \r\nrepens\u00e9e pour une foul\u00e9e encore plus fluide et dynamique. Avec son amorti PWRRUN am\u00e9lior\u00e9 pour un meilleur rebond et une meilleure durabilit\u00e9, \r\net sa g\u00e9om\u00e9trie affin\u00e9e pour des transitions fluides, elle est con\u00e7ue pour les coureurs qui recherchent l\u00e9g\u00e8ret\u00e9, rapidit\u00e9 et confort, jour apr\u00e8s jour.\r\n\r\nDrop : 8mm<\/span><\/pre>\n<\/div>\n<div id=\"tw-target-rmn-container\" class=\"tw-target-rmn tw-ta-container tw-nfl\" tabindex=\"0\" role=\"text\">\n<pre id=\"tw-target-rmn\" class=\"tw-data-placeholder tw-text-small tw-ta\" dir=\"ltr\" data-placeholder=\"\"><\/pre>\n<\/div>\n<div class=\"iYB33c\">\n<div id=\"tw-tmenu\" class=\"tw-menu\"><\/div>\n<\/div>\n<\/div>\n<\/div>\n<\/div>\n<\/div>\n<div id=\"tw-images\"><\/div>\n<div class=\"dURPtb\"><\/div>\n<div>\n<div><\/div>\n<\/div>\n<\/div>\n<\/div>\n<\/div>\n<div class=\"KFFQ0c xKf9F\"><\/div>\n<p>&nbsp;<\/p>\n","protected":false},"excerpt":{"rendered":"<p>KINVARA 16 Couleur : white\/red La vitesse, c'est encore mieux. La Kinvara 16 est votre chaussure d'entra\u00eenement l\u00e9g\u00e8re de tous les jours, repens\u00e9e pour une foul\u00e9e encore plus fluide et dynamique. Avec son amorti PWRRUN am\u00e9lior\u00e9 pour un meilleur rebond et une meilleure durabilit\u00e9, et sa g\u00e9om\u00e9trie affin\u00e9e pour des transitions fluides, elle est con\u00e7ue [&hellip;]<\/p>\n","protected":false},"featured_media":2723,"template":"","meta":[],"pwb-brand":[120],"product_brand":[],"product_cat":[40,42,22],"product_tag":[],"class_list":{"0":"post-2685","1":"product","2":"type-product","3":"status-publish","4":"has-post-thumbnail","6":"pwb-brand-saucony","7":"product_cat-chaussures-hommes","8":"product_cat-route-chaussures-hommes","9":"product_cat-running","11":"first","12":"instock","13":"shipping-taxable","14":"purchasable","15":"product-type-simple"},"brands":[{"id":120,"name":"SAUCONY","slug":"saucony"}],"_links":{"self":[{"href":"https:\/\/rrunning.tribalt.agency\/index.php?rest_route=\/wp\/v2\/product\/2685","targetHints":{"allow":["GET"]}}],"collection":[{"href":"https:\/\/rrunning.tribalt.agency\/index.php?rest_route=\/wp\/v2\/product"}],"about":[{"href":"https:\/\/rrunning.tribalt.agency\/index.php?rest_route=\/wp\/v2\/types\/product"}],"wp:featuredmedia":[{"embeddable":true,"href":"https:\/\/rrunning.tribalt.agency\/index.php?rest_route=\/wp\/v2\/media\/2723"}],"wp:attachment":[{"href":"https:\/\/rrunning.tribalt.agency\/index.php?rest_route=%2Fwp%2Fv2%2Fmedia&parent=2685"}],"wp:term":[{"taxonomy":"pwb-brand","embeddable":true,"href":"https:\/\/rrunning.tribalt.agency\/index.php?rest_route=%2Fwp%2Fv2%2Fpwb-brand&post=2685"},{"taxonomy":"product_brand","embeddable":true,"href":"https:\/\/rrunning.tribalt.agency\/index.php?rest_route=%2Fwp%2Fv2%2Fproduct_brand&post=2685"},{"taxonomy":"product_cat","embeddable":true,"href":"https:\/\/rrunning.tribalt.agency\/index.php?rest_route=%2Fwp%2Fv2%2Fproduct_cat&post=2685"},{"taxonomy":"product_tag","embeddable":true,"href":"https:\/\/rrunning.tribalt.agency\/index.php?rest_route=%2Fwp%2Fv2%2Fproduct_tag&post=2685"}],"curies":[{"name":"wp","href":"https:\/\/api.w.org\/{rel}","templated":true}]}}