{"id":2680,"date":"2025-08-04T15:36:32","date_gmt":"2025-08-04T13:36:32","guid":{"rendered":"https:\/\/rrunning.tribalt.agency\/?post_type=product&#038;p=2680"},"modified":"2025-08-04T15:38:26","modified_gmt":"2025-08-04T13:38:26","slug":"bike-adapt","status":"publish","type":"product","link":"https:\/\/rrunning.tribalt.agency\/?product=bike-adapt","title":{"rendered":"BIKE ADAPT"},"content":{"rendered":"<div class=\"productDescription\">\n<p class=\"productSubtitle\">Platine pour la fixation d'une lampe frontale Petzl sur un guidon de v\u00e9lo ou une tige de selle<\/p>\n<div class=\"productCaracteristiquesPosition inlineblock\">\n<h3 class=\"special-h3\">Descriptif<\/h3>\n<div class=\"list\">\n<ul>\n<li>S'installe sur un guidon de v\u00e9lo ou une tige de selle dont le diam\u00e8tre est compris entre 22 et 30 mm.<\/li>\n<li>Compatible avec les lampes frontales TIKKINA, TIKKA, BINDI, ACTIK, ACTIK CORE (version avant 2022).\n<p>NB : Attention, lors d\u2019une utilisation dans une zone r\u00e9glement\u00e9e par un code de la route, les \u00e9clairages Petzl ne se substituent pas aux \u00e9clairages norm\u00e9s obligatoires.<\/li>\n<\/ul>\n<\/div>\n<\/div>\n<\/div>\n","protected":false},"excerpt":{"rendered":"<p>Platine pour la fixation d'une lampe frontale Petzl sur un guidon de v\u00e9lo ou une tige de selle Descriptif S'installe sur un guidon de v\u00e9lo ou une tige de selle dont le diam\u00e8tre est compris entre 22 et 30 mm. Compatible avec les lampes frontales TIKKINA, TIKKA, BINDI, ACTIK, ACTIK CORE (version avant 2022). NB [&hellip;]<\/p>\n","protected":false},"featured_media":2681,"template":"","meta":[],"pwb-brand":[115],"product_brand":[],"product_cat":[29,64],"product_tag":[],"class_list":{"0":"post-2680","1":"product","2":"type-product","3":"status-publish","4":"has-post-thumbnail","6":"pwb-brand-petzl","7":"product_cat-electronique","8":"product_cat-electronique-equipement","10":"first","11":"instock","12":"shipping-taxable","13":"purchasable","14":"product-type-simple"},"brands":[{"id":115,"name":"PETZL","slug":"petzl"}],"_links":{"self":[{"href":"https:\/\/rrunning.tribalt.agency\/index.php?rest_route=\/wp\/v2\/product\/2680","targetHints":{"allow":["GET"]}}],"collection":[{"href":"https:\/\/rrunning.tribalt.agency\/index.php?rest_route=\/wp\/v2\/product"}],"about":[{"href":"https:\/\/rrunning.tribalt.agency\/index.php?rest_route=\/wp\/v2\/types\/product"}],"wp:featuredmedia":[{"embeddable":true,"href":"https:\/\/rrunning.tribalt.agency\/index.php?rest_route=\/wp\/v2\/media\/2681"}],"wp:attachment":[{"href":"https:\/\/rrunning.tribalt.agency\/index.php?rest_route=%2Fwp%2Fv2%2Fmedia&parent=2680"}],"wp:term":[{"taxonomy":"pwb-brand","embeddable":true,"href":"https:\/\/rrunning.tribalt.agency\/index.php?rest_route=%2Fwp%2Fv2%2Fpwb-brand&post=2680"},{"taxonomy":"product_brand","embeddable":true,"href":"https:\/\/rrunning.tribalt.agency\/index.php?rest_route=%2Fwp%2Fv2%2Fproduct_brand&post=2680"},{"taxonomy":"product_cat","embeddable":true,"href":"https:\/\/rrunning.tribalt.agency\/index.php?rest_route=%2Fwp%2Fv2%2Fproduct_cat&post=2680"},{"taxonomy":"product_tag","embeddable":true,"href":"https:\/\/rrunning.tribalt.agency\/index.php?rest_route=%2Fwp%2Fv2%2Fproduct_tag&post=2680"}],"curies":[{"name":"wp","href":"https:\/\/api.w.org\/{rel}","templated":true}]}}