{"id":2673,"date":"2025-08-04T15:34:07","date_gmt":"2025-08-04T13:34:07","guid":{"rendered":"https:\/\/rrunning.tribalt.agency\/?post_type=product&#038;p=2673"},"modified":"2025-08-04T16:20:46","modified_gmt":"2025-08-04T14:20:46","slug":"batterie-rechargeable-r1","status":"publish","type":"product","link":"https:\/\/rrunning.tribalt.agency\/?product=batterie-rechargeable-r1","title":{"rendered":"BATTERIE RECHARGEABLE R1"},"content":{"rendered":"<p class=\"productSubtitle\">Batterie rechargeable pour lampe frontale NAO\u00ae RL<\/p>\n<div class=\"productCaracteristiquesPosition inlineblock\">\n<p class=\"productCaracteristiques inlineblock\">La batterie rechargeable R1 Lithium-Ion garantit de hautes performances pour la lampe NAO RL, m\u00eame \u00e0 basses temp\u00e9ratures. Elle se recharge via une prise micro USB de type C et dispose d'une jauge \u00e0 cinq niveaux indiquant avec pr\u00e9cision le niveau de la batterie. Elle est \u00e9quip\u00e9e d'un \u00e9clairage rouge pour \u00eatre visible \u00e0 l'arri\u00e8re et elle peut \u00eatre utilis\u00e9e en d\u00e9pannage comme batterie de secours pour recharger d'autres appareils \u00e9lectroniques.<\/p>\n<\/div>\n","protected":false},"excerpt":{"rendered":"<p>Batterie rechargeable pour lampe frontale NAO\u00ae RL La batterie rechargeable R1 Lithium-Ion garantit de hautes performances pour la lampe NAO RL, m\u00eame \u00e0 basses temp\u00e9ratures. Elle se recharge via une prise micro USB de type C et dispose d'une jauge \u00e0 cinq niveaux indiquant avec pr\u00e9cision le niveau de la batterie. Elle est \u00e9quip\u00e9e d'un [&hellip;]<\/p>\n","protected":false},"featured_media":2739,"template":"","meta":[],"pwb-brand":[115],"product_brand":[],"product_cat":[29,64],"product_tag":[],"class_list":{"0":"post-2673","1":"product","2":"type-product","3":"status-publish","4":"has-post-thumbnail","6":"pwb-brand-petzl","7":"product_cat-electronique","8":"product_cat-electronique-equipement","10":"first","11":"instock","12":"shipping-taxable","13":"purchasable","14":"product-type-simple"},"brands":[{"id":115,"name":"PETZL","slug":"petzl"}],"_links":{"self":[{"href":"https:\/\/rrunning.tribalt.agency\/index.php?rest_route=\/wp\/v2\/product\/2673","targetHints":{"allow":["GET"]}}],"collection":[{"href":"https:\/\/rrunning.tribalt.agency\/index.php?rest_route=\/wp\/v2\/product"}],"about":[{"href":"https:\/\/rrunning.tribalt.agency\/index.php?rest_route=\/wp\/v2\/types\/product"}],"wp:featuredmedia":[{"embeddable":true,"href":"https:\/\/rrunning.tribalt.agency\/index.php?rest_route=\/wp\/v2\/media\/2739"}],"wp:attachment":[{"href":"https:\/\/rrunning.tribalt.agency\/index.php?rest_route=%2Fwp%2Fv2%2Fmedia&parent=2673"}],"wp:term":[{"taxonomy":"pwb-brand","embeddable":true,"href":"https:\/\/rrunning.tribalt.agency\/index.php?rest_route=%2Fwp%2Fv2%2Fpwb-brand&post=2673"},{"taxonomy":"product_brand","embeddable":true,"href":"https:\/\/rrunning.tribalt.agency\/index.php?rest_route=%2Fwp%2Fv2%2Fproduct_brand&post=2673"},{"taxonomy":"product_cat","embeddable":true,"href":"https:\/\/rrunning.tribalt.agency\/index.php?rest_route=%2Fwp%2Fv2%2Fproduct_cat&post=2673"},{"taxonomy":"product_tag","embeddable":true,"href":"https:\/\/rrunning.tribalt.agency\/index.php?rest_route=%2Fwp%2Fv2%2Fproduct_tag&post=2673"}],"curies":[{"name":"wp","href":"https:\/\/api.w.org\/{rel}","templated":true}]}}