{"id":2670,"date":"2025-08-04T15:33:35","date_gmt":"2025-08-04T13:33:35","guid":{"rendered":"https:\/\/rrunning.tribalt.agency\/?post_type=product&#038;p=2670"},"modified":"2025-08-04T15:36:08","modified_gmt":"2025-08-04T13:36:08","slug":"accu-core","status":"publish","type":"product","link":"https:\/\/rrunning.tribalt.agency\/?product=accu-core","title":{"rendered":"ACCU CORE"},"content":{"rendered":"<p class=\"productSubtitle\">Batterie rechargeable compatible avec les lampes frontales Petzl dot\u00e9es de la construction HYBRID CONCEPT<\/p>\n<div class=\"productCaracteristiquesPosition inlineblock\">\n<p class=\"productCaracteristiques inlineblock\">Batterie rechargeable pour les lampes frontales Petzl dot\u00e9es de la construction HYBRID CONCEPT : TIKKID, TIKKINA, TIKKA, ACTIK, ARIA et IKO. Sa grande capacit\u00e9 lithium-ion 1250 mAh garantit de hautes performances d'\u00e9clairage, m\u00eame \u00e0 basses temp\u00e9ratures. Elle se recharge directement via sa prise USB-C int\u00e9gr\u00e9e. Id\u00e9ale pour un usage fr\u00e9quent \u00e0 intensif, la batterie rechargeable CORE constitue une solution \u00e9conomique, durable et responsable.<\/p>\n<\/div>\n","protected":false},"excerpt":{"rendered":"<p>Batterie rechargeable compatible avec les lampes frontales Petzl dot\u00e9es de la construction HYBRID CONCEPT Batterie rechargeable pour les lampes frontales Petzl dot\u00e9es de la construction HYBRID CONCEPT : TIKKID, TIKKINA, TIKKA, ACTIK, ARIA et IKO. Sa grande capacit\u00e9 lithium-ion 1250 mAh garantit de hautes performances d'\u00e9clairage, m\u00eame \u00e0 basses temp\u00e9ratures. Elle se recharge directement via [&hellip;]<\/p>\n","protected":false},"featured_media":2671,"template":"","meta":[],"pwb-brand":[115],"product_brand":[],"product_cat":[29,64],"product_tag":[],"class_list":{"0":"post-2670","1":"product","2":"type-product","3":"status-publish","4":"has-post-thumbnail","6":"pwb-brand-petzl","7":"product_cat-electronique","8":"product_cat-electronique-equipement","10":"first","11":"instock","12":"shipping-taxable","13":"purchasable","14":"product-type-simple"},"brands":[{"id":115,"name":"PETZL","slug":"petzl"}],"_links":{"self":[{"href":"https:\/\/rrunning.tribalt.agency\/index.php?rest_route=\/wp\/v2\/product\/2670","targetHints":{"allow":["GET"]}}],"collection":[{"href":"https:\/\/rrunning.tribalt.agency\/index.php?rest_route=\/wp\/v2\/product"}],"about":[{"href":"https:\/\/rrunning.tribalt.agency\/index.php?rest_route=\/wp\/v2\/types\/product"}],"wp:featuredmedia":[{"embeddable":true,"href":"https:\/\/rrunning.tribalt.agency\/index.php?rest_route=\/wp\/v2\/media\/2671"}],"wp:attachment":[{"href":"https:\/\/rrunning.tribalt.agency\/index.php?rest_route=%2Fwp%2Fv2%2Fmedia&parent=2670"}],"wp:term":[{"taxonomy":"pwb-brand","embeddable":true,"href":"https:\/\/rrunning.tribalt.agency\/index.php?rest_route=%2Fwp%2Fv2%2Fpwb-brand&post=2670"},{"taxonomy":"product_brand","embeddable":true,"href":"https:\/\/rrunning.tribalt.agency\/index.php?rest_route=%2Fwp%2Fv2%2Fproduct_brand&post=2670"},{"taxonomy":"product_cat","embeddable":true,"href":"https:\/\/rrunning.tribalt.agency\/index.php?rest_route=%2Fwp%2Fv2%2Fproduct_cat&post=2670"},{"taxonomy":"product_tag","embeddable":true,"href":"https:\/\/rrunning.tribalt.agency\/index.php?rest_route=%2Fwp%2Fv2%2Fproduct_tag&post=2670"}],"curies":[{"name":"wp","href":"https:\/\/api.w.org\/{rel}","templated":true}]}}