{"id":2665,"date":"2025-08-04T15:27:06","date_gmt":"2025-08-04T13:27:06","guid":{"rendered":"https:\/\/rrunning.tribalt.agency\/?post_type=product&#038;p=2665"},"modified":"2025-08-04T15:29:31","modified_gmt":"2025-08-04T13:29:31","slug":"openswim-noir","status":"publish","type":"product","link":"https:\/\/rrunning.tribalt.agency\/?product=openswim-noir","title":{"rendered":"OPENSWIM NOIR"},"content":{"rendered":"<p>OpenSwim am\u00e8ne l'\u00e9coute \u00e0 oreilles libres \u00e0 de nouveaux niveaux. La norme \u00e9tanche IP68 r\u00e9siste \u00e0 une immersion totale jusqu'\u00e0 2 m\u00e8tres d'eau. Avec une autonomie de 8h et une capacit\u00e9 de stockage de 1200 chansons, vous pouvez profiter en permanence de l'extraordinaire qualit\u00e9 du son sous-marin. C'est le choix imbattable pour la natation.<\/p>\n","protected":false},"excerpt":{"rendered":"<p>OpenSwim am\u00e8ne l'\u00e9coute \u00e0 oreilles libres \u00e0 de nouveaux niveaux. La norme \u00e9tanche IP68 r\u00e9siste \u00e0 une immersion totale jusqu'\u00e0 2 m\u00e8tres d'eau. Avec une autonomie de 8h et une capacit\u00e9 de stockage de 1200 chansons, vous pouvez profiter en permanence de l'extraordinaire qualit\u00e9 du son sous-marin. C'est le choix imbattable pour la natation.<\/p>\n","protected":false},"featured_media":2666,"template":"","meta":[],"pwb-brand":[122],"product_brand":[],"product_cat":[29],"product_tag":[],"class_list":{"0":"post-2665","1":"product","2":"type-product","3":"status-publish","4":"has-post-thumbnail","6":"pwb-brand-shokz","7":"product_cat-electronique","9":"first","10":"instock","11":"shipping-taxable","12":"purchasable","13":"product-type-simple"},"brands":[{"id":122,"name":"SHOKZ","slug":"shokz"}],"_links":{"self":[{"href":"https:\/\/rrunning.tribalt.agency\/index.php?rest_route=\/wp\/v2\/product\/2665","targetHints":{"allow":["GET"]}}],"collection":[{"href":"https:\/\/rrunning.tribalt.agency\/index.php?rest_route=\/wp\/v2\/product"}],"about":[{"href":"https:\/\/rrunning.tribalt.agency\/index.php?rest_route=\/wp\/v2\/types\/product"}],"wp:featuredmedia":[{"embeddable":true,"href":"https:\/\/rrunning.tribalt.agency\/index.php?rest_route=\/wp\/v2\/media\/2666"}],"wp:attachment":[{"href":"https:\/\/rrunning.tribalt.agency\/index.php?rest_route=%2Fwp%2Fv2%2Fmedia&parent=2665"}],"wp:term":[{"taxonomy":"pwb-brand","embeddable":true,"href":"https:\/\/rrunning.tribalt.agency\/index.php?rest_route=%2Fwp%2Fv2%2Fpwb-brand&post=2665"},{"taxonomy":"product_brand","embeddable":true,"href":"https:\/\/rrunning.tribalt.agency\/index.php?rest_route=%2Fwp%2Fv2%2Fproduct_brand&post=2665"},{"taxonomy":"product_cat","embeddable":true,"href":"https:\/\/rrunning.tribalt.agency\/index.php?rest_route=%2Fwp%2Fv2%2Fproduct_cat&post=2665"},{"taxonomy":"product_tag","embeddable":true,"href":"https:\/\/rrunning.tribalt.agency\/index.php?rest_route=%2Fwp%2Fv2%2Fproduct_tag&post=2665"}],"curies":[{"name":"wp","href":"https:\/\/api.w.org\/{rel}","templated":true}]}}