{"id":2654,"date":"2025-08-04T15:35:47","date_gmt":"2025-08-04T13:35:47","guid":{"rendered":"https:\/\/rrunning.tribalt.agency\/?post_type=product&#038;p=2654"},"modified":"2025-08-04T15:35:47","modified_gmt":"2025-08-04T13:35:47","slug":"saucony-endorphin-pro-4","status":"publish","type":"product","link":"https:\/\/rrunning.tribalt.agency\/?product=saucony-endorphin-pro-4","title":{"rendered":"SAUCONY  ENDORPHIN PRO 4"},"content":{"rendered":"<p>ENDORPHIN PRO 4<\/p>\n<p>Couleur : white\/mutant<\/p>\n<h3 class=\"highlights-title\">Caract\u00e9ristiques<\/h3>\n<div class=\"highlight\">Plaque de carbone Con\u00e7ue pour une rigidit\u00e9 longitudinale et une efficacit\u00e9 m\u00e9tabolique maximale.<\/div>\n<div class=\"highlight\">Technologie SPEEDROLL qui offre du rebond Vitesse sans effort et propulsion naturelle.<\/div>\n<div class=\"highlight\">Chaussant con\u00e7u pour la course Doublure du talon soyeuse et languette int\u00e9gr\u00e9e pour un contact confortable.<\/div>\n<div><\/div>\n<div>drop : 8mm<\/div>\n<div><\/div>\n<div><\/div>\n","protected":false},"excerpt":{"rendered":"<p>ENDORPHIN PRO 4 Couleur : white\/mutant Caract\u00e9ristiques Plaque de carbone Con\u00e7ue pour une rigidit\u00e9 longitudinale et une efficacit\u00e9 m\u00e9tabolique maximale. Technologie SPEEDROLL qui offre du rebond Vitesse sans effort et propulsion naturelle. Chaussant con\u00e7u pour la course Doublure du talon soyeuse et languette int\u00e9gr\u00e9e pour un contact confortable. drop : 8mm<\/p>\n","protected":false},"featured_media":2674,"template":"","meta":[],"pwb-brand":[120],"product_brand":[],"product_cat":[42,22],"product_tag":[],"class_list":{"0":"post-2654","1":"product","2":"type-product","3":"status-publish","4":"has-post-thumbnail","6":"pwb-brand-saucony","7":"product_cat-route-chaussures-hommes","8":"product_cat-running","10":"first","11":"instock","12":"shipping-taxable","13":"purchasable","14":"product-type-simple"},"brands":[{"id":120,"name":"SAUCONY","slug":"saucony"}],"_links":{"self":[{"href":"https:\/\/rrunning.tribalt.agency\/index.php?rest_route=\/wp\/v2\/product\/2654","targetHints":{"allow":["GET"]}}],"collection":[{"href":"https:\/\/rrunning.tribalt.agency\/index.php?rest_route=\/wp\/v2\/product"}],"about":[{"href":"https:\/\/rrunning.tribalt.agency\/index.php?rest_route=\/wp\/v2\/types\/product"}],"wp:featuredmedia":[{"embeddable":true,"href":"https:\/\/rrunning.tribalt.agency\/index.php?rest_route=\/wp\/v2\/media\/2674"}],"wp:attachment":[{"href":"https:\/\/rrunning.tribalt.agency\/index.php?rest_route=%2Fwp%2Fv2%2Fmedia&parent=2654"}],"wp:term":[{"taxonomy":"pwb-brand","embeddable":true,"href":"https:\/\/rrunning.tribalt.agency\/index.php?rest_route=%2Fwp%2Fv2%2Fpwb-brand&post=2654"},{"taxonomy":"product_brand","embeddable":true,"href":"https:\/\/rrunning.tribalt.agency\/index.php?rest_route=%2Fwp%2Fv2%2Fproduct_brand&post=2654"},{"taxonomy":"product_cat","embeddable":true,"href":"https:\/\/rrunning.tribalt.agency\/index.php?rest_route=%2Fwp%2Fv2%2Fproduct_cat&post=2654"},{"taxonomy":"product_tag","embeddable":true,"href":"https:\/\/rrunning.tribalt.agency\/index.php?rest_route=%2Fwp%2Fv2%2Fproduct_tag&post=2654"}],"curies":[{"name":"wp","href":"https:\/\/api.w.org\/{rel}","templated":true}]}}