{"id":2653,"date":"2025-08-04T15:15:49","date_gmt":"2025-08-04T13:15:49","guid":{"rendered":"https:\/\/rrunning.tribalt.agency\/?post_type=product&#038;p=2653"},"modified":"2025-08-04T15:26:44","modified_gmt":"2025-08-04T13:26:44","slug":"openrun-mini-usb-c-noir","status":"publish","type":"product","link":"https:\/\/rrunning.tribalt.agency\/?product=openrun-mini-usb-c-noir","title":{"rendered":"OPENRUN MINI USB-C NOIR"},"content":{"rendered":"<p><em><strong>Le Shokz Open Run Pro Mini est identique au mod\u00e8le Shokz Open Run Pro, mais se distingue par un tour de cou plus court de 21 mm pour un meilleur ajustement\u00a0<\/strong><\/em><\/p>\n<p>OpenRun (version \u00e0 charge rapide de l'Aeropex) : Aeropex est le mod\u00e8le le plus vendu de Shokz. Il a maintenant \u00e9t\u00e9 mis \u00e0 jour avec une fonction de charge rapide et a \u00e9t\u00e9 renomm\u00e9 OpenRun. En 10 minutes de recharge rapide, vous disposez de 1,5 heure d'autonomie d'\u00e9coute, ce qui vous permet de reprendre la route rapidement.<\/p>\n","protected":false},"excerpt":{"rendered":"<p>Le Shokz Open Run Pro Mini est identique au mod\u00e8le Shokz Open Run Pro, mais se distingue par un tour de cou plus court de 21 mm pour un meilleur ajustement\u00a0 OpenRun (version \u00e0 charge rapide de l'Aeropex) : Aeropex est le mod\u00e8le le plus vendu de Shokz. Il a maintenant \u00e9t\u00e9 mis \u00e0 jour [&hellip;]<\/p>\n","protected":false},"featured_media":2655,"template":"","meta":[],"pwb-brand":[122],"product_brand":[],"product_cat":[29],"product_tag":[],"class_list":{"0":"post-2653","1":"product","2":"type-product","3":"status-publish","4":"has-post-thumbnail","6":"pwb-brand-shokz","7":"product_cat-electronique","9":"first","10":"instock","11":"shipping-taxable","12":"purchasable","13":"product-type-simple"},"brands":[{"id":122,"name":"SHOKZ","slug":"shokz"}],"_links":{"self":[{"href":"https:\/\/rrunning.tribalt.agency\/index.php?rest_route=\/wp\/v2\/product\/2653","targetHints":{"allow":["GET"]}}],"collection":[{"href":"https:\/\/rrunning.tribalt.agency\/index.php?rest_route=\/wp\/v2\/product"}],"about":[{"href":"https:\/\/rrunning.tribalt.agency\/index.php?rest_route=\/wp\/v2\/types\/product"}],"wp:featuredmedia":[{"embeddable":true,"href":"https:\/\/rrunning.tribalt.agency\/index.php?rest_route=\/wp\/v2\/media\/2655"}],"wp:attachment":[{"href":"https:\/\/rrunning.tribalt.agency\/index.php?rest_route=%2Fwp%2Fv2%2Fmedia&parent=2653"}],"wp:term":[{"taxonomy":"pwb-brand","embeddable":true,"href":"https:\/\/rrunning.tribalt.agency\/index.php?rest_route=%2Fwp%2Fv2%2Fpwb-brand&post=2653"},{"taxonomy":"product_brand","embeddable":true,"href":"https:\/\/rrunning.tribalt.agency\/index.php?rest_route=%2Fwp%2Fv2%2Fproduct_brand&post=2653"},{"taxonomy":"product_cat","embeddable":true,"href":"https:\/\/rrunning.tribalt.agency\/index.php?rest_route=%2Fwp%2Fv2%2Fproduct_cat&post=2653"},{"taxonomy":"product_tag","embeddable":true,"href":"https:\/\/rrunning.tribalt.agency\/index.php?rest_route=%2Fwp%2Fv2%2Fproduct_tag&post=2653"}],"curies":[{"name":"wp","href":"https:\/\/api.w.org\/{rel}","templated":true}]}}