{"id":2649,"date":"2025-08-04T15:13:18","date_gmt":"2025-08-04T13:13:18","guid":{"rendered":"https:\/\/rrunning.tribalt.agency\/?post_type=product&#038;p=2649"},"modified":"2025-08-04T15:15:18","modified_gmt":"2025-08-04T13:15:18","slug":"openfit-2-2","status":"publish","type":"product","link":"https:\/\/rrunning.tribalt.agency\/?product=openfit-2-2","title":{"rendered":"OPENFIT 2+"},"content":{"rendered":"<p>OpenFit 2+ est dot\u00e9 de la derni\u00e8re technologie Shokz DualBoost\u2122 et de Dolby Audio, qui assurent une exp\u00e9rience d'\u00e9coute \u00e0 oreilles libres riche et dynamique, identique \u00e0 un concert live. G\u00e9rez les appels, la musique et tout le reste gr\u00e2ce \u00e0 un contr\u00f4le pr\u00e9cis avec les nouveaux boutons physiques. Avec son design confortable et ergonomique et sa couche int\u00e9rieure en silicone am\u00e9lior\u00e9e, OpenFit 2+ reste confortable et bien positionn\u00e9, ce qui vous permet de profiter pleinement de la musique tout au long de la journ\u00e9e.<\/p>\n","protected":false},"excerpt":{"rendered":"<p>OpenFit 2+ est dot\u00e9 de la derni\u00e8re technologie Shokz DualBoost\u2122 et de Dolby Audio, qui assurent une exp\u00e9rience d'\u00e9coute \u00e0 oreilles libres riche et dynamique, identique \u00e0 un concert live. G\u00e9rez les appels, la musique et tout le reste gr\u00e2ce \u00e0 un contr\u00f4le pr\u00e9cis avec les nouveaux boutons physiques. Avec son design confortable et ergonomique [&hellip;]<\/p>\n","protected":false},"featured_media":2650,"template":"","meta":[],"pwb-brand":[122],"product_brand":[],"product_cat":[29],"product_tag":[],"class_list":{"0":"post-2649","1":"product","2":"type-product","3":"status-publish","4":"has-post-thumbnail","6":"pwb-brand-shokz","7":"product_cat-electronique","9":"first","10":"instock","11":"shipping-taxable","12":"purchasable","13":"product-type-simple"},"brands":[{"id":122,"name":"SHOKZ","slug":"shokz"}],"_links":{"self":[{"href":"https:\/\/rrunning.tribalt.agency\/index.php?rest_route=\/wp\/v2\/product\/2649","targetHints":{"allow":["GET"]}}],"collection":[{"href":"https:\/\/rrunning.tribalt.agency\/index.php?rest_route=\/wp\/v2\/product"}],"about":[{"href":"https:\/\/rrunning.tribalt.agency\/index.php?rest_route=\/wp\/v2\/types\/product"}],"wp:featuredmedia":[{"embeddable":true,"href":"https:\/\/rrunning.tribalt.agency\/index.php?rest_route=\/wp\/v2\/media\/2650"}],"wp:attachment":[{"href":"https:\/\/rrunning.tribalt.agency\/index.php?rest_route=%2Fwp%2Fv2%2Fmedia&parent=2649"}],"wp:term":[{"taxonomy":"pwb-brand","embeddable":true,"href":"https:\/\/rrunning.tribalt.agency\/index.php?rest_route=%2Fwp%2Fv2%2Fpwb-brand&post=2649"},{"taxonomy":"product_brand","embeddable":true,"href":"https:\/\/rrunning.tribalt.agency\/index.php?rest_route=%2Fwp%2Fv2%2Fproduct_brand&post=2649"},{"taxonomy":"product_cat","embeddable":true,"href":"https:\/\/rrunning.tribalt.agency\/index.php?rest_route=%2Fwp%2Fv2%2Fproduct_cat&post=2649"},{"taxonomy":"product_tag","embeddable":true,"href":"https:\/\/rrunning.tribalt.agency\/index.php?rest_route=%2Fwp%2Fv2%2Fproduct_tag&post=2649"}],"curies":[{"name":"wp","href":"https:\/\/api.w.org\/{rel}","templated":true}]}}