{"id":2642,"date":"2025-08-04T15:08:16","date_gmt":"2025-08-04T13:08:16","guid":{"rendered":"https:\/\/rrunning.tribalt.agency\/?post_type=product&#038;p=2642"},"modified":"2025-08-04T15:09:11","modified_gmt":"2025-08-04T13:09:11","slug":"openfit-2-noir","status":"publish","type":"product","link":"https:\/\/rrunning.tribalt.agency\/?product=openfit-2-noir","title":{"rendered":"OPENFIT 2 NOIR"},"content":{"rendered":"<p>L\u2019OpenFit poursuit le concept d'\u00e9coute \u00e0 oreilles libres de Shokz, permettant aux utilisateurs de profiter d'un confort toute la journ\u00e9e et d'entendre leur propre bande sonore tout en restant ouverts au monde qui les entoure. L\u2019OpenFit propose une construction ultral\u00e9g\u00e8re \u00e0 oreilles libres qui permet d'entendre \u00e0 la fois votre propre audio et tous les sons environnants avec une clart\u00e9 cristalline.<br \/>\nLa technologie DirectPitch\u2122 offre une exp\u00e9rience audio compl\u00e8te pour vous immerger dans vos chansons, podcasts et livres audio pr\u00e9f\u00e9r\u00e9s. Un design d'attache auriculaire flexible allie stabilit\u00e9 et confort. Les moments sont pr\u00e9cieux, et l\u2019OpenFit vous donne la libert\u00e9 d'entendre chacun d'entre eux.<\/p>\n","protected":false},"excerpt":{"rendered":"<p>L\u2019OpenFit poursuit le concept d'\u00e9coute \u00e0 oreilles libres de Shokz, permettant aux utilisateurs de profiter d'un confort toute la journ\u00e9e et d'entendre leur propre bande sonore tout en restant ouverts au monde qui les entoure. L\u2019OpenFit propose une construction ultral\u00e9g\u00e8re \u00e0 oreilles libres qui permet d'entendre \u00e0 la fois votre propre audio et tous les [&hellip;]<\/p>\n","protected":false},"featured_media":2643,"template":"","meta":[],"pwb-brand":[122],"product_brand":[],"product_cat":[29],"product_tag":[],"class_list":{"0":"post-2642","1":"product","2":"type-product","3":"status-publish","4":"has-post-thumbnail","6":"pwb-brand-shokz","7":"product_cat-electronique","9":"first","10":"instock","11":"shipping-taxable","12":"purchasable","13":"product-type-simple"},"brands":[{"id":122,"name":"SHOKZ","slug":"shokz"}],"_links":{"self":[{"href":"https:\/\/rrunning.tribalt.agency\/index.php?rest_route=\/wp\/v2\/product\/2642","targetHints":{"allow":["GET"]}}],"collection":[{"href":"https:\/\/rrunning.tribalt.agency\/index.php?rest_route=\/wp\/v2\/product"}],"about":[{"href":"https:\/\/rrunning.tribalt.agency\/index.php?rest_route=\/wp\/v2\/types\/product"}],"wp:featuredmedia":[{"embeddable":true,"href":"https:\/\/rrunning.tribalt.agency\/index.php?rest_route=\/wp\/v2\/media\/2643"}],"wp:attachment":[{"href":"https:\/\/rrunning.tribalt.agency\/index.php?rest_route=%2Fwp%2Fv2%2Fmedia&parent=2642"}],"wp:term":[{"taxonomy":"pwb-brand","embeddable":true,"href":"https:\/\/rrunning.tribalt.agency\/index.php?rest_route=%2Fwp%2Fv2%2Fpwb-brand&post=2642"},{"taxonomy":"product_brand","embeddable":true,"href":"https:\/\/rrunning.tribalt.agency\/index.php?rest_route=%2Fwp%2Fv2%2Fproduct_brand&post=2642"},{"taxonomy":"product_cat","embeddable":true,"href":"https:\/\/rrunning.tribalt.agency\/index.php?rest_route=%2Fwp%2Fv2%2Fproduct_cat&post=2642"},{"taxonomy":"product_tag","embeddable":true,"href":"https:\/\/rrunning.tribalt.agency\/index.php?rest_route=%2Fwp%2Fv2%2Fproduct_tag&post=2642"}],"curies":[{"name":"wp","href":"https:\/\/api.w.org\/{rel}","templated":true}]}}