{"id":264,"date":"2025-04-04T15:19:36","date_gmt":"2025-04-04T13:19:36","guid":{"rendered":"https:\/\/rrunning.tribalt.agency\/?post_type=product&#038;p=264"},"modified":"2025-08-27T11:32:14","modified_gmt":"2025-08-27T09:32:14","slug":"glycerin-22","status":"publish","type":"product","link":"https:\/\/rrunning.tribalt.agency\/?product=glycerin-22","title":{"rendered":"GLYCERIN 22"},"content":{"rendered":"<p><strong>BLACK\/COBALT\/NEO YELLOW<\/strong><\/p>\n<p>N\u2019aies plus aucune limite avec cette chaussure de running super souple pour homme. La semelle interm\u00e9diaire est en DNA Tuned, un amorti innovant avec nitro-injection. Le talon contient de grandes cellules pour des contacts au sol en douceur, tandis que l\u2019avant-pied contient de petites cellules pour une propulsion \u00e9nergique.<\/p>\n<h3 class=\"a-type-h6--big m-long-description__label u-spacing-x-small--bottom\">Caract\u00e9ristiques<\/h3>\n<ul class=\"m-long-description__features\">\n<li class=\"m-long-description__feature\">Un amorti optimis\u00e9<\/li>\n<li class=\"m-long-description__feature\">Chaussant accommodant<\/li>\n<li class=\"m-long-description__feature\">Des transitions stables en douceur<\/li>\n<\/ul>\n<p><em>Drop : 10 mm<\/em><\/p>\n","protected":false},"excerpt":{"rendered":"<p>BLACK\/COBALT\/NEO YELLOW N\u2019aies plus aucune limite avec cette chaussure de running super souple pour homme. La semelle interm\u00e9diaire est en DNA Tuned, un amorti innovant avec nitro-injection. Le talon contient de grandes cellules pour des contacts au sol en douceur, tandis que l\u2019avant-pied contient de petites cellules pour une propulsion \u00e9nergique. Caract\u00e9ristiques Un amorti optimis\u00e9 [&hellip;]<\/p>\n","protected":false},"featured_media":2574,"template":"","meta":[],"pwb-brand":[92],"product_brand":[],"product_cat":[40,42],"product_tag":[],"class_list":{"0":"post-264","1":"product","2":"type-product","3":"status-publish","4":"has-post-thumbnail","6":"pwb-brand-brooks","7":"product_cat-chaussures-hommes","8":"product_cat-route-chaussures-hommes","10":"first","11":"instock","12":"shipping-taxable","13":"purchasable","14":"product-type-simple"},"brands":[{"id":92,"name":"BROOKS","slug":"brooks"}],"_links":{"self":[{"href":"https:\/\/rrunning.tribalt.agency\/index.php?rest_route=\/wp\/v2\/product\/264","targetHints":{"allow":["GET"]}}],"collection":[{"href":"https:\/\/rrunning.tribalt.agency\/index.php?rest_route=\/wp\/v2\/product"}],"about":[{"href":"https:\/\/rrunning.tribalt.agency\/index.php?rest_route=\/wp\/v2\/types\/product"}],"wp:featuredmedia":[{"embeddable":true,"href":"https:\/\/rrunning.tribalt.agency\/index.php?rest_route=\/wp\/v2\/media\/2574"}],"wp:attachment":[{"href":"https:\/\/rrunning.tribalt.agency\/index.php?rest_route=%2Fwp%2Fv2%2Fmedia&parent=264"}],"wp:term":[{"taxonomy":"pwb-brand","embeddable":true,"href":"https:\/\/rrunning.tribalt.agency\/index.php?rest_route=%2Fwp%2Fv2%2Fpwb-brand&post=264"},{"taxonomy":"product_brand","embeddable":true,"href":"https:\/\/rrunning.tribalt.agency\/index.php?rest_route=%2Fwp%2Fv2%2Fproduct_brand&post=264"},{"taxonomy":"product_cat","embeddable":true,"href":"https:\/\/rrunning.tribalt.agency\/index.php?rest_route=%2Fwp%2Fv2%2Fproduct_cat&post=264"},{"taxonomy":"product_tag","embeddable":true,"href":"https:\/\/rrunning.tribalt.agency\/index.php?rest_route=%2Fwp%2Fv2%2Fproduct_tag&post=264"}],"curies":[{"name":"wp","href":"https:\/\/api.w.org\/{rel}","templated":true}]}}