{"id":2635,"date":"2025-08-04T14:54:21","date_gmt":"2025-08-04T12:54:21","guid":{"rendered":"https:\/\/rrunning.tribalt.agency\/?post_type=product&#038;p=2635"},"modified":"2025-08-04T14:55:45","modified_gmt":"2025-08-04T12:55:45","slug":"rk-1-plus-droite","status":"publish","type":"product","link":"https:\/\/rrunning.tribalt.agency\/?product=rk-1-plus-droite","title":{"rendered":"RK-1 PLUS DROITE"},"content":{"rendered":"<div>\n<div>\n<p>RK-1 Plus : Genouill\u00e8re Sp\u00e9cial running: pr\u00e9vention du syndrome de l'essuie-glace (TFL)<\/p>\n<p>La Rk-1 Plus peut \u00eatre utilis\u00e9e pour soulager les douleurs sur les c\u00f4t\u00e9s internes des genoux.<\/p>\n<p class=\"detailTxt\">En r\u00e9-alignant la jambe gr\u00e2ce \u00e0 son strap en spirale, la RK-1 plus limite le frottement de la bandelette ilio-tibiale sur le c\u00f4t\u00e9 externe du genou, soulageant ainsi la douleur.<\/p>\n<p class=\"detailTxt\">\n<\/div>\n<ul>\n<li><b>Fonctionnel, fin et confortable\u00a0<\/b><\/li>\n<\/ul>\n<p>Les ressorts l\u00e9gers en r\u00e9sine stabilisent doucement le genou sans g\u00eaner le mouvement. Un tissu mince et respirant avec une surface hydrofuge est utilis\u00e9 \u00e0 l'arri\u00e8re pour garder votre genou au frais et au sec pendant la course.<\/p>\n<\/div>\n<ul>\n<li><b>Fonction unique : soulage le stress de l'ext\u00e9rieur du genou<\/b><\/li>\n<\/ul>\n<p>Les \u00e9lastiques en spirale font tourner et remonter la jambe inf\u00e9rieure. Le film int\u00e9rieur de forme unique maintient l'articulation du genou inferieur dans un bon alignement et soulage le stress \u00e0 l'ext\u00e9rieur\u00a0du genou.<\/p>\n<p>La Rk-1 Plus peut \u00eatre utilis\u00e9e pour soulager les douleurs sur les c\u00f4t\u00e9s internes des genoux.<\/p>\n<ul>\n<li><strong>Textile innovante, ultra-l\u00e9g\u00e8re et confortable<\/strong><\/li>\n<\/ul>\n<p>La RK-1 b\u00e9n\u00e9ficie d\u2019une conception textile innovante, ultra-l\u00e9g\u00e8re et extr\u00eamement confortable. Compression ajustable, mat\u00e9riaux respirants. Elle se fait compl\u00e8tement oublier, seul le plaisir de courir reste.<\/p>\n<ul>\n<li><strong>D\u00e9coupe tridimensionnelle pour s'adapter au mouvement des coureurs<\/strong><\/li>\n<\/ul>\n<p>Coupe tridimensionnelle unique (brevet\u00e9e) qui s'adapte au mouvement des coureurs.<\/p>\n<ul>\n<li><strong>Mat\u00e9riaux<\/strong><\/li>\n<\/ul>\n<p>Fibre: Nylon, Polyester les e<br \/>\nNon-fibre: Chloropr\u00e8ne, Polyurethane, Acrylique, Nylon, Poly\u00e9thyl\u00e8ne<\/p>\n<p>&nbsp;<\/p>\n","protected":false},"excerpt":{"rendered":"<p>RK-1 Plus : Genouill\u00e8re Sp\u00e9cial running: pr\u00e9vention du syndrome de l'essuie-glace (TFL) La Rk-1 Plus peut \u00eatre utilis\u00e9e pour soulager les douleurs sur les c\u00f4t\u00e9s internes des genoux. En r\u00e9-alignant la jambe gr\u00e2ce \u00e0 son strap en spirale, la RK-1 plus limite le frottement de la bandelette ilio-tibiale sur le c\u00f4t\u00e9 externe du genou, soulageant [&hellip;]<\/p>\n","protected":false},"featured_media":2636,"template":"","meta":[],"pwb-brand":[130],"product_brand":[],"product_cat":[33],"product_tag":[],"class_list":{"0":"post-2635","1":"product","2":"type-product","3":"status-publish","4":"has-post-thumbnail","6":"pwb-brand-zamst","7":"product_cat-protection-musculaire-et-articulaire","9":"first","10":"instock","11":"shipping-taxable","12":"purchasable","13":"product-type-simple"},"brands":[{"id":130,"name":"ZAMST","slug":"zamst"}],"_links":{"self":[{"href":"https:\/\/rrunning.tribalt.agency\/index.php?rest_route=\/wp\/v2\/product\/2635","targetHints":{"allow":["GET"]}}],"collection":[{"href":"https:\/\/rrunning.tribalt.agency\/index.php?rest_route=\/wp\/v2\/product"}],"about":[{"href":"https:\/\/rrunning.tribalt.agency\/index.php?rest_route=\/wp\/v2\/types\/product"}],"wp:featuredmedia":[{"embeddable":true,"href":"https:\/\/rrunning.tribalt.agency\/index.php?rest_route=\/wp\/v2\/media\/2636"}],"wp:attachment":[{"href":"https:\/\/rrunning.tribalt.agency\/index.php?rest_route=%2Fwp%2Fv2%2Fmedia&parent=2635"}],"wp:term":[{"taxonomy":"pwb-brand","embeddable":true,"href":"https:\/\/rrunning.tribalt.agency\/index.php?rest_route=%2Fwp%2Fv2%2Fpwb-brand&post=2635"},{"taxonomy":"product_brand","embeddable":true,"href":"https:\/\/rrunning.tribalt.agency\/index.php?rest_route=%2Fwp%2Fv2%2Fproduct_brand&post=2635"},{"taxonomy":"product_cat","embeddable":true,"href":"https:\/\/rrunning.tribalt.agency\/index.php?rest_route=%2Fwp%2Fv2%2Fproduct_cat&post=2635"},{"taxonomy":"product_tag","embeddable":true,"href":"https:\/\/rrunning.tribalt.agency\/index.php?rest_route=%2Fwp%2Fv2%2Fproduct_tag&post=2635"}],"curies":[{"name":"wp","href":"https:\/\/api.w.org\/{rel}","templated":true}]}}