{"id":2633,"date":"2025-08-04T14:53:14","date_gmt":"2025-08-04T12:53:14","guid":{"rendered":"https:\/\/rrunning.tribalt.agency\/?post_type=product&#038;p=2633"},"modified":"2025-08-04T14:54:07","modified_gmt":"2025-08-04T12:54:07","slug":"jk-band-black","status":"publish","type":"product","link":"https:\/\/rrunning.tribalt.agency\/?product=jk-band-black","title":{"rendered":"JK-BAND BLACK"},"content":{"rendered":"<p>La JK Band est un support de compression du tendon rotulien.<\/p>\n<p>Elle est con\u00e7ue pour fournir un soutien efficace aux probl\u00e8mes sous la rotule. Se maintient correctement sous la rotule et r\u00e9duit la tension sur la rotule.<\/p>\n<p>Recommand\u00e9es \u00e9galement pour les jeunes souffrant d'un Osgood-Schlatter.<\/p>\n<p>&nbsp;<\/p>\n<ul>\n<li><strong>Support de compression du tendon rotulien.<\/strong><\/li>\n<\/ul>\n<p>Avec son rembourrage rotule int\u00e9gr\u00e9, la genouill\u00e8re JK-BAND absorbe chocs et vibrations et soulage la tendinite rotulienne. Le velcro anti-garrot de la JK BAND permet d\u2019apporter une compression efficace l\u00e0 o\u00f9 on en a besoin, et lib\u00e8re l\u2019arri\u00e8re du genou.<\/p>\n<ul>\n<li><strong>Facile \u00e0 mettre<\/strong><\/li>\n<\/ul>\n<p>L\u00e9ger et simple d'utilisation, rapide \u00e0 mettre sur soi.<\/p>\n<ul>\n<li><strong>Utilisable pour une vari\u00e9t\u00e9 de sports<\/strong><\/li>\n<\/ul>\n<p>Fait avec des mat\u00e9riaux souples, la JK Band peut \u00eatre utilis\u00e9e pour une vari\u00e9t\u00e9 de sports. Elle soutient le genou sans emp\u00eacher le mouvement.<\/p>\n<ul>\n<li><strong>Mat\u00e9riaux<\/strong><\/li>\n<\/ul>\n<p>Fibre: Nylon, \u00c9lasthanne, Polyester<br \/>\nNon-fibre: Elastodi\u00e8ne (Latex), Polyurethane, Poly\u00e9thyl\u00e8ne<\/p>\n","protected":false},"excerpt":{"rendered":"<p>La JK Band est un support de compression du tendon rotulien. Elle est con\u00e7ue pour fournir un soutien efficace aux probl\u00e8mes sous la rotule. Se maintient correctement sous la rotule et r\u00e9duit la tension sur la rotule. Recommand\u00e9es \u00e9galement pour les jeunes souffrant d'un Osgood-Schlatter. &nbsp; Support de compression du tendon rotulien. Avec son rembourrage [&hellip;]<\/p>\n","protected":false},"featured_media":2634,"template":"","meta":[],"pwb-brand":[130],"product_brand":[],"product_cat":[33],"product_tag":[],"class_list":{"0":"post-2633","1":"product","2":"type-product","3":"status-publish","4":"has-post-thumbnail","6":"pwb-brand-zamst","7":"product_cat-protection-musculaire-et-articulaire","9":"first","10":"instock","11":"shipping-taxable","12":"purchasable","13":"product-type-simple"},"brands":[{"id":130,"name":"ZAMST","slug":"zamst"}],"_links":{"self":[{"href":"https:\/\/rrunning.tribalt.agency\/index.php?rest_route=\/wp\/v2\/product\/2633","targetHints":{"allow":["GET"]}}],"collection":[{"href":"https:\/\/rrunning.tribalt.agency\/index.php?rest_route=\/wp\/v2\/product"}],"about":[{"href":"https:\/\/rrunning.tribalt.agency\/index.php?rest_route=\/wp\/v2\/types\/product"}],"wp:featuredmedia":[{"embeddable":true,"href":"https:\/\/rrunning.tribalt.agency\/index.php?rest_route=\/wp\/v2\/media\/2634"}],"wp:attachment":[{"href":"https:\/\/rrunning.tribalt.agency\/index.php?rest_route=%2Fwp%2Fv2%2Fmedia&parent=2633"}],"wp:term":[{"taxonomy":"pwb-brand","embeddable":true,"href":"https:\/\/rrunning.tribalt.agency\/index.php?rest_route=%2Fwp%2Fv2%2Fpwb-brand&post=2633"},{"taxonomy":"product_brand","embeddable":true,"href":"https:\/\/rrunning.tribalt.agency\/index.php?rest_route=%2Fwp%2Fv2%2Fproduct_brand&post=2633"},{"taxonomy":"product_cat","embeddable":true,"href":"https:\/\/rrunning.tribalt.agency\/index.php?rest_route=%2Fwp%2Fv2%2Fproduct_cat&post=2633"},{"taxonomy":"product_tag","embeddable":true,"href":"https:\/\/rrunning.tribalt.agency\/index.php?rest_route=%2Fwp%2Fv2%2Fproduct_tag&post=2633"}],"curies":[{"name":"wp","href":"https:\/\/api.w.org\/{rel}","templated":true}]}}