{"id":2632,"date":"2025-08-04T14:52:13","date_gmt":"2025-08-04T12:52:13","guid":{"rendered":"https:\/\/rrunning.tribalt.agency\/?post_type=product&#038;p=2632"},"modified":"2025-08-04T14:52:23","modified_gmt":"2025-08-04T12:52:23","slug":"filmista-ankle-gauche","status":"publish","type":"product","link":"https:\/\/rrunning.tribalt.agency\/?product=filmista-ankle-gauche","title":{"rendered":"FILMISTA ANKLE GAUCHE"},"content":{"rendered":"<p>Adr\u00e9naline, enjeu, stimulation, vous mettez vos chevilles \u00e0 rude \u00e9preuve \u00e0 l\u2019entrainement comme en comp\u00e9tition. Pour accompagner vos progr\u00e8s et prot\u00e9ger vos chevilles, sans compromettre la performance, Zamst a cr\u00e9\u00e9 la Filmista, une r\u00e9volution !<\/p>\n<p>N\u00e9e d\u2019une innovation technologique majeure, la Filmista s\u2019ajuste et s\u2019enl\u00e8ve en quelques secondes, puis se lave pour \u00eatre r\u00e9utilis\u00e9e \u00e0 l\u2019infini.<\/p>\n<p>&nbsp;<\/p>\n<ul>\n<li><strong>R\u00e9duit l'inversion de la cheville sans emp\u00eacher le mouvement<\/strong><\/li>\n<\/ul>\n<p>Cr\u00e9\u00e9e avec un design qui n'emp\u00eache pas la flexion arri\u00e8re plantaire de la cheville. Le film d'ur\u00e9thane est positionn\u00e9 de fa\u00e7on optimale selon la m\u00e9thode de taping pour r\u00e9duire le mouvement d'inversion.<\/p>\n<ul>\n<li><strong>Cr\u00e9\u00e9e avec la technologie F.S.<\/strong><\/li>\n<\/ul>\n<p>Le secret de fabrication de FILMISTA repose sur l\u2019assemblage de deux couches d\u2019ur\u00e9thanes par un proc\u00e9d\u00e9 de compression-fusion d\u00e9velopp\u00e9 par les ing\u00e9nieurs ZAMST.<br \/>\nR\u00e9sultat : un film tr\u00e8s r\u00e9sistant, m\u00ealant souplesse, finesse et rigidit\u00e9 et qui permet un maintien de l\u2019articulation avec une libert\u00e9 de mouvements parfaite et un encombrement z\u00e9ro dans la chaussure.<\/p>\n<p><em>*F.S. = Film Stability.<\/em><\/p>\n<p>&nbsp;<\/p>\n<ul>\n<li><strong>Proche de la peau et design antid\u00e9rapant<\/strong><\/li>\n<\/ul>\n<p>Utilise un mat\u00e9riau antid\u00e9rapant au niveau de la peau. Con\u00e7u pour \u00eatre proche de la peau m\u00eame en cas de mouvements intenses.<\/p>\n<ul>\n<li><strong>Mat\u00e9riaux<\/strong><\/li>\n<\/ul>\n<p>Fibre: Nylon, Polyester, \u00c9lasthanne<br \/>\nNon-fibre: Polyurethane, Polyester<\/p>\n","protected":false},"excerpt":{"rendered":"<p>Adr\u00e9naline, enjeu, stimulation, vous mettez vos chevilles \u00e0 rude \u00e9preuve \u00e0 l\u2019entrainement comme en comp\u00e9tition. Pour accompagner vos progr\u00e8s et prot\u00e9ger vos chevilles, sans compromettre la performance, Zamst a cr\u00e9\u00e9 la Filmista, une r\u00e9volution ! N\u00e9e d\u2019une innovation technologique majeure, la Filmista s\u2019ajuste et s\u2019enl\u00e8ve en quelques secondes, puis se lave pour \u00eatre r\u00e9utilis\u00e9e \u00e0 [&hellip;]<\/p>\n","protected":false},"featured_media":2631,"template":"","meta":[],"pwb-brand":[130],"product_brand":[],"product_cat":[33],"product_tag":[],"class_list":{"0":"post-2632","1":"product","2":"type-product","3":"status-publish","4":"has-post-thumbnail","6":"pwb-brand-zamst","7":"product_cat-protection-musculaire-et-articulaire","9":"first","10":"instock","11":"shipping-taxable","12":"purchasable","13":"product-type-simple"},"brands":[{"id":130,"name":"ZAMST","slug":"zamst"}],"_links":{"self":[{"href":"https:\/\/rrunning.tribalt.agency\/index.php?rest_route=\/wp\/v2\/product\/2632","targetHints":{"allow":["GET"]}}],"collection":[{"href":"https:\/\/rrunning.tribalt.agency\/index.php?rest_route=\/wp\/v2\/product"}],"about":[{"href":"https:\/\/rrunning.tribalt.agency\/index.php?rest_route=\/wp\/v2\/types\/product"}],"wp:featuredmedia":[{"embeddable":true,"href":"https:\/\/rrunning.tribalt.agency\/index.php?rest_route=\/wp\/v2\/media\/2631"}],"wp:attachment":[{"href":"https:\/\/rrunning.tribalt.agency\/index.php?rest_route=%2Fwp%2Fv2%2Fmedia&parent=2632"}],"wp:term":[{"taxonomy":"pwb-brand","embeddable":true,"href":"https:\/\/rrunning.tribalt.agency\/index.php?rest_route=%2Fwp%2Fv2%2Fpwb-brand&post=2632"},{"taxonomy":"product_brand","embeddable":true,"href":"https:\/\/rrunning.tribalt.agency\/index.php?rest_route=%2Fwp%2Fv2%2Fproduct_brand&post=2632"},{"taxonomy":"product_cat","embeddable":true,"href":"https:\/\/rrunning.tribalt.agency\/index.php?rest_route=%2Fwp%2Fv2%2Fproduct_cat&post=2632"},{"taxonomy":"product_tag","embeddable":true,"href":"https:\/\/rrunning.tribalt.agency\/index.php?rest_route=%2Fwp%2Fv2%2Fproduct_tag&post=2632"}],"curies":[{"name":"wp","href":"https:\/\/api.w.org\/{rel}","templated":true}]}}