{"id":2627,"date":"2025-07-29T14:51:07","date_gmt":"2025-07-29T12:51:07","guid":{"rendered":"https:\/\/rrunning.tribalt.agency\/?post_type=product&#038;p=2627"},"modified":"2025-08-27T11:31:16","modified_gmt":"2025-08-27T09:31:16","slug":"brooks-caldera-8-2","status":"publish","type":"product","link":"https:\/\/rrunning.tribalt.agency\/?product=brooks-caldera-8-2","title":{"rendered":"CALDERA 8"},"content":{"rendered":"<p>CALDERA 8<\/p>\n<p>Couleur : BIT OF BLUE\/QUINCE\/FLAME<\/p>\n<p>Nous avons am\u00e9lior\u00e9 cette chaussure de trail pour femmes en \u00e9coutant les commentaires des runners. La Caldera\u00a08 est dot\u00e9e d\u2019un amorti moelleux pour un confort tout au long de la journ\u00e9e sur les trails, ainsi que d\u2019un chaussant, de mat\u00e9riaux et d\u2019un confort am\u00e9lior\u00e9s.<\/p>\n<h3 class=\"a-type-h6--big m-long-description__label u-spacing-x-small--bottom\">Parfaite pour\u2026<\/h3>\n<ul class=\"m-long-description__best-for\">\n<li class=\"m-long-description__best-for-item\">\n<div class=\"m-long-description__best-for-text\">Ultra-trail<\/div>\n<\/li>\n<li class=\"m-long-description__best-for-item\">\n<div class=\"m-long-description__best-for-text\">Courses et comp\u00e9titions de trail de plus de 50\u00a0km<\/div>\n<\/li>\n<\/ul>\n<h3 class=\"a-type-h6--big m-long-description__label u-spacing-x-small--bottom\">Caract\u00e9ristiques<\/h3>\n<ul class=\"m-long-description__features\">\n<li class=\"m-long-description__feature\">\n<div class=\"m-long-description__feature-text\">Amorti suppl\u00e9mentaire<\/div>\n<\/li>\n<li class=\"m-long-description__feature\">\n<div class=\"m-long-description__feature-text\">Une foul\u00e9e l\u00e9g\u00e8re et adaptable<\/div>\n<\/li>\n<li class=\"m-long-description__feature\">\n<div class=\"m-long-description__feature-text\">Tige respirante performante<\/div>\n<\/li>\n<\/ul>\n<p>Drop : 6mm<\/p>\n","protected":false},"excerpt":{"rendered":"<p>CALDERA 8 Couleur : BIT OF BLUE\/QUINCE\/FLAME Nous avons am\u00e9lior\u00e9 cette chaussure de trail pour femmes en \u00e9coutant les commentaires des runners. La Caldera\u00a08 est dot\u00e9e d\u2019un amorti moelleux pour un confort tout au long de la journ\u00e9e sur les trails, ainsi que d\u2019un chaussant, de mat\u00e9riaux et d\u2019un confort am\u00e9lior\u00e9s. Parfaite pour\u2026 Ultra-trail Courses [&hellip;]<\/p>\n","protected":false},"featured_media":2937,"template":"","meta":[],"pwb-brand":[92],"product_brand":[],"product_cat":[36,39],"product_tag":[],"class_list":{"0":"post-2627","1":"product","2":"type-product","3":"status-publish","4":"has-post-thumbnail","6":"pwb-brand-brooks","7":"product_cat-chaussures-femmes","8":"product_cat-trail","10":"first","11":"instock","12":"shipping-taxable","13":"purchasable","14":"product-type-simple"},"brands":[{"id":92,"name":"BROOKS","slug":"brooks"}],"_links":{"self":[{"href":"https:\/\/rrunning.tribalt.agency\/index.php?rest_route=\/wp\/v2\/product\/2627","targetHints":{"allow":["GET"]}}],"collection":[{"href":"https:\/\/rrunning.tribalt.agency\/index.php?rest_route=\/wp\/v2\/product"}],"about":[{"href":"https:\/\/rrunning.tribalt.agency\/index.php?rest_route=\/wp\/v2\/types\/product"}],"wp:featuredmedia":[{"embeddable":true,"href":"https:\/\/rrunning.tribalt.agency\/index.php?rest_route=\/wp\/v2\/media\/2937"}],"wp:attachment":[{"href":"https:\/\/rrunning.tribalt.agency\/index.php?rest_route=%2Fwp%2Fv2%2Fmedia&parent=2627"}],"wp:term":[{"taxonomy":"pwb-brand","embeddable":true,"href":"https:\/\/rrunning.tribalt.agency\/index.php?rest_route=%2Fwp%2Fv2%2Fpwb-brand&post=2627"},{"taxonomy":"product_brand","embeddable":true,"href":"https:\/\/rrunning.tribalt.agency\/index.php?rest_route=%2Fwp%2Fv2%2Fproduct_brand&post=2627"},{"taxonomy":"product_cat","embeddable":true,"href":"https:\/\/rrunning.tribalt.agency\/index.php?rest_route=%2Fwp%2Fv2%2Fproduct_cat&post=2627"},{"taxonomy":"product_tag","embeddable":true,"href":"https:\/\/rrunning.tribalt.agency\/index.php?rest_route=%2Fwp%2Fv2%2Fproduct_tag&post=2627"}],"curies":[{"name":"wp","href":"https:\/\/api.w.org\/{rel}","templated":true}]}}