{"id":2619,"date":"2025-07-28T15:15:35","date_gmt":"2025-07-28T13:15:35","guid":{"rendered":"https:\/\/rrunning.tribalt.agency\/?post_type=product&#038;p=2619"},"modified":"2025-07-28T15:18:04","modified_gmt":"2025-07-28T13:18:04","slug":"cloudmonster-2-2","status":"publish","type":"product","link":"https:\/\/rrunning.tribalt.agency\/?product=cloudmonster-2-2","title":{"rendered":"CLOUDMONSTER 2"},"content":{"rendered":"<p><strong>CREAM\/HORIZON<\/strong><\/p>\n<h2 class=\"_title_8gsmh_59\">Caract\u00e9ristiques<\/h2>\n<ul>\n<li class=\"\">\n<p class=\"_usp_8gsmh_77\">Poids: 231g<\/p>\n<\/li>\n<li class=\"\">\n<p class=\"_usp_8gsmh_77\">Couche d\u2019Helion\u2122\u00a0HF pour le retour d\u2019\u00e9nergie et le rebond<\/p>\n<\/li>\n<li class=\"\">\n<p class=\"_usp_8gsmh_77\">Speedboard\u00ae propulsive en nylon m\u00e9lang\u00e9 avec fibre de verre<\/p>\n<\/li>\n<li class=\"\">\n<p class=\"_usp_8gsmh_77\">Empeigne technique en mesh tiss\u00e9, respirante et ultral\u00e9g\u00e8re<\/p>\n<\/li>\n<li class=\"\">\n<p class=\"_usp_8gsmh_77\">Design inspir\u00e9 de nos super-chaussures de comp\u00e9tition cultes<\/p>\n<\/li>\n<li class=\"\">\n<p class=\"_usp_8gsmh_77\">G\u00e9om\u00e9trie \u00e0 bascule extr\u00eame pour un roulement rapide<\/p>\n<\/li>\n<li class=\"\">\n<p class=\"_usp_8gsmh_77\">Nouveau design de la pointe pens\u00e9 pour les s\u00e9ances de vitesse<\/p>\n<\/li>\n<li class=\"\">\n<p class=\"_usp_8gsmh_77\">Grip \u00e0 l\u2019avant-pied pour un maintien accru lors du d\u00e9collage<\/p>\n<\/li>\n<li>Drop : 6mm<\/li>\n<\/ul>\n<p>&nbsp;<\/p>\n<h2 class=\"_imageTitle_x2jp6_90\">CloudTec\u00ae monstrueuse<\/h2>\n<p class=\"_description_x2jp6_113\">La Cloudmonster 2 pr\u00e9sente notre CloudTec\u00ae la plus massive. Oui, vous avez bien lu. \u00c0 vous l\u2019amorti colossal, les m\u00e9ga rebonds et une \u00e9nergie maximale. Dynamisez vos foul\u00e9es sur route gr\u00e2ce au roulement vers l\u2019avant inimitable.<\/p>\n<p>&nbsp;<\/p>\n<h2 class=\"_imageTitle_x2jp6_90\">Retour d\u2019\u00e9nergie maximal<\/h2>\n<p class=\"_description_x2jp6_113\">Une Speedboard\u00ae repens\u00e9e en nylon m\u00e9lang\u00e9 se glisse dans la super-mousse Helion\u2122 double densit\u00e9 pour des atterrissages plus doux et une meilleure absorption des impacts. Profitez d\u2019un retour d'\u00e9nergie am\u00e9lior\u00e9, d\u2019un roulement vers l\u2019avant et de puissants d\u00e9collages pour des sensations uniques.<\/p>\n<p>&nbsp;<\/p>\n<h2 class=\"_imageTitle_x2jp6_90\">Rebond maximal<\/h2>\n<p class=\"_description_x2jp6_113\">Donnant du rebond \u00e0 chacune de vos foul\u00e9es, la Cloudmonster 2 est id\u00e9ale pour l\u2019entra\u00eenement et les tempo runs. Avec une transition fluide talon-orteils, elle vous accompagne dans vos courses jusqu\u2019\u00e0 trouver le bon rythme, et donc une meilleure propulsion vers l\u2019avant.<\/p>\n","protected":false},"excerpt":{"rendered":"<p>CREAM\/HORIZON Caract\u00e9ristiques Poids: 231g Couche d\u2019Helion\u2122\u00a0HF pour le retour d\u2019\u00e9nergie et le rebond Speedboard\u00ae propulsive en nylon m\u00e9lang\u00e9 avec fibre de verre Empeigne technique en mesh tiss\u00e9, respirante et ultral\u00e9g\u00e8re Design inspir\u00e9 de nos super-chaussures de comp\u00e9tition cultes G\u00e9om\u00e9trie \u00e0 bascule extr\u00eame pour un roulement rapide Nouveau design de la pointe pens\u00e9 pour les s\u00e9ances [&hellip;]<\/p>\n","protected":false},"featured_media":2620,"template":"","meta":[],"pwb-brand":[113],"product_brand":[],"product_cat":[38],"product_tag":[],"class_list":{"0":"post-2619","1":"product","2":"type-product","3":"status-publish","4":"has-post-thumbnail","6":"pwb-brand-on-running","7":"product_cat-route","9":"first","10":"instock","11":"shipping-taxable","12":"purchasable","13":"product-type-simple"},"brands":[{"id":113,"name":"ON RUNNING","slug":"on-running"}],"_links":{"self":[{"href":"https:\/\/rrunning.tribalt.agency\/index.php?rest_route=\/wp\/v2\/product\/2619","targetHints":{"allow":["GET"]}}],"collection":[{"href":"https:\/\/rrunning.tribalt.agency\/index.php?rest_route=\/wp\/v2\/product"}],"about":[{"href":"https:\/\/rrunning.tribalt.agency\/index.php?rest_route=\/wp\/v2\/types\/product"}],"wp:featuredmedia":[{"embeddable":true,"href":"https:\/\/rrunning.tribalt.agency\/index.php?rest_route=\/wp\/v2\/media\/2620"}],"wp:attachment":[{"href":"https:\/\/rrunning.tribalt.agency\/index.php?rest_route=%2Fwp%2Fv2%2Fmedia&parent=2619"}],"wp:term":[{"taxonomy":"pwb-brand","embeddable":true,"href":"https:\/\/rrunning.tribalt.agency\/index.php?rest_route=%2Fwp%2Fv2%2Fpwb-brand&post=2619"},{"taxonomy":"product_brand","embeddable":true,"href":"https:\/\/rrunning.tribalt.agency\/index.php?rest_route=%2Fwp%2Fv2%2Fproduct_brand&post=2619"},{"taxonomy":"product_cat","embeddable":true,"href":"https:\/\/rrunning.tribalt.agency\/index.php?rest_route=%2Fwp%2Fv2%2Fproduct_cat&post=2619"},{"taxonomy":"product_tag","embeddable":true,"href":"https:\/\/rrunning.tribalt.agency\/index.php?rest_route=%2Fwp%2Fv2%2Fproduct_tag&post=2619"}],"curies":[{"name":"wp","href":"https:\/\/api.w.org\/{rel}","templated":true}]}}