{"id":2607,"date":"2025-07-28T14:46:40","date_gmt":"2025-07-28T12:46:40","guid":{"rendered":"https:\/\/rrunning.tribalt.agency\/?post_type=product&#038;p=2607"},"modified":"2025-07-28T14:48:30","modified_gmt":"2025-07-28T12:48:30","slug":"cloudrunner-2","status":"publish","type":"product","link":"https:\/\/rrunning.tribalt.agency\/?product=cloudrunner-2","title":{"rendered":"CLOUDRUNNER 2"},"content":{"rendered":"<p><strong>ROCK\/TANGERINE<\/strong><\/p>\n<h2 class=\"_title_8gsmh_59\">Caract\u00e9ristiques<\/h2>\n<ul>\n<li style=\"list-style-type: none;\">\n<ul>\n<li style=\"list-style-type: none;\">\n<ul>\n<li style=\"list-style-type: none;\">\n<ul class=\"_usps_8gsmh_77\">\n<li class=\"\">\n<p class=\"_usp_8gsmh_77\">La chaussure de running confortable au maintien total<\/p>\n<\/li>\n<li class=\"\">\n<p class=\"_usp_8gsmh_77\">Semelle super-mousse Helion\u2122 au retour d'\u00e9nergie total<\/p>\n<\/li>\n<li class=\"\">\n<p class=\"_usp_8gsmh_77\">Semelle ext\u00e9rieure am\u00e9lior\u00e9e anti-cailloux<\/p>\n<\/li>\n<li class=\"\">\n<p class=\"_usp_8gsmh_77\">Amorti CloudTec\u00ae qui absorbe les impacts<\/p>\n<\/li>\n<li class=\"\">\n<p class=\"_usp_8gsmh_77\">Languette douillette au confort total et enfilage facile<\/p>\n<\/li>\n<li class=\"\">\n<p class=\"_usp_8gsmh_77\">Clip solide au talon et empeigne renforc\u00e9e pour plus de maintien<\/p>\n<\/li>\n<li class=\"\">\n<p class=\"_usp_8gsmh_77\">Boucle \u00e0 la languette pour garder les lacets en place<\/p>\n<\/li>\n<li>Drop 10mm<\/li>\n<\/ul>\n<\/li>\n<\/ul>\n<\/li>\n<\/ul>\n<\/li>\n<\/ul>\n<p>&nbsp;<\/p>\n<h2 class=\"_imageTitle_x2jp6_90\">(Super) super-mousse<\/h2>\n<p class=\"_description_x2jp6_113\">Pros ou novices, notre super-mousse Helion\u2122 change les r\u00e8gles du jeu. La semelle interm\u00e9diaire am\u00e9lior\u00e9e adoucit l\u2019amorti et augmente le retour d'\u00e9nergie, tandis que la CloudTec\u00ae absorbe les impacts. Accumulez ainsi les kilom\u00e8tres avec assurance.<\/p>\n<p>&nbsp;<\/p>\n<h2 class=\"_imageTitle_x2jp6_90\">Confort 360\u00ba<\/h2>\n<p class=\"_description_x2jp6_113\">Des orteils au talon, chaque \u00e9l\u00e9ment de la Cloudrunner 2 maintient le pied pendant l\u2019effort. La languette douillette garantit un confort total et un enfilage facile tandis que les renforts au talon assurent stabilit\u00e9 et maintien. (Et dites adieu aux cailloux gr\u00e2ce \u00e0 une semelle ext\u00e9rieure repens\u00e9e).<\/p>\n<p>&nbsp;<\/p>\n<h2 class=\"_imageTitle_x2jp6_90\">Chaussures feel good<\/h2>\n<p class=\"_description_x2jp6_113\">Les mises \u00e0 jour techniques de la Cloudrunner 2 vont au-del\u00e0 du confort et de la performance. Son look repens\u00e9 se dote d\u2019une nouvelle empeigne en mesh fabriqu\u00e9e \u00e0 partir de polyester recycl\u00e9.<\/p>\n","protected":false},"excerpt":{"rendered":"<p>ROCK\/TANGERINE Caract\u00e9ristiques La chaussure de running confortable au maintien total Semelle super-mousse Helion\u2122 au retour d'\u00e9nergie total Semelle ext\u00e9rieure am\u00e9lior\u00e9e anti-cailloux Amorti CloudTec\u00ae qui absorbe les impacts Languette douillette au confort total et enfilage facile Clip solide au talon et empeigne renforc\u00e9e pour plus de maintien Boucle \u00e0 la languette pour garder les lacets en [&hellip;]<\/p>\n","protected":false},"featured_media":2608,"template":"","meta":[],"pwb-brand":[113],"product_brand":[],"product_cat":[40,42],"product_tag":[],"class_list":{"0":"post-2607","1":"product","2":"type-product","3":"status-publish","4":"has-post-thumbnail","6":"pwb-brand-on-running","7":"product_cat-chaussures-hommes","8":"product_cat-route-chaussures-hommes","10":"first","11":"instock","12":"shipping-taxable","13":"purchasable","14":"product-type-simple"},"brands":[{"id":113,"name":"ON RUNNING","slug":"on-running"}],"_links":{"self":[{"href":"https:\/\/rrunning.tribalt.agency\/index.php?rest_route=\/wp\/v2\/product\/2607","targetHints":{"allow":["GET"]}}],"collection":[{"href":"https:\/\/rrunning.tribalt.agency\/index.php?rest_route=\/wp\/v2\/product"}],"about":[{"href":"https:\/\/rrunning.tribalt.agency\/index.php?rest_route=\/wp\/v2\/types\/product"}],"wp:featuredmedia":[{"embeddable":true,"href":"https:\/\/rrunning.tribalt.agency\/index.php?rest_route=\/wp\/v2\/media\/2608"}],"wp:attachment":[{"href":"https:\/\/rrunning.tribalt.agency\/index.php?rest_route=%2Fwp%2Fv2%2Fmedia&parent=2607"}],"wp:term":[{"taxonomy":"pwb-brand","embeddable":true,"href":"https:\/\/rrunning.tribalt.agency\/index.php?rest_route=%2Fwp%2Fv2%2Fpwb-brand&post=2607"},{"taxonomy":"product_brand","embeddable":true,"href":"https:\/\/rrunning.tribalt.agency\/index.php?rest_route=%2Fwp%2Fv2%2Fproduct_brand&post=2607"},{"taxonomy":"product_cat","embeddable":true,"href":"https:\/\/rrunning.tribalt.agency\/index.php?rest_route=%2Fwp%2Fv2%2Fproduct_cat&post=2607"},{"taxonomy":"product_tag","embeddable":true,"href":"https:\/\/rrunning.tribalt.agency\/index.php?rest_route=%2Fwp%2Fv2%2Fproduct_tag&post=2607"}],"curies":[{"name":"wp","href":"https:\/\/api.w.org\/{rel}","templated":true}]}}