{"id":2605,"date":"2025-07-28T14:43:59","date_gmt":"2025-07-28T12:43:59","guid":{"rendered":"https:\/\/rrunning.tribalt.agency\/?post_type=product&#038;p=2605"},"modified":"2025-07-28T14:46:01","modified_gmt":"2025-07-28T12:46:01","slug":"cloudmonster-2","status":"publish","type":"product","link":"https:\/\/rrunning.tribalt.agency\/?product=cloudmonster-2","title":{"rendered":"CLOUDMONSTER 2"},"content":{"rendered":"<p><strong>TEMPEST\/HORIZON<\/strong><\/p>\n<h2 class=\"_title_8gsmh_59\">Caract\u00e9ristiques<\/h2>\n<ul>\n<li style=\"list-style-type: none;\">\n<ul>\n<li style=\"list-style-type: none;\">\n<ul class=\"_usps_8gsmh_77\">\n<li class=\"\">\n<p class=\"_usp_8gsmh_77\">Poids: 300g<\/p>\n<\/li>\n<li class=\"\">\n<p class=\"_usp_8gsmh_77\">Speedboard\u00ae en nylon m\u00e9lang\u00e9 pour des d\u00e9collages puissants<\/p>\n<\/li>\n<li class=\"\">\n<p class=\"_usp_8gsmh_77\">CloudTec\u00ae la plus massive = chaussure de running \u00e0 l\u2019amorti XXL<\/p>\n<\/li>\n<li class=\"\">\n<p class=\"_usp_8gsmh_77\">Amorti et retour d'\u00e9nergie maximal<\/p>\n<\/li>\n<li class=\"\">\n<p class=\"_usp_8gsmh_77\">Super-mousse Helion\u2122 double densit\u00e9 pour plus de rebond<\/p>\n<\/li>\n<li class=\"\">\n<p class=\"_usp_8gsmh_77\">Speedboard\u00ae en nylon m\u00e9lang\u00e9 pour plus de propulsion<\/p>\n<\/li>\n<li class=\"\">\n<p class=\"_usp_8gsmh_77\">Mousse \u00e0 l\u2019avant-pied pour absorber les impacts<\/p>\n<\/li>\n<li>Drop 6mm<\/li>\n<\/ul>\n<\/li>\n<\/ul>\n<\/li>\n<\/ul>\n<p>&nbsp;<\/p>\n<h2 class=\"_imageTitle_x2jp6_90\">CloudTec\u00ae monstrueuse<\/h2>\n<p class=\"_description_x2jp6_113\">La Cloudmonster 2 pr\u00e9sente notre CloudTec\u00ae la plus massive. Oui, vous avez bien lu. \u00c0 vous l\u2019amorti colossal, les m\u00e9ga rebonds et une \u00e9nergie maximale. Dynamisez vos foul\u00e9es sur route gr\u00e2ce au roulement vers l\u2019avant inimitable.<\/p>\n<p>&nbsp;<\/p>\n<h2 class=\"_imageTitle_x2jp6_90\">Retour d\u2019\u00e9nergie maximal<\/h2>\n<p class=\"_description_x2jp6_113\">Une Speedboard\u00ae repens\u00e9e en nylon m\u00e9lang\u00e9 se glisse dans la super-mousse Helion\u2122 double densit\u00e9 pour des atterrissages plus doux et une meilleure absorption des impacts. Profitez d\u2019un retour d'\u00e9nergie am\u00e9lior\u00e9, d\u2019un roulement vers l\u2019avant et de puissants d\u00e9collages pour des sensations uniques.<\/p>\n<p>&nbsp;<\/p>\n<h2 class=\"_imageTitle_x2jp6_90\">Rebond maximal<\/h2>\n<p class=\"_description_x2jp6_113\">Donnant du rebond \u00e0 chacune de vos foul\u00e9es, la Cloudmonster 2 est id\u00e9ale pour l\u2019entra\u00eenement et les tempo runs. Avec une transition fluide talon-orteils, elle vous accompagne dans vos courses jusqu\u2019\u00e0 trouver le bon rythme, et donc une meilleure propulsion vers l\u2019avant.<\/p>\n","protected":false},"excerpt":{"rendered":"<p>TEMPEST\/HORIZON Caract\u00e9ristiques Poids: 300g Speedboard\u00ae en nylon m\u00e9lang\u00e9 pour des d\u00e9collages puissants CloudTec\u00ae la plus massive = chaussure de running \u00e0 l\u2019amorti XXL Amorti et retour d'\u00e9nergie maximal Super-mousse Helion\u2122 double densit\u00e9 pour plus de rebond Speedboard\u00ae en nylon m\u00e9lang\u00e9 pour plus de propulsion Mousse \u00e0 l\u2019avant-pied pour absorber les impacts Drop 6mm &nbsp; CloudTec\u00ae [&hellip;]<\/p>\n","protected":false},"featured_media":2606,"template":"","meta":[],"pwb-brand":[113],"product_brand":[],"product_cat":[40,42],"product_tag":[],"class_list":{"0":"post-2605","1":"product","2":"type-product","3":"status-publish","4":"has-post-thumbnail","6":"pwb-brand-on-running","7":"product_cat-chaussures-hommes","8":"product_cat-route-chaussures-hommes","10":"first","11":"instock","12":"shipping-taxable","13":"purchasable","14":"product-type-simple"},"brands":[{"id":113,"name":"ON RUNNING","slug":"on-running"}],"_links":{"self":[{"href":"https:\/\/rrunning.tribalt.agency\/index.php?rest_route=\/wp\/v2\/product\/2605","targetHints":{"allow":["GET"]}}],"collection":[{"href":"https:\/\/rrunning.tribalt.agency\/index.php?rest_route=\/wp\/v2\/product"}],"about":[{"href":"https:\/\/rrunning.tribalt.agency\/index.php?rest_route=\/wp\/v2\/types\/product"}],"wp:featuredmedia":[{"embeddable":true,"href":"https:\/\/rrunning.tribalt.agency\/index.php?rest_route=\/wp\/v2\/media\/2606"}],"wp:attachment":[{"href":"https:\/\/rrunning.tribalt.agency\/index.php?rest_route=%2Fwp%2Fv2%2Fmedia&parent=2605"}],"wp:term":[{"taxonomy":"pwb-brand","embeddable":true,"href":"https:\/\/rrunning.tribalt.agency\/index.php?rest_route=%2Fwp%2Fv2%2Fpwb-brand&post=2605"},{"taxonomy":"product_brand","embeddable":true,"href":"https:\/\/rrunning.tribalt.agency\/index.php?rest_route=%2Fwp%2Fv2%2Fproduct_brand&post=2605"},{"taxonomy":"product_cat","embeddable":true,"href":"https:\/\/rrunning.tribalt.agency\/index.php?rest_route=%2Fwp%2Fv2%2Fproduct_cat&post=2605"},{"taxonomy":"product_tag","embeddable":true,"href":"https:\/\/rrunning.tribalt.agency\/index.php?rest_route=%2Fwp%2Fv2%2Fproduct_tag&post=2605"}],"curies":[{"name":"wp","href":"https:\/\/api.w.org\/{rel}","templated":true}]}}