{"id":2603,"date":"2025-07-28T14:40:48","date_gmt":"2025-07-28T12:40:48","guid":{"rendered":"https:\/\/rrunning.tribalt.agency\/?post_type=product&#038;p=2603"},"modified":"2025-07-28T14:43:19","modified_gmt":"2025-07-28T12:43:19","slug":"cloudflow-5","status":"publish","type":"product","link":"https:\/\/rrunning.tribalt.agency\/?product=cloudflow-5","title":{"rendered":"CLOUDFLOW 5"},"content":{"rendered":"<p><strong>WHITE\/LIME<\/strong><\/p>\n<h2 class=\"_title_8gsmh_59\">Caract\u00e9ristiques<\/h2>\n<ul>\n<li style=\"list-style-type: none;\">\n<ul class=\"_usps_8gsmh_77\">\n<li class=\"\">\n<p class=\"_usp_8gsmh_77\">Poids: 278g<\/p>\n<\/li>\n<li class=\"\">\n<p class=\"_usp_8gsmh_77\">Couche d\u2019Helion\u2122\u00a0HF pour le retour d\u2019\u00e9nergie et le rebond<\/p>\n<\/li>\n<li class=\"\">\n<p class=\"_usp_8gsmh_77\">Speedboard\u00ae propulsive en nylon m\u00e9lang\u00e9 avec fibre de verre<\/p>\n<\/li>\n<li class=\"\">\n<p class=\"_usp_8gsmh_77\">Empeigne technique en mesh tiss\u00e9, respirante et ultral\u00e9g\u00e8re<\/p>\n<\/li>\n<li class=\"\">\n<p class=\"_usp_8gsmh_77\">Design inspir\u00e9 de nos super-chaussures de comp\u00e9tition cultes<\/p>\n<\/li>\n<li class=\"\">\n<p class=\"_usp_8gsmh_77\">G\u00e9om\u00e9trie \u00e0 bascule extr\u00eame pour un roulement rapide<\/p>\n<\/li>\n<li class=\"\">\n<p class=\"_usp_8gsmh_77\">Nouveau design de la pointe pens\u00e9 pour les s\u00e9ances de vitesse<\/p>\n<\/li>\n<li class=\"\">\n<p class=\"_usp_8gsmh_77\">Grip \u00e0 l\u2019avant-pied pour un maintien accru lors du d\u00e9collage<\/p>\n<\/li>\n<li>Drop 6mm<\/li>\n<\/ul>\n<\/li>\n<\/ul>\n<p>&nbsp;<\/p>\n<h2 class=\"_imageTitle_x2jp6_90\">D\u00e9sormais avec Helion\u2122 HF<\/h2>\n<p class=\"_description_x2jp6_113\">Inspir\u00e9e par nos chaussures de comp\u00e9tition iconiques, la semelle interm\u00e9diaire comprend une couche de mousse Helion\u2122\u00a0HF pour un rebond maximis\u00e9. Vous profitez ainsi de foul\u00e9es r\u00e9actives et d\u2019un retour d\u2019\u00e9nergie accru.<\/p>\n<p>&nbsp;<\/p>\n<h2 class=\"_imageTitle_x2jp6_90\">Propulsion maxi<\/h2>\n<p class=\"_description_x2jp6_113\">Solide et \u00e9lastique, la Speedboard\u00ae en nylon m\u00e9lang\u00e9 est dot\u00e9e de fibre de verre pour une propulsion puissante vers l\u2019avant. L\u2019avant-pied \u00e0 bascule am\u00e9liore encore cette sensation de roulement.<\/p>\n<p>&nbsp;<\/p>\n<h2 class=\"_imageTitle_x2jp6_90\">Design athl\u00e9tique<\/h2>\n<p class=\"_description_x2jp6_113\">Le grand logo et les grips originaux \u00e0 l\u2019extr\u00e9mit\u00e9 au niveau des orteils font \u00e9cho au design de nos chaussures de course \u00e9lite. D\u00e9sormais, tout le monde peut avoir le look d\u2019un athl\u00e8te On.<\/p>\n","protected":false},"excerpt":{"rendered":"<p>WHITE\/LIME Caract\u00e9ristiques Poids: 278g Couche d\u2019Helion\u2122\u00a0HF pour le retour d\u2019\u00e9nergie et le rebond Speedboard\u00ae propulsive en nylon m\u00e9lang\u00e9 avec fibre de verre Empeigne technique en mesh tiss\u00e9, respirante et ultral\u00e9g\u00e8re Design inspir\u00e9 de nos super-chaussures de comp\u00e9tition cultes G\u00e9om\u00e9trie \u00e0 bascule extr\u00eame pour un roulement rapide Nouveau design de la pointe pens\u00e9 pour les s\u00e9ances [&hellip;]<\/p>\n","protected":false},"featured_media":2604,"template":"","meta":[],"pwb-brand":[113],"product_brand":[],"product_cat":[40,42],"product_tag":[],"class_list":{"0":"post-2603","1":"product","2":"type-product","3":"status-publish","4":"has-post-thumbnail","6":"pwb-brand-on-running","7":"product_cat-chaussures-hommes","8":"product_cat-route-chaussures-hommes","10":"first","11":"instock","12":"shipping-taxable","13":"purchasable","14":"product-type-simple"},"brands":[{"id":113,"name":"ON RUNNING","slug":"on-running"}],"_links":{"self":[{"href":"https:\/\/rrunning.tribalt.agency\/index.php?rest_route=\/wp\/v2\/product\/2603","targetHints":{"allow":["GET"]}}],"collection":[{"href":"https:\/\/rrunning.tribalt.agency\/index.php?rest_route=\/wp\/v2\/product"}],"about":[{"href":"https:\/\/rrunning.tribalt.agency\/index.php?rest_route=\/wp\/v2\/types\/product"}],"wp:featuredmedia":[{"embeddable":true,"href":"https:\/\/rrunning.tribalt.agency\/index.php?rest_route=\/wp\/v2\/media\/2604"}],"wp:attachment":[{"href":"https:\/\/rrunning.tribalt.agency\/index.php?rest_route=%2Fwp%2Fv2%2Fmedia&parent=2603"}],"wp:term":[{"taxonomy":"pwb-brand","embeddable":true,"href":"https:\/\/rrunning.tribalt.agency\/index.php?rest_route=%2Fwp%2Fv2%2Fpwb-brand&post=2603"},{"taxonomy":"product_brand","embeddable":true,"href":"https:\/\/rrunning.tribalt.agency\/index.php?rest_route=%2Fwp%2Fv2%2Fproduct_brand&post=2603"},{"taxonomy":"product_cat","embeddable":true,"href":"https:\/\/rrunning.tribalt.agency\/index.php?rest_route=%2Fwp%2Fv2%2Fproduct_cat&post=2603"},{"taxonomy":"product_tag","embeddable":true,"href":"https:\/\/rrunning.tribalt.agency\/index.php?rest_route=%2Fwp%2Fv2%2Fproduct_tag&post=2603"}],"curies":[{"name":"wp","href":"https:\/\/api.w.org\/{rel}","templated":true}]}}