{"id":260,"date":"2025-04-04T15:13:33","date_gmt":"2025-04-04T13:13:33","guid":{"rendered":"https:\/\/rrunning.tribalt.agency\/?post_type=product&#038;p=260"},"modified":"2025-08-27T11:30:45","modified_gmt":"2025-08-27T09:30:45","slug":"adrenaline-gts-24","status":"publish","type":"product","link":"https:\/\/rrunning.tribalt.agency\/?product=adrenaline-gts-24","title":{"rendered":"ADRENALINE GTS 24"},"content":{"rendered":"<p><strong>COBALT\/NEO YELLOW\/PEACOAT<\/strong><\/p>\n<p>Les chaussures de running Adrenaline\u00a0GTS\u00a024 pour homme sont dot\u00e9es d\u2019un amorti repens\u00e9 offrant douceur et l\u00e9g\u00e8ret\u00e9. Notre syst\u00e8me de soutien GuideRails\u00ae de confiance aide \u00e0 r\u00e9duire les mouvements excessifs et la tige en mesh offre confort et respirabilit\u00e9.<\/p>\n<p><em>Drop : 12mm<\/em><\/p>\n<p>&nbsp;<\/p>\n<p>&nbsp;<\/p>\n","protected":false},"excerpt":{"rendered":"<p>COBALT\/NEO YELLOW\/PEACOAT Les chaussures de running Adrenaline\u00a0GTS\u00a024 pour homme sont dot\u00e9es d\u2019un amorti repens\u00e9 offrant douceur et l\u00e9g\u00e8ret\u00e9. Notre syst\u00e8me de soutien GuideRails\u00ae de confiance aide \u00e0 r\u00e9duire les mouvements excessifs et la tige en mesh offre confort et respirabilit\u00e9. Drop : 12mm &nbsp; &nbsp;<\/p>\n","protected":false},"featured_media":2569,"template":"","meta":[],"pwb-brand":[92],"product_brand":[],"product_cat":[42],"product_tag":[],"class_list":{"0":"post-260","1":"product","2":"type-product","3":"status-publish","4":"has-post-thumbnail","6":"pwb-brand-brooks","7":"product_cat-route-chaussures-hommes","9":"first","10":"instock","11":"shipping-taxable","12":"purchasable","13":"product-type-simple"},"brands":[{"id":92,"name":"BROOKS","slug":"brooks"}],"_links":{"self":[{"href":"https:\/\/rrunning.tribalt.agency\/index.php?rest_route=\/wp\/v2\/product\/260","targetHints":{"allow":["GET"]}}],"collection":[{"href":"https:\/\/rrunning.tribalt.agency\/index.php?rest_route=\/wp\/v2\/product"}],"about":[{"href":"https:\/\/rrunning.tribalt.agency\/index.php?rest_route=\/wp\/v2\/types\/product"}],"wp:featuredmedia":[{"embeddable":true,"href":"https:\/\/rrunning.tribalt.agency\/index.php?rest_route=\/wp\/v2\/media\/2569"}],"wp:attachment":[{"href":"https:\/\/rrunning.tribalt.agency\/index.php?rest_route=%2Fwp%2Fv2%2Fmedia&parent=260"}],"wp:term":[{"taxonomy":"pwb-brand","embeddable":true,"href":"https:\/\/rrunning.tribalt.agency\/index.php?rest_route=%2Fwp%2Fv2%2Fpwb-brand&post=260"},{"taxonomy":"product_brand","embeddable":true,"href":"https:\/\/rrunning.tribalt.agency\/index.php?rest_route=%2Fwp%2Fv2%2Fproduct_brand&post=260"},{"taxonomy":"product_cat","embeddable":true,"href":"https:\/\/rrunning.tribalt.agency\/index.php?rest_route=%2Fwp%2Fv2%2Fproduct_cat&post=260"},{"taxonomy":"product_tag","embeddable":true,"href":"https:\/\/rrunning.tribalt.agency\/index.php?rest_route=%2Fwp%2Fv2%2Fproduct_tag&post=260"}],"curies":[{"name":"wp","href":"https:\/\/api.w.org\/{rel}","templated":true}]}}