{"id":2548,"date":"2025-08-25T01:58:20","date_gmt":"2025-08-24T23:58:20","guid":{"rendered":"https:\/\/rrunning.tribalt.agency\/?post_type=product&#038;p=2548"},"modified":"2025-09-01T16:18:27","modified_gmt":"2025-09-01T14:18:27","slug":"adidas-adizero-adios-pro-4","status":"publish","type":"product","link":"https:\/\/rrunning.tribalt.agency\/?product=adidas-adizero-adios-pro-4","title":{"rendered":"ADIZERO ADIOS PRO 4"},"content":{"rendered":"<p>Couleur : blackry\/argmat\/verglo<\/p>\n<h3 class=\"subtitle___9ljbp\">UNE CHAUSSURE DE COURSE DE FOND L\u00c9G\u00c8RE CON\u00c7UE POUR BATTRE DES RECORDS<\/h3>\n<p class=\"gl-vspace\">Prouv\u00e9e comme \u00e9tant la chaussure la plus performante au monde, la gamme Adizero Adios Pro est l'apog\u00e9e des chaussures de course Adizero. L'Adios Pro 4 est con\u00e7ue pour les runners rapides qui veulent exp\u00e9rimenter la vitesse, avec des fonctionnalit\u00e9s am\u00e9lior\u00e9es con\u00e7ues pour optimiser l'efficacit\u00e9 de la course. Nos tiges en carbone ENERGYRODS 2.0 assurent une transition fluide du talon \u00e0 l'avant-pied pour une foul\u00e9e dynamique et efficace. Dans la semelle interm\u00e9diaire, un nouveau point d'ancrage am\u00e9liore l'\u00e9conomie en course. Une double couche de notre mousse ultra-l\u00e9g\u00e8re, LIGHTSTRIKE PRO, t'offre un maximum d'amorti et de dynamisme \u00e0 chaque foul\u00e9e, pour maintenir ton niveau d\u2019\u00e9nergie sur la dur\u00e9e. La chaussure est \u00e9quip\u00e9e d'une semelle ext\u00e9rieure en caoutchouc Continental\u2122 pour une transition optimale et d'une technologie LIGHTTRAXION pour plus de l\u00e9g\u00e8ret\u00e9 sans sacrifier l'adh\u00e9rence.<\/p>\n<ul>\n<li>Chaussant standard<\/li>\n<li>Fermeture \u00e0 lacets<\/li>\n<li>Tige en textile et synth\u00e9tique<\/li>\n<li>Amorti Lightstrike Pro<\/li>\n<li>Doublure textile<\/li>\n<li>Poids : environ 200 g (taille FR 42 2\/3)<\/li>\n<\/ul>\n<p>&nbsp;<\/p>\n<ul>\n<li>Drop semelle interm\u00e9diaire\u00a0: 6 mm (talon 33 mm \/ 39 mm)<\/li>\n<\/ul>\n<p>&nbsp;<\/p>\n","protected":false},"excerpt":{"rendered":"<p>Couleur : blackry\/argmat\/verglo UNE CHAUSSURE DE COURSE DE FOND L\u00c9G\u00c8RE CON\u00c7UE POUR BATTRE DES RECORDS Prouv\u00e9e comme \u00e9tant la chaussure la plus performante au monde, la gamme Adizero Adios Pro est l'apog\u00e9e des chaussures de course Adizero. L'Adios Pro 4 est con\u00e7ue pour les runners rapides qui veulent exp\u00e9rimenter la vitesse, avec des fonctionnalit\u00e9s am\u00e9lior\u00e9es [&hellip;]<\/p>\n","protected":false},"featured_media":3142,"template":"","meta":[],"pwb-brand":[149],"product_brand":[],"product_cat":[36,38],"product_tag":[],"class_list":{"0":"post-2548","1":"product","2":"type-product","3":"status-publish","4":"has-post-thumbnail","6":"pwb-brand-adidas","7":"product_cat-chaussures-femmes","8":"product_cat-route","10":"first","11":"instock","12":"shipping-taxable","13":"purchasable","14":"product-type-simple"},"brands":[{"id":149,"name":"ADIDAS","slug":"adidas"}],"_links":{"self":[{"href":"https:\/\/rrunning.tribalt.agency\/index.php?rest_route=\/wp\/v2\/product\/2548","targetHints":{"allow":["GET"]}}],"collection":[{"href":"https:\/\/rrunning.tribalt.agency\/index.php?rest_route=\/wp\/v2\/product"}],"about":[{"href":"https:\/\/rrunning.tribalt.agency\/index.php?rest_route=\/wp\/v2\/types\/product"}],"wp:featuredmedia":[{"embeddable":true,"href":"https:\/\/rrunning.tribalt.agency\/index.php?rest_route=\/wp\/v2\/media\/3142"}],"wp:attachment":[{"href":"https:\/\/rrunning.tribalt.agency\/index.php?rest_route=%2Fwp%2Fv2%2Fmedia&parent=2548"}],"wp:term":[{"taxonomy":"pwb-brand","embeddable":true,"href":"https:\/\/rrunning.tribalt.agency\/index.php?rest_route=%2Fwp%2Fv2%2Fpwb-brand&post=2548"},{"taxonomy":"product_brand","embeddable":true,"href":"https:\/\/rrunning.tribalt.agency\/index.php?rest_route=%2Fwp%2Fv2%2Fproduct_brand&post=2548"},{"taxonomy":"product_cat","embeddable":true,"href":"https:\/\/rrunning.tribalt.agency\/index.php?rest_route=%2Fwp%2Fv2%2Fproduct_cat&post=2548"},{"taxonomy":"product_tag","embeddable":true,"href":"https:\/\/rrunning.tribalt.agency\/index.php?rest_route=%2Fwp%2Fv2%2Fproduct_tag&post=2548"}],"curies":[{"name":"wp","href":"https:\/\/api.w.org\/{rel}","templated":true}]}}