{"id":2542,"date":"2025-07-24T15:50:14","date_gmt":"2025-07-24T13:50:14","guid":{"rendered":"https:\/\/rrunning.tribalt.agency\/?post_type=product&#038;p=2542"},"modified":"2025-09-16T19:14:22","modified_gmt":"2025-09-16T17:14:22","slug":"hoka-mafate-speed-4","status":"publish","type":"product","link":"https:\/\/rrunning.tribalt.agency\/?product=hoka-mafate-speed-4","title":{"rendered":"MAFATE SPEED 4"},"content":{"rendered":"<p>MAFATE SPEED 4<\/p>\n<p>Couleur : MOUNTAIN FOG\/DRUZY<\/p>\n<p><strong>Amorti r\u00e9actif pour terrains difficiles.<\/strong><\/p>\n<p>V\u00e9ritable produit de r\u00e9f\u00e9rence pour les sentiers techniques, la Mafate\u00a0Speed\u00a04 fait ses d\u00e9buts condensant les atouts des mod\u00e8les EVO\u00a0Mafate et Mafate\u00a0Speed. Ce classique de la gamme HOKA est remis au go\u00fbt du jour avec de nouveaux textiles et une construction revisit\u00e9e, notamment un mesh jacquard monocouche respirant et une semelle interm\u00e9diaire ProFly\u2122 en deux parties con\u00e7ue avec notre mousse HOKA la plus l\u00e9g\u00e8re et la plus r\u00e9active pour plus de confort sous le pied.<\/p>\n<div class=\"description-techspecs description-techspecs--bestfor\">\n<div class=\"description-techspecs__title title\">Id\u00e9ale pour :\u00a0 Trail - Comp\u00e9tition<\/div>\n<div><\/div>\n<\/div>\n<div class=\"description-techspecs description-techspecs--features \">\n<div class=\"description-techspecs__title\">Caract\u00e9ristiques:<\/div>\n<div class=\"description-techspecs__items\">\n<ul>\n<li>Languette et empeigne dynamiques<\/li>\n<li>Embout en caoutchouc pour plus de soutien et protection<\/li>\n<li>Structure de bracelet de talon renforc\u00e9e<\/li>\n<li>Nouvelle mousse l\u00e9g\u00e8re et r\u00e9siliente<\/li>\n<li>Vibram\u00ae Mega-Grip avec construction Litebase et crampons d\u2019adh\u00e9rence de 5\u00a0mm<\/li>\n<li>Vegan<\/li>\n<\/ul>\n<p>Nous avons rendu la Mafate plus l\u00e9g\u00e8re et plus confortable pour am\u00e9liorer votre exp\u00e9rience sur les sentiers techniques.<\/p>\n<\/div>\n<p>Drop :\u00a0 4mm<\/p>\n<\/div>\n","protected":false},"excerpt":{"rendered":"<p>MAFATE SPEED 4 Couleur : MOUNTAIN FOG\/DRUZY Amorti r\u00e9actif pour terrains difficiles. V\u00e9ritable produit de r\u00e9f\u00e9rence pour les sentiers techniques, la Mafate\u00a0Speed\u00a04 fait ses d\u00e9buts condensant les atouts des mod\u00e8les EVO\u00a0Mafate et Mafate\u00a0Speed. Ce classique de la gamme HOKA est remis au go\u00fbt du jour avec de nouveaux textiles et une construction revisit\u00e9e, notamment un [&hellip;]<\/p>\n","protected":false},"featured_media":2978,"template":"","meta":[],"pwb-brand":[102],"product_brand":[],"product_cat":[40,22,43],"product_tag":[],"class_list":{"0":"post-2542","1":"product","2":"type-product","3":"status-publish","4":"has-post-thumbnail","6":"pwb-brand-hoka","7":"product_cat-chaussures-hommes","8":"product_cat-running","9":"product_cat-trail-chaussures-hommes","11":"first","12":"instock","13":"sale","14":"shipping-taxable","15":"purchasable","16":"product-type-simple"},"brands":[{"id":102,"name":"HOKA","slug":"hoka"}],"_links":{"self":[{"href":"https:\/\/rrunning.tribalt.agency\/index.php?rest_route=\/wp\/v2\/product\/2542","targetHints":{"allow":["GET"]}}],"collection":[{"href":"https:\/\/rrunning.tribalt.agency\/index.php?rest_route=\/wp\/v2\/product"}],"about":[{"href":"https:\/\/rrunning.tribalt.agency\/index.php?rest_route=\/wp\/v2\/types\/product"}],"wp:featuredmedia":[{"embeddable":true,"href":"https:\/\/rrunning.tribalt.agency\/index.php?rest_route=\/wp\/v2\/media\/2978"}],"wp:attachment":[{"href":"https:\/\/rrunning.tribalt.agency\/index.php?rest_route=%2Fwp%2Fv2%2Fmedia&parent=2542"}],"wp:term":[{"taxonomy":"pwb-brand","embeddable":true,"href":"https:\/\/rrunning.tribalt.agency\/index.php?rest_route=%2Fwp%2Fv2%2Fpwb-brand&post=2542"},{"taxonomy":"product_brand","embeddable":true,"href":"https:\/\/rrunning.tribalt.agency\/index.php?rest_route=%2Fwp%2Fv2%2Fproduct_brand&post=2542"},{"taxonomy":"product_cat","embeddable":true,"href":"https:\/\/rrunning.tribalt.agency\/index.php?rest_route=%2Fwp%2Fv2%2Fproduct_cat&post=2542"},{"taxonomy":"product_tag","embeddable":true,"href":"https:\/\/rrunning.tribalt.agency\/index.php?rest_route=%2Fwp%2Fv2%2Fproduct_tag&post=2542"}],"curies":[{"name":"wp","href":"https:\/\/api.w.org\/{rel}","templated":true}]}}