{"id":254,"date":"2025-04-04T15:06:16","date_gmt":"2025-04-04T13:06:16","guid":{"rendered":"https:\/\/rrunning.tribalt.agency\/?post_type=product&#038;p=254"},"modified":"2025-09-02T10:28:44","modified_gmt":"2025-09-02T08:28:44","slug":"ghost-16","status":"publish","type":"product","link":"https:\/\/rrunning.tribalt.agency\/?product=ghost-16","title":{"rendered":"GHOST 16"},"content":{"rendered":"<p><strong>ELECTRIC BLUE\/NAVY\/LEMON<\/strong><\/p>\n<p>Enfile la nouvelle Ghost 16 pour homme. Nous avons mis \u00e0 jour l\u2019amorti doux et fiable pour le rendre plus l\u00e9ger, et am\u00e9lior\u00e9 la tige pour offrir un chaussant s\u00fbr et une respirabilit\u00e9 parfaite.<\/p>\n<p><strong>Des performances am\u00e9lior\u00e9es<\/strong><\/p>\n<p>Avec son amorti plus doux et plus l\u00e9ger et une r\u00e9duction de poids de 17 grammes par rapport au mod\u00e8le pr\u00e9c\u00e9dent, la Ghost\u00a016 te permet d\u2019am\u00e9liorer tes performances. La semelle ext\u00e9rieure est d\u00e9sormais dot\u00e9e de caoutchouc RoadTack durable et recycl\u00e9, infus\u00e9 de silice. Ces am\u00e9liorations servent \u00e0 sublimer ton exp\u00e9rience du running.<\/p>\n<p><em>Drop :12mm<\/em><\/p>\n","protected":false},"excerpt":{"rendered":"<p>ELECTRIC BLUE\/NAVY\/LEMON Enfile la nouvelle Ghost 16 pour homme. Nous avons mis \u00e0 jour l\u2019amorti doux et fiable pour le rendre plus l\u00e9ger, et am\u00e9lior\u00e9 la tige pour offrir un chaussant s\u00fbr et une respirabilit\u00e9 parfaite. Des performances am\u00e9lior\u00e9es Avec son amorti plus doux et plus l\u00e9ger et une r\u00e9duction de poids de 17 grammes [&hellip;]<\/p>\n","protected":false},"featured_media":2573,"template":"","meta":[],"pwb-brand":[92],"product_brand":[],"product_cat":[42],"product_tag":[],"class_list":{"0":"post-254","1":"product","2":"type-product","3":"status-publish","4":"has-post-thumbnail","6":"pwb-brand-brooks","7":"product_cat-route-chaussures-hommes","9":"first","10":"instock","11":"sale","12":"shipping-taxable","13":"purchasable","14":"product-type-simple"},"brands":[{"id":92,"name":"BROOKS","slug":"brooks"}],"_links":{"self":[{"href":"https:\/\/rrunning.tribalt.agency\/index.php?rest_route=\/wp\/v2\/product\/254","targetHints":{"allow":["GET"]}}],"collection":[{"href":"https:\/\/rrunning.tribalt.agency\/index.php?rest_route=\/wp\/v2\/product"}],"about":[{"href":"https:\/\/rrunning.tribalt.agency\/index.php?rest_route=\/wp\/v2\/types\/product"}],"wp:featuredmedia":[{"embeddable":true,"href":"https:\/\/rrunning.tribalt.agency\/index.php?rest_route=\/wp\/v2\/media\/2573"}],"wp:attachment":[{"href":"https:\/\/rrunning.tribalt.agency\/index.php?rest_route=%2Fwp%2Fv2%2Fmedia&parent=254"}],"wp:term":[{"taxonomy":"pwb-brand","embeddable":true,"href":"https:\/\/rrunning.tribalt.agency\/index.php?rest_route=%2Fwp%2Fv2%2Fpwb-brand&post=254"},{"taxonomy":"product_brand","embeddable":true,"href":"https:\/\/rrunning.tribalt.agency\/index.php?rest_route=%2Fwp%2Fv2%2Fproduct_brand&post=254"},{"taxonomy":"product_cat","embeddable":true,"href":"https:\/\/rrunning.tribalt.agency\/index.php?rest_route=%2Fwp%2Fv2%2Fproduct_cat&post=254"},{"taxonomy":"product_tag","embeddable":true,"href":"https:\/\/rrunning.tribalt.agency\/index.php?rest_route=%2Fwp%2Fv2%2Fproduct_tag&post=254"}],"curies":[{"name":"wp","href":"https:\/\/api.w.org\/{rel}","templated":true}]}}