{"id":2523,"date":"2025-07-24T11:42:00","date_gmt":"2025-07-24T09:42:00","guid":{"rendered":"https:\/\/rrunning.tribalt.agency\/?post_type=product&#038;p=2523"},"modified":"2025-08-27T16:32:02","modified_gmt":"2025-08-27T14:32:02","slug":"mizuno-wave-mujin-10","status":"publish","type":"product","link":"https:\/\/rrunning.tribalt.agency\/?product=mizuno-wave-mujin-10","title":{"rendered":"WAVE MUJIN 10"},"content":{"rendered":"<p><strong>WAVE MUJIN 10<\/strong><\/p>\n<p><strong>Couleur<\/strong> : REFLEX BLUEC\/WHITE\/GREEN GECK<\/p>\n<p>Cette chaussure de soutien est parfaite pour les coureurs qui aiment relever des d\u00e9fis. Vous pouvez vous attaquer aux courses de longue distance et aux sentiers techniques en toute confiance gr\u00e2ce \u00e0 la semelle Vibram Megagrip qui am\u00e9liore consid\u00e9rablement l'adh\u00e9rence, m\u00eame sur les terrains humides et irr\u00e9guliers. Les pans de soutien du milieu du pied jusqu'aux c\u00f4t\u00e9s du talon vous permettront de naviguer sur les sentiers les plus difficiles. Les technologies MIZUNO ENERZY et MIZUNO WAVE augmentent l'amorti et le retour d'\u00e9nergie pour une foul\u00e9e souple. 1) MOUSSE MIZUNO ENERZY La technologie MIZUNO ENERZY, qui offre un amorti et un retour d'\u00e9nergie exceptionnels, est ins\u00e9r\u00e9e dans la semelle interm\u00e9diaire sup\u00e9rieure. 2) MOUSSE MIZUNO WAVE La technologie MIZUNO WAVE, avec sa structure ondul\u00e9e en EVA offrant deux niveaux de rigidit\u00e9, am\u00e9liore la stabilit\u00e9 sans faire de compromis sur l'amorti. Pr\u00e9sente sur toute la longueur de la chaussure, elle permet de franchir les montagnes en douceur. 3) Pans de soutien Les pans de soutien du milieu du pied jusqu'au talon maintiennent le pied en place, m\u00eame dans les conditions les plus difficiles. 4) Vibram Megagrip Le meilleur compos\u00e9 haute performance de Vibram. Il offre une adh\u00e9rence exceptionnelle, en particulier sur les terrains humides et irr\u00e9guliers. (30 % d'adh\u00e9rence verticale et 20 % d'adh\u00e9rence lat\u00e9rale en plus par rapport aux semelles Vibram conventionnelles)<\/p>\n<p><strong>Drop<\/strong> : 8mm<\/p>\n","protected":false},"excerpt":{"rendered":"<p>WAVE MUJIN 10 Couleur : REFLEX BLUEC\/WHITE\/GREEN GECK Cette chaussure de soutien est parfaite pour les coureurs qui aiment relever des d\u00e9fis. Vous pouvez vous attaquer aux courses de longue distance et aux sentiers techniques en toute confiance gr\u00e2ce \u00e0 la semelle Vibram Megagrip qui am\u00e9liore consid\u00e9rablement l'adh\u00e9rence, m\u00eame sur les terrains humides et irr\u00e9guliers. [&hellip;]<\/p>\n","protected":false},"featured_media":2590,"template":"","meta":[],"pwb-brand":[17],"product_brand":[],"product_cat":[40,22,43],"product_tag":[],"class_list":{"0":"post-2523","1":"product","2":"type-product","3":"status-publish","4":"has-post-thumbnail","6":"pwb-brand-mizuno","7":"product_cat-chaussures-hommes","8":"product_cat-running","9":"product_cat-trail-chaussures-hommes","11":"first","12":"instock","13":"shipping-taxable","14":"purchasable","15":"product-type-simple"},"brands":[{"id":17,"name":"MIZUNO","slug":"mizuno"}],"_links":{"self":[{"href":"https:\/\/rrunning.tribalt.agency\/index.php?rest_route=\/wp\/v2\/product\/2523","targetHints":{"allow":["GET"]}}],"collection":[{"href":"https:\/\/rrunning.tribalt.agency\/index.php?rest_route=\/wp\/v2\/product"}],"about":[{"href":"https:\/\/rrunning.tribalt.agency\/index.php?rest_route=\/wp\/v2\/types\/product"}],"wp:featuredmedia":[{"embeddable":true,"href":"https:\/\/rrunning.tribalt.agency\/index.php?rest_route=\/wp\/v2\/media\/2590"}],"wp:attachment":[{"href":"https:\/\/rrunning.tribalt.agency\/index.php?rest_route=%2Fwp%2Fv2%2Fmedia&parent=2523"}],"wp:term":[{"taxonomy":"pwb-brand","embeddable":true,"href":"https:\/\/rrunning.tribalt.agency\/index.php?rest_route=%2Fwp%2Fv2%2Fpwb-brand&post=2523"},{"taxonomy":"product_brand","embeddable":true,"href":"https:\/\/rrunning.tribalt.agency\/index.php?rest_route=%2Fwp%2Fv2%2Fproduct_brand&post=2523"},{"taxonomy":"product_cat","embeddable":true,"href":"https:\/\/rrunning.tribalt.agency\/index.php?rest_route=%2Fwp%2Fv2%2Fproduct_cat&post=2523"},{"taxonomy":"product_tag","embeddable":true,"href":"https:\/\/rrunning.tribalt.agency\/index.php?rest_route=%2Fwp%2Fv2%2Fproduct_tag&post=2523"}],"curies":[{"name":"wp","href":"https:\/\/api.w.org\/{rel}","templated":true}]}}