{"id":2517,"date":"2025-07-24T11:17:39","date_gmt":"2025-07-24T09:17:39","guid":{"rendered":"https:\/\/rrunning.tribalt.agency\/?post_type=product&#038;p=2517"},"modified":"2025-09-16T19:09:54","modified_gmt":"2025-09-16T17:09:54","slug":"brooks-catamount-4","status":"publish","type":"product","link":"https:\/\/rrunning.tribalt.agency\/?product=brooks-catamount-4","title":{"rendered":"CATAMOUNT 4"},"content":{"rendered":"<p>CATAMOUNT 4<\/p>\n<p><strong>Couleur<\/strong> : LEGION BLUE\/CELESTIAL\/FLAME<\/p>\n<p class=\"m-long-description-text\">D\u00e9couvre nos chaussures de trail pour hommes avec un amorti r\u00e9actif et une traction sup\u00e9rieure, con\u00e7ues pour affronter les trails verticaux \u00e0 toute allure.<\/p>\n<h3 class=\"a-type-h6--big m-long-description__label u-spacing-x-small--bottom\">Durabilit\u00e9<\/h3>\n<div class=\"m-long-description__sustainability\">\n<div class=\"m-long-description__sustainability--container\">\n<div class=\"m-long-description__sustainability--value\">42.2 %<\/div>\n<div class=\"m-long-description__sustainability--text\">Mat\u00e9riaux recycl\u00e9s dans la tige<\/div>\n<\/div>\n<\/div>\n<h3 class=\"a-type-h6--big m-long-description__label u-spacing-x-small--bottom\">Parfaite pour\u2026<\/h3>\n<ul class=\"m-long-description__best-for\">\n<li class=\"m-long-description__best-for-item\">\n<div class=\"m-long-description__best-for-text\">Participer \u00e0 des comp\u00e9titions de trail<\/div>\n<\/li>\n<li class=\"m-long-description__best-for-item\">\n<div class=\"m-long-description__best-for-text\">Traction tout-terrain<\/div>\n<\/li>\n<li class=\"m-long-description__best-for-item\">\n<div class=\"m-long-description__best-for-text\">Efficacit\u00e9 en mont\u00e9e<\/div>\n<\/li>\n<\/ul>\n<h3 class=\"a-type-h6--big m-long-description__label u-spacing-x-small--bottom\">Caract\u00e9ristiques<\/h3>\n<ul class=\"m-long-description__features\">\n<li class=\"m-long-description__feature\">\n<div class=\"m-long-description__feature-text\">Efficacit\u00e9 en mont\u00e9e<\/div>\n<\/li>\n<li class=\"m-long-description__feature\">\n<div class=\"m-long-description__feature-text\">Traction tout-terrain<\/div>\n<\/li>\n<li class=\"m-long-description__feature\">\n<div class=\"m-long-description__feature-text\">Tige respirante performante<\/div>\n<\/li>\n<\/ul>\n<p><strong>Drop<\/strong> : 6mm<\/p>\n","protected":false},"excerpt":{"rendered":"<p>CATAMOUNT 4 Couleur : LEGION BLUE\/CELESTIAL\/FLAME D\u00e9couvre nos chaussures de trail pour hommes avec un amorti r\u00e9actif et une traction sup\u00e9rieure, con\u00e7ues pour affronter les trails verticaux \u00e0 toute allure. Durabilit\u00e9 42.2 % Mat\u00e9riaux recycl\u00e9s dans la tige Parfaite pour\u2026 Participer \u00e0 des comp\u00e9titions de trail Traction tout-terrain Efficacit\u00e9 en mont\u00e9e Caract\u00e9ristiques Efficacit\u00e9 en mont\u00e9e [&hellip;]<\/p>\n","protected":false},"featured_media":2570,"template":"","meta":[],"pwb-brand":[92],"product_brand":[],"product_cat":[40,22,43],"product_tag":[],"class_list":{"0":"post-2517","1":"product","2":"type-product","3":"status-publish","4":"has-post-thumbnail","6":"pwb-brand-brooks","7":"product_cat-chaussures-hommes","8":"product_cat-running","9":"product_cat-trail-chaussures-hommes","11":"first","12":"instock","13":"sale","14":"shipping-taxable","15":"purchasable","16":"product-type-simple"},"brands":[{"id":92,"name":"BROOKS","slug":"brooks"}],"_links":{"self":[{"href":"https:\/\/rrunning.tribalt.agency\/index.php?rest_route=\/wp\/v2\/product\/2517","targetHints":{"allow":["GET"]}}],"collection":[{"href":"https:\/\/rrunning.tribalt.agency\/index.php?rest_route=\/wp\/v2\/product"}],"about":[{"href":"https:\/\/rrunning.tribalt.agency\/index.php?rest_route=\/wp\/v2\/types\/product"}],"wp:featuredmedia":[{"embeddable":true,"href":"https:\/\/rrunning.tribalt.agency\/index.php?rest_route=\/wp\/v2\/media\/2570"}],"wp:attachment":[{"href":"https:\/\/rrunning.tribalt.agency\/index.php?rest_route=%2Fwp%2Fv2%2Fmedia&parent=2517"}],"wp:term":[{"taxonomy":"pwb-brand","embeddable":true,"href":"https:\/\/rrunning.tribalt.agency\/index.php?rest_route=%2Fwp%2Fv2%2Fpwb-brand&post=2517"},{"taxonomy":"product_brand","embeddable":true,"href":"https:\/\/rrunning.tribalt.agency\/index.php?rest_route=%2Fwp%2Fv2%2Fproduct_brand&post=2517"},{"taxonomy":"product_cat","embeddable":true,"href":"https:\/\/rrunning.tribalt.agency\/index.php?rest_route=%2Fwp%2Fv2%2Fproduct_cat&post=2517"},{"taxonomy":"product_tag","embeddable":true,"href":"https:\/\/rrunning.tribalt.agency\/index.php?rest_route=%2Fwp%2Fv2%2Fproduct_tag&post=2517"}],"curies":[{"name":"wp","href":"https:\/\/api.w.org\/{rel}","templated":true}]}}