{"id":2510,"date":"2025-07-24T11:11:59","date_gmt":"2025-07-24T09:11:59","guid":{"rendered":"https:\/\/rrunning.tribalt.agency\/?post_type=product&#038;p=2510"},"modified":"2025-08-27T11:31:33","modified_gmt":"2025-08-27T09:31:33","slug":"brooks-caldera-8","status":"publish","type":"product","link":"https:\/\/rrunning.tribalt.agency\/?product=brooks-caldera-8","title":{"rendered":"CALDERA 8"},"content":{"rendered":"<p>CALDERA 8<\/p>\n<p>Couleur : BIT OF BLUE\/QUINCE\/CELESTIAL<\/p>\n<p class=\"m-long-description-text\">Ces chaussures de trail ultra-amorties sont toujours pr\u00eates pour ta prochaine aventure. Ne rate pas la Caldera\u00a08 avec son confort durable, son amorti moelleux et sa foul\u00e9e adaptable, con\u00e7ue pour les runs de longue dur\u00e9e.<\/p>\n<h3 class=\"a-type-h6--big m-long-description__label u-spacing-x-small--bottom\">Durabilit\u00e9<\/h3>\n<div class=\"m-long-description__sustainability\">\n<div class=\"m-long-description__sustainability--container\">\n<div class=\"m-long-description__sustainability--value\">52.9 %<\/div>\n<div class=\"m-long-description__sustainability--text\">Mat\u00e9riaux recycl\u00e9s dans la tige<\/div>\n<\/div>\n<\/div>\n<h3 class=\"a-type-h6--big m-long-description__label u-spacing-x-small--bottom\">Parfaite pour\u2026<\/h3>\n<ul class=\"m-long-description__best-for\">\n<li class=\"m-long-description__best-for-item\">\n<div class=\"m-long-description__best-for-text\">Ultra-trail<\/div>\n<\/li>\n<li class=\"m-long-description__best-for-item\">\n<div class=\"m-long-description__best-for-text\">Courses et comp\u00e9titions de trail de plus de 50\u00a0km<\/div>\n<\/li>\n<\/ul>\n<h3 class=\"a-type-h6--big m-long-description__label u-spacing-x-small--bottom\">Caract\u00e9ristiques<\/h3>\n<ul class=\"m-long-description__features\">\n<li class=\"m-long-description__feature\">\n<div class=\"m-long-description__feature-text\">Amorti suppl\u00e9mentaire<\/div>\n<\/li>\n<li class=\"m-long-description__feature\">\n<div class=\"m-long-description__feature-text\">Une foul\u00e9e l\u00e9g\u00e8re et adaptable<\/div>\n<\/li>\n<li class=\"m-long-description__feature\">\n<div class=\"m-long-description__feature-text\">Tige respirante performante<\/div>\n<\/li>\n<\/ul>\n","protected":false},"excerpt":{"rendered":"<p>CALDERA 8 Couleur : BIT OF BLUE\/QUINCE\/CELESTIAL Ces chaussures de trail ultra-amorties sont toujours pr\u00eates pour ta prochaine aventure. Ne rate pas la Caldera\u00a08 avec son confort durable, son amorti moelleux et sa foul\u00e9e adaptable, con\u00e7ue pour les runs de longue dur\u00e9e. Durabilit\u00e9 52.9 % Mat\u00e9riaux recycl\u00e9s dans la tige Parfaite pour\u2026 Ultra-trail Courses et [&hellip;]<\/p>\n","protected":false},"featured_media":2568,"template":"","meta":[],"pwb-brand":[92],"product_brand":[],"product_cat":[40,22,43],"product_tag":[],"class_list":{"0":"post-2510","1":"product","2":"type-product","3":"status-publish","4":"has-post-thumbnail","6":"pwb-brand-brooks","7":"product_cat-chaussures-hommes","8":"product_cat-running","9":"product_cat-trail-chaussures-hommes","11":"first","12":"instock","13":"shipping-taxable","14":"purchasable","15":"product-type-simple"},"brands":[{"id":92,"name":"BROOKS","slug":"brooks"}],"_links":{"self":[{"href":"https:\/\/rrunning.tribalt.agency\/index.php?rest_route=\/wp\/v2\/product\/2510","targetHints":{"allow":["GET"]}}],"collection":[{"href":"https:\/\/rrunning.tribalt.agency\/index.php?rest_route=\/wp\/v2\/product"}],"about":[{"href":"https:\/\/rrunning.tribalt.agency\/index.php?rest_route=\/wp\/v2\/types\/product"}],"wp:featuredmedia":[{"embeddable":true,"href":"https:\/\/rrunning.tribalt.agency\/index.php?rest_route=\/wp\/v2\/media\/2568"}],"wp:attachment":[{"href":"https:\/\/rrunning.tribalt.agency\/index.php?rest_route=%2Fwp%2Fv2%2Fmedia&parent=2510"}],"wp:term":[{"taxonomy":"pwb-brand","embeddable":true,"href":"https:\/\/rrunning.tribalt.agency\/index.php?rest_route=%2Fwp%2Fv2%2Fpwb-brand&post=2510"},{"taxonomy":"product_brand","embeddable":true,"href":"https:\/\/rrunning.tribalt.agency\/index.php?rest_route=%2Fwp%2Fv2%2Fproduct_brand&post=2510"},{"taxonomy":"product_cat","embeddable":true,"href":"https:\/\/rrunning.tribalt.agency\/index.php?rest_route=%2Fwp%2Fv2%2Fproduct_cat&post=2510"},{"taxonomy":"product_tag","embeddable":true,"href":"https:\/\/rrunning.tribalt.agency\/index.php?rest_route=%2Fwp%2Fv2%2Fproduct_tag&post=2510"}],"curies":[{"name":"wp","href":"https:\/\/api.w.org\/{rel}","templated":true}]}}