{"id":2509,"date":"2025-07-24T10:56:43","date_gmt":"2025-07-24T08:56:43","guid":{"rendered":"https:\/\/rrunning.tribalt.agency\/?post_type=product&#038;p=2509"},"modified":"2025-09-16T19:10:25","modified_gmt":"2025-09-16T17:10:25","slug":"brooks-cascadia-18","status":"publish","type":"product","link":"https:\/\/rrunning.tribalt.agency\/?product=brooks-cascadia-18","title":{"rendered":"CASCADIA 18"},"content":{"rendered":"<p>CASCADIA 18<\/p>\n<p>Couleur : BLACK\/BLUE WASH\/ORANGE<\/p>\n<p class=\"m-long-description-text\">Pr\u00e9pare-toi pour ta prochaine aventure. Les chaussures de trail Cascadia\u00a018 pour homme sont dot\u00e9es d\u2019une nouvelle version de la tige en mesh avec un rev\u00eatement protecteur dans les zones \u00e0 forte usure. Un amorti doux et un syst\u00e8me adaptable offrant de la stabilit\u00e9 am\u00e9liorent le confort \u00e0 l\u2019heure de parcourir les sentiers. L\u2019adh\u00e9rence et la traction permettent des foul\u00e9es s\u00fbres\u00a0: tu pourras profiter de la vue en n\u2019ayant qu\u2019\u00e0 regarder tes pieds.<\/p>\n<h3 class=\"a-type-h6--big m-long-description__label u-spacing-x-small--bottom\">Durabilit\u00e9<\/h3>\n<div class=\"m-long-description__sustainability\">\n<div class=\"m-long-description__sustainability--container\">\n<div class=\"m-long-description__sustainability--value\">53.5 %<\/div>\n<div class=\"m-long-description__sustainability--text\">Mat\u00e9riaux recycl\u00e9s dans la tige<\/div>\n<\/div>\n<\/div>\n<h3 class=\"a-type-h6--big m-long-description__label u-spacing-x-small--bottom\">Parfaite pour\u2026<\/h3>\n<ul class=\"m-long-description__best-for\">\n<li class=\"m-long-description__best-for-item\">\n<div class=\"m-long-description__best-for-text\">Les sentiers de montagne<\/div>\n<\/li>\n<li class=\"m-long-description__best-for-item\">\n<div class=\"m-long-description__best-for-text\">Stabilit\u00e9 adaptable<\/div>\n<\/li>\n<li class=\"m-long-description__best-for-item\">\n<div class=\"m-long-description__best-for-text\">Traction haute performance<\/div>\n<\/li>\n<li class=\"m-long-description__best-for-item\">\n<div class=\"m-long-description__best-for-text\">Confort sous le pied<\/div>\n<\/li>\n<\/ul>\n<h3 class=\"a-type-h6--big m-long-description__label u-spacing-x-small--bottom\">Caract\u00e9ristiques<\/h3>\n<ul class=\"m-long-description__features\">\n<li class=\"m-long-description__feature\">\n<div class=\"m-long-description__feature-text\">Stabilit\u00e9 tout-terrain<\/div>\n<\/li>\n<li class=\"m-long-description__feature\">\n<div class=\"m-long-description__feature-text\">Amorti doux<\/div>\n<\/li>\n<li class=\"m-long-description__feature\">\n<div class=\"m-long-description__feature-text\">Tige protectrice<\/div>\n<\/li>\n<li class=\"m-long-description__feature\">\n<div class=\"m-long-description__feature-text\">Traction s\u00e9curis\u00e9e<\/div>\n<\/li>\n<\/ul>\n<p><strong>Drop<\/strong> : 8mm<\/p>\n","protected":false},"excerpt":{"rendered":"<p>CASCADIA 18 Couleur : BLACK\/BLUE WASH\/ORANGE Pr\u00e9pare-toi pour ta prochaine aventure. Les chaussures de trail Cascadia\u00a018 pour homme sont dot\u00e9es d\u2019une nouvelle version de la tige en mesh avec un rev\u00eatement protecteur dans les zones \u00e0 forte usure. Un amorti doux et un syst\u00e8me adaptable offrant de la stabilit\u00e9 am\u00e9liorent le confort \u00e0 l\u2019heure de [&hellip;]<\/p>\n","protected":false},"featured_media":2566,"template":"","meta":[],"pwb-brand":[92],"product_brand":[],"product_cat":[40,22,43],"product_tag":[],"class_list":{"0":"post-2509","1":"product","2":"type-product","3":"status-publish","4":"has-post-thumbnail","6":"pwb-brand-brooks","7":"product_cat-chaussures-hommes","8":"product_cat-running","9":"product_cat-trail-chaussures-hommes","11":"first","12":"instock","13":"sale","14":"shipping-taxable","15":"purchasable","16":"product-type-simple"},"brands":[{"id":92,"name":"BROOKS","slug":"brooks"}],"_links":{"self":[{"href":"https:\/\/rrunning.tribalt.agency\/index.php?rest_route=\/wp\/v2\/product\/2509","targetHints":{"allow":["GET"]}}],"collection":[{"href":"https:\/\/rrunning.tribalt.agency\/index.php?rest_route=\/wp\/v2\/product"}],"about":[{"href":"https:\/\/rrunning.tribalt.agency\/index.php?rest_route=\/wp\/v2\/types\/product"}],"wp:featuredmedia":[{"embeddable":true,"href":"https:\/\/rrunning.tribalt.agency\/index.php?rest_route=\/wp\/v2\/media\/2566"}],"wp:attachment":[{"href":"https:\/\/rrunning.tribalt.agency\/index.php?rest_route=%2Fwp%2Fv2%2Fmedia&parent=2509"}],"wp:term":[{"taxonomy":"pwb-brand","embeddable":true,"href":"https:\/\/rrunning.tribalt.agency\/index.php?rest_route=%2Fwp%2Fv2%2Fpwb-brand&post=2509"},{"taxonomy":"product_brand","embeddable":true,"href":"https:\/\/rrunning.tribalt.agency\/index.php?rest_route=%2Fwp%2Fv2%2Fproduct_brand&post=2509"},{"taxonomy":"product_cat","embeddable":true,"href":"https:\/\/rrunning.tribalt.agency\/index.php?rest_route=%2Fwp%2Fv2%2Fproduct_cat&post=2509"},{"taxonomy":"product_tag","embeddable":true,"href":"https:\/\/rrunning.tribalt.agency\/index.php?rest_route=%2Fwp%2Fv2%2Fproduct_tag&post=2509"}],"curies":[{"name":"wp","href":"https:\/\/api.w.org\/{rel}","templated":true}]}}