{"id":2491,"date":"2025-07-24T10:30:24","date_gmt":"2025-07-24T08:30:24","guid":{"rendered":"https:\/\/rrunning.tribalt.agency\/?post_type=product&#038;p=2491"},"modified":"2025-08-27T16:15:16","modified_gmt":"2025-08-27T14:15:16","slug":"saucony-peregrine-15","status":"publish","type":"product","link":"https:\/\/rrunning.tribalt.agency\/?product=saucony-peregrine-15","title":{"rendered":"SAUCONY  PEREGRINE 15"},"content":{"rendered":"<p><strong>PEREGRINE 15<\/strong><\/p>\n<p><span class=\"variant-color-name 59976M normal\"><strong>Couleur<\/strong> : Peel | Navy<\/span><\/p>\n<div class=\"bfx-product-desc col-xs-12 col-md-6\">\n<div class=\"description\">\n<p>Un nouveau m\u00e9lange de mousse PWRRUN offre plus d\u2019amorti, de confort et de souplesse, comme jamais auparavant.<\/p>\n<p>La nouvelle version de la semelle ext\u00e9rieure en caoutchouc PWRTRAC, qui offre une couvrance compl\u00e8te, apporte une durabilit\u00e9 et une adh\u00e9rence maximales. Plaque de protection \u00e0 l\u2019avant du pied pour plus de protection.<\/p>\n<p>Tige en mesh \u00e0 haute r\u00e9sistance avec une protection suppl\u00e9mentaire sur les zones d\u2019abrasion \u00e9lev\u00e9e et anneau en D pour \u00eatre compatible avec les gu\u00eatres. Trail technique.<\/p>\n<h4>Drop :\u00a05mm<\/h4>\n<\/div>\n<\/div>\n","protected":false},"excerpt":{"rendered":"<p>PEREGRINE 15 Couleur : Peel | Navy Un nouveau m\u00e9lange de mousse PWRRUN offre plus d\u2019amorti, de confort et de souplesse, comme jamais auparavant. La nouvelle version de la semelle ext\u00e9rieure en caoutchouc PWRTRAC, qui offre une couvrance compl\u00e8te, apporte une durabilit\u00e9 et une adh\u00e9rence maximales. Plaque de protection \u00e0 l\u2019avant du pied pour plus [&hellip;]<\/p>\n","protected":false},"featured_media":2492,"template":"","meta":[],"pwb-brand":[120],"product_brand":[],"product_cat":[40,43],"product_tag":[],"class_list":{"0":"post-2491","1":"product","2":"type-product","3":"status-publish","4":"has-post-thumbnail","6":"pwb-brand-saucony","7":"product_cat-chaussures-hommes","8":"product_cat-trail-chaussures-hommes","10":"first","11":"instock","12":"shipping-taxable","13":"purchasable","14":"product-type-simple"},"brands":[{"id":120,"name":"SAUCONY","slug":"saucony"}],"_links":{"self":[{"href":"https:\/\/rrunning.tribalt.agency\/index.php?rest_route=\/wp\/v2\/product\/2491","targetHints":{"allow":["GET"]}}],"collection":[{"href":"https:\/\/rrunning.tribalt.agency\/index.php?rest_route=\/wp\/v2\/product"}],"about":[{"href":"https:\/\/rrunning.tribalt.agency\/index.php?rest_route=\/wp\/v2\/types\/product"}],"wp:featuredmedia":[{"embeddable":true,"href":"https:\/\/rrunning.tribalt.agency\/index.php?rest_route=\/wp\/v2\/media\/2492"}],"wp:attachment":[{"href":"https:\/\/rrunning.tribalt.agency\/index.php?rest_route=%2Fwp%2Fv2%2Fmedia&parent=2491"}],"wp:term":[{"taxonomy":"pwb-brand","embeddable":true,"href":"https:\/\/rrunning.tribalt.agency\/index.php?rest_route=%2Fwp%2Fv2%2Fpwb-brand&post=2491"},{"taxonomy":"product_brand","embeddable":true,"href":"https:\/\/rrunning.tribalt.agency\/index.php?rest_route=%2Fwp%2Fv2%2Fproduct_brand&post=2491"},{"taxonomy":"product_cat","embeddable":true,"href":"https:\/\/rrunning.tribalt.agency\/index.php?rest_route=%2Fwp%2Fv2%2Fproduct_cat&post=2491"},{"taxonomy":"product_tag","embeddable":true,"href":"https:\/\/rrunning.tribalt.agency\/index.php?rest_route=%2Fwp%2Fv2%2Fproduct_tag&post=2491"}],"curies":[{"name":"wp","href":"https:\/\/api.w.org\/{rel}","templated":true}]}}