{"id":249,"date":"2025-04-04T15:00:40","date_gmt":"2025-04-04T13:00:40","guid":{"rendered":"https:\/\/rrunning.tribalt.agency\/?post_type=product&#038;p=249"},"modified":"2025-09-02T10:29:23","modified_gmt":"2025-09-02T08:29:23","slug":"hyperion-elite-4","status":"publish","type":"product","link":"https:\/\/rrunning.tribalt.agency\/?product=hyperion-elite-4","title":{"rendered":"HYPERION ELITE 4"},"content":{"rendered":"<p><strong> Illusion Blue\/Coral\/Orange<\/strong><\/p>\n<p>Pr\u00eat \u00e0 te lancer dans les runs les plus rapides que tu aies jamais courus\u00a0? Les chaussures de running sur route Hyperion\u00a0Elite\u00a04 sont con\u00e7ues pour am\u00e9liorer tes records sur des distances allant du 5\u00a0km au marathon. Le nouvel amorti plus l\u00e9ger contient des couches \u00e9lev\u00e9es pour absorber les chocs tandis que la plaque de propulsion en fibre de carbone Arris t\u2019aide \u00e0 te propulser vers l\u2019avant. Qui plus est, une nouvelle tige te procure de la respirabilit\u00e9 et un chaussant ajust\u00e9. Combin\u00e9s, ces \u00e9l\u00e9ments te permettent d\u2019avoir des foul\u00e9es douces et ultra-l\u00e9g\u00e8res qui t\u2019accompagneront pour des runs effectu\u00e9s en un temps record.<\/p>\n<p><em>Drop : 8 mm<\/em><\/p>\n","protected":false},"excerpt":{"rendered":"<p>Illusion Blue\/Coral\/Orange Pr\u00eat \u00e0 te lancer dans les runs les plus rapides que tu aies jamais courus\u00a0? Les chaussures de running sur route Hyperion\u00a0Elite\u00a04 sont con\u00e7ues pour am\u00e9liorer tes records sur des distances allant du 5\u00a0km au marathon. Le nouvel amorti plus l\u00e9ger contient des couches \u00e9lev\u00e9es pour absorber les chocs tandis que la plaque [&hellip;]<\/p>\n","protected":false},"featured_media":2961,"template":"","meta":[],"pwb-brand":[92],"product_brand":[],"product_cat":[42],"product_tag":[],"class_list":{"0":"post-249","1":"product","2":"type-product","3":"status-publish","4":"has-post-thumbnail","6":"pwb-brand-brooks","7":"product_cat-route-chaussures-hommes","9":"first","10":"instock","11":"sale","12":"shipping-taxable","13":"purchasable","14":"product-type-simple"},"brands":[{"id":92,"name":"BROOKS","slug":"brooks"}],"_links":{"self":[{"href":"https:\/\/rrunning.tribalt.agency\/index.php?rest_route=\/wp\/v2\/product\/249","targetHints":{"allow":["GET"]}}],"collection":[{"href":"https:\/\/rrunning.tribalt.agency\/index.php?rest_route=\/wp\/v2\/product"}],"about":[{"href":"https:\/\/rrunning.tribalt.agency\/index.php?rest_route=\/wp\/v2\/types\/product"}],"wp:featuredmedia":[{"embeddable":true,"href":"https:\/\/rrunning.tribalt.agency\/index.php?rest_route=\/wp\/v2\/media\/2961"}],"wp:attachment":[{"href":"https:\/\/rrunning.tribalt.agency\/index.php?rest_route=%2Fwp%2Fv2%2Fmedia&parent=249"}],"wp:term":[{"taxonomy":"pwb-brand","embeddable":true,"href":"https:\/\/rrunning.tribalt.agency\/index.php?rest_route=%2Fwp%2Fv2%2Fpwb-brand&post=249"},{"taxonomy":"product_brand","embeddable":true,"href":"https:\/\/rrunning.tribalt.agency\/index.php?rest_route=%2Fwp%2Fv2%2Fproduct_brand&post=249"},{"taxonomy":"product_cat","embeddable":true,"href":"https:\/\/rrunning.tribalt.agency\/index.php?rest_route=%2Fwp%2Fv2%2Fproduct_cat&post=249"},{"taxonomy":"product_tag","embeddable":true,"href":"https:\/\/rrunning.tribalt.agency\/index.php?rest_route=%2Fwp%2Fv2%2Fproduct_tag&post=249"}],"curies":[{"name":"wp","href":"https:\/\/api.w.org\/{rel}","templated":true}]}}