{"id":2474,"date":"2025-07-23T18:28:32","date_gmt":"2025-07-23T16:28:32","guid":{"rendered":"https:\/\/rrunning.tribalt.agency\/?post_type=product&#038;p=2474"},"modified":"2025-08-27T15:38:25","modified_gmt":"2025-08-27T13:38:25","slug":"hoka-speedgoat-6","status":"publish","type":"product","link":"https:\/\/rrunning.tribalt.agency\/?product=hoka-speedgoat-6","title":{"rendered":"SPEEDGOAT 6"},"content":{"rendered":"<h4 class=\"description__title\">The Rundown<\/h4>\n<div id=\"description-info\" class=\"description__info\">\n<div class=\"content\">\n<div class=\"js-short-description-expander short-description-expander\">\n<div class=\"short-description-expander__preview\">Adh\u00e9rence et dynamisme sur les terrains techniques. Vous cherchiez le summum de la chaussure de trail. Et vous l\u2019avez trouv\u00e9. Fusion de l\u2019amorti \u00e9prouv\u00e9 de HOKA, d\u2019une adh\u00e9rence incisive et de mati\u00e8res ultral\u00e9g\u00e8res, la Speedgoat\u00a06 est n\u00e9e pour dompter le trail. Fiable et r\u00e9sistante, cette r\u00e9\u00e9dition r\u00e9cente a \u00e9t\u00e9 affin\u00e9e gr\u00e2ce \u00e0 une tige en textile tiss\u00e9 respirant, une structure interne qui enveloppe le pied, une languette \u00e0 double soufflet plus moelleuse et des crampons r\u00e9orient\u00e9s en s\u2019inspirant du sabot d\u2019un chamois (\u00e9videmment).<\/div>\n<\/div>\n<\/div>\n<div class=\"model-info-secondary mb-1\"><\/div>\n<div id=\"description-info-more-content\" class=\"product-description-view-more\">\n<div class=\"description-techspecs description-techspecs--bestfor\">\n<div class=\"description-techspecs__title title\"><strong>Id\u00e9ale<\/strong> <strong>pour<\/strong> :\u00a0 Trail -\u00a0 Randonn\u00e9e<\/div>\n<div><\/div>\n<div class=\"description-techspecs__title title\"><strong>Caract\u00e9ristiques<\/strong> :<\/div>\n<\/div>\n<div class=\"description-techspecs description-techspecs--features \">\n<div class=\"description-techspecs__items\">\n<ul class=\"features-container features-extended collapse in show\" aria-expanded=\"true\">\n<li class=\"feature-item\">Tige tiss\u00e9e l\u00e9g\u00e8re<\/li>\n<li class=\"feature-item\">Ch\u00e2ssis de maintien int\u00e9gr\u00e9<\/li>\n<li class=\"feature-item\">Languette \u00e0 soufflet r\u00e9versible<\/li>\n<li class=\"feature-item\">Empeigne dynamique<\/li>\n<li class=\"feature-item\">Butoir d\u2019orteils<\/li>\n<li class=\"feature-item\">Vibram\u00ae\u00a0Megagrip avec Traction\u00a0Lug<\/li>\n<li class=\"feature-item\">Orientation des crampons retravaill\u00e9e<\/li>\n<li class=\"feature-item\">Semelle interm\u00e9diaire l\u00e9g\u00e8re et r\u00e9active<\/li>\n<li class=\"feature-item\">Mousse plus l\u00e9g\u00e8re et plus r\u00e9active<\/li>\n<li class=\"feature-item\">Crampons de 5\u00a0mm<\/li>\n<li class=\"feature-item\">Vegan<\/li>\n<\/ul>\n<p>Nous proposons un chaussant revisit\u00e9 avec une semelle qui dynamise la foul\u00e9e tout en \u00e9tant plus l\u00e9g\u00e8re. L\u2019ensemble de la conception a \u00e9t\u00e9 revisit\u00e9\u00a0: une tige en tissu respirant, un compos\u00e9 plus r\u00e9actif et plus l\u00e9ger dans la semelle interm\u00e9diaire, une claque dynamique et une languette \u00e0 double soufflet plus moelleuse.<\/p>\n<p>Drop : 5mm<\/p>\n<\/div>\n<p>BLACK\/STARDUST<\/p>\n<\/div>\n<\/div>\n<\/div>\n","protected":false},"excerpt":{"rendered":"<p>The Rundown Adh\u00e9rence et dynamisme sur les terrains techniques. Vous cherchiez le summum de la chaussure de trail. Et vous l\u2019avez trouv\u00e9. Fusion de l\u2019amorti \u00e9prouv\u00e9 de HOKA, d\u2019une adh\u00e9rence incisive et de mati\u00e8res ultral\u00e9g\u00e8res, la Speedgoat\u00a06 est n\u00e9e pour dompter le trail. Fiable et r\u00e9sistante, cette r\u00e9\u00e9dition r\u00e9cente a \u00e9t\u00e9 affin\u00e9e gr\u00e2ce \u00e0 une [&hellip;]<\/p>\n","protected":false},"featured_media":2981,"template":"","meta":[],"pwb-brand":[102],"product_brand":[],"product_cat":[40,22,43],"product_tag":[],"class_list":{"0":"post-2474","1":"product","2":"type-product","3":"status-publish","4":"has-post-thumbnail","6":"pwb-brand-hoka","7":"product_cat-chaussures-hommes","8":"product_cat-running","9":"product_cat-trail-chaussures-hommes","11":"first","12":"instock","13":"shipping-taxable","14":"purchasable","15":"product-type-simple"},"brands":[{"id":102,"name":"HOKA","slug":"hoka"}],"_links":{"self":[{"href":"https:\/\/rrunning.tribalt.agency\/index.php?rest_route=\/wp\/v2\/product\/2474","targetHints":{"allow":["GET"]}}],"collection":[{"href":"https:\/\/rrunning.tribalt.agency\/index.php?rest_route=\/wp\/v2\/product"}],"about":[{"href":"https:\/\/rrunning.tribalt.agency\/index.php?rest_route=\/wp\/v2\/types\/product"}],"wp:featuredmedia":[{"embeddable":true,"href":"https:\/\/rrunning.tribalt.agency\/index.php?rest_route=\/wp\/v2\/media\/2981"}],"wp:attachment":[{"href":"https:\/\/rrunning.tribalt.agency\/index.php?rest_route=%2Fwp%2Fv2%2Fmedia&parent=2474"}],"wp:term":[{"taxonomy":"pwb-brand","embeddable":true,"href":"https:\/\/rrunning.tribalt.agency\/index.php?rest_route=%2Fwp%2Fv2%2Fpwb-brand&post=2474"},{"taxonomy":"product_brand","embeddable":true,"href":"https:\/\/rrunning.tribalt.agency\/index.php?rest_route=%2Fwp%2Fv2%2Fproduct_brand&post=2474"},{"taxonomy":"product_cat","embeddable":true,"href":"https:\/\/rrunning.tribalt.agency\/index.php?rest_route=%2Fwp%2Fv2%2Fproduct_cat&post=2474"},{"taxonomy":"product_tag","embeddable":true,"href":"https:\/\/rrunning.tribalt.agency\/index.php?rest_route=%2Fwp%2Fv2%2Fproduct_tag&post=2474"}],"curies":[{"name":"wp","href":"https:\/\/api.w.org\/{rel}","templated":true}]}}