{"id":2469,"date":"2025-07-23T18:17:01","date_gmt":"2025-07-23T16:17:01","guid":{"rendered":"https:\/\/rrunning.tribalt.agency\/?post_type=product&#038;p=2469"},"modified":"2025-09-16T19:12:42","modified_gmt":"2025-09-16T17:12:42","slug":"on-cloudultra-2","status":"publish","type":"product","link":"https:\/\/rrunning.tribalt.agency\/?product=on-cloudultra-2","title":{"rendered":"ON  CLOUDULTRA 2"},"content":{"rendered":"<p><strong>ON CLOUDULTRA 2<\/strong><\/p>\n<p>Une chaussure tout-terrain d\u2019ultra running avec une super-mousse Helion ultra douce et la semelle Missiongrip<\/p>\n<h4 class=\"_title_8gsmh_59\">Caract\u00e9ristiques<\/h4>\n<ul class=\"_usps_8gsmh_77\">\n<li class=\"\">\n<p class=\"_usp_8gsmh_77\">Poids: 295g<\/p>\n<\/li>\n<li class=\"\">\n<p class=\"_usp_8gsmh_77\">Empeigne chaussette en maille pour un maintien total<\/p>\n<\/li>\n<li class=\"\">\n<p class=\"_usp_8gsmh_77\">Semelle ext\u00e9rieure repens\u00e9e avec 50\u00a0% plus d\u2019impact au sol<\/p>\n<\/li>\n<li class=\"\">\n<p class=\"_usp_8gsmh_77\">Coupe et hauteur de semelle revisit\u00e9es pour plus de confort<\/p>\n<\/li>\n<li class=\"\">\n<p class=\"_usp_8gsmh_77\">Col repens\u00e9 pour une coupe et un talon plus confortables<\/p>\n<\/li>\n<li class=\"\">\n<p class=\"_usp_8gsmh_77\">Syst\u00e8me FlipRelease pour un ajustement parfait<\/p>\n<\/li>\n<li class=\"\">\n<p class=\"_usp_8gsmh_77\">\u00c9lastique pour ranger vos lacets en toute s\u00e9curit\u00e9<\/p>\n<\/li>\n<li class=\"\">\n<p class=\"_usp_8gsmh_77\">Amorti ultra-doux pour plus de maintien et de confort<\/p>\n<\/li>\n<li class=\"\">\n<p class=\"_usp_8gsmh_77\">Rembourrage sur\u00e9lev\u00e9 au talon et maintien renforc\u00e9 au milieu<\/p>\n<\/li>\n<\/ul>\n<p><strong>Drop<\/strong> : 5mm<\/p>\n<p>WOLF\/WHITE<\/p>\n","protected":false},"excerpt":{"rendered":"<p>ON CLOUDULTRA 2 Une chaussure tout-terrain d\u2019ultra running avec une super-mousse Helion ultra douce et la semelle Missiongrip Caract\u00e9ristiques Poids: 295g Empeigne chaussette en maille pour un maintien total Semelle ext\u00e9rieure repens\u00e9e avec 50\u00a0% plus d\u2019impact au sol Coupe et hauteur de semelle revisit\u00e9es pour plus de confort Col repens\u00e9 pour une coupe et un [&hellip;]<\/p>\n","protected":false},"featured_media":2596,"template":"","meta":[],"pwb-brand":[113],"product_brand":[],"product_cat":[40,43],"product_tag":[],"class_list":{"0":"post-2469","1":"product","2":"type-product","3":"status-publish","4":"has-post-thumbnail","6":"pwb-brand-on-running","7":"product_cat-chaussures-hommes","8":"product_cat-trail-chaussures-hommes","10":"first","11":"instock","12":"sale","13":"shipping-taxable","14":"purchasable","15":"product-type-simple"},"brands":[{"id":113,"name":"ON RUNNING","slug":"on-running"}],"_links":{"self":[{"href":"https:\/\/rrunning.tribalt.agency\/index.php?rest_route=\/wp\/v2\/product\/2469","targetHints":{"allow":["GET"]}}],"collection":[{"href":"https:\/\/rrunning.tribalt.agency\/index.php?rest_route=\/wp\/v2\/product"}],"about":[{"href":"https:\/\/rrunning.tribalt.agency\/index.php?rest_route=\/wp\/v2\/types\/product"}],"wp:featuredmedia":[{"embeddable":true,"href":"https:\/\/rrunning.tribalt.agency\/index.php?rest_route=\/wp\/v2\/media\/2596"}],"wp:attachment":[{"href":"https:\/\/rrunning.tribalt.agency\/index.php?rest_route=%2Fwp%2Fv2%2Fmedia&parent=2469"}],"wp:term":[{"taxonomy":"pwb-brand","embeddable":true,"href":"https:\/\/rrunning.tribalt.agency\/index.php?rest_route=%2Fwp%2Fv2%2Fpwb-brand&post=2469"},{"taxonomy":"product_brand","embeddable":true,"href":"https:\/\/rrunning.tribalt.agency\/index.php?rest_route=%2Fwp%2Fv2%2Fproduct_brand&post=2469"},{"taxonomy":"product_cat","embeddable":true,"href":"https:\/\/rrunning.tribalt.agency\/index.php?rest_route=%2Fwp%2Fv2%2Fproduct_cat&post=2469"},{"taxonomy":"product_tag","embeddable":true,"href":"https:\/\/rrunning.tribalt.agency\/index.php?rest_route=%2Fwp%2Fv2%2Fproduct_tag&post=2469"}],"curies":[{"name":"wp","href":"https:\/\/api.w.org\/{rel}","templated":true}]}}