{"id":2463,"date":"2025-07-23T17:57:05","date_gmt":"2025-07-23T15:57:05","guid":{"rendered":"https:\/\/rrunning.tribalt.agency\/?post_type=product&#038;p=2463"},"modified":"2025-09-16T19:13:59","modified_gmt":"2025-09-16T17:13:59","slug":"brooks-catamount-agil","status":"publish","type":"product","link":"https:\/\/rrunning.tribalt.agency\/?product=brooks-catamount-agil","title":{"rendered":"CATAMOUNT AGIL"},"content":{"rendered":"<p class=\"m-long-description-text\">Avec la nouvelle Catamount\u00a0Agil unisexe, parfaite pour les courses de moins de 50\u00a0km, tu peux aborder les sentiers de montagne techniques en toute confiance. La plaque de propulsion SpeedVault, la semelle interm\u00e9diaire r\u00e9active, le chaussant enveloppant et la traction adh\u00e9rente travaillent ensemble pour t\u2019offrir l\u2019agilit\u00e9 et la stabilit\u00e9 n\u00e9cessaires sur des terrains difficiles.<\/p>\n<h3 class=\"a-type-h6--big m-long-description__label u-spacing-x-small--bottom\">Durabilit\u00e9\u00a0 <span style=\"font-size: 16px;\">47.3 %<\/span><\/h3>\n<div class=\"m-long-description__sustainability\">\n<div class=\"m-long-description__sustainability--container\">\n<div class=\"m-long-description__sustainability--text\">Mat\u00e9riaux recycl\u00e9s dans la tige<\/div>\n<\/div>\n<div class=\"m-long-description__sustainability--container\">\n<p class=\"t-subtitle t-subtitle--medium t-subtitle--highlight\">Ce produit est certifi\u00e9 CarbonNeutral\u00ae.<\/p>\n<\/div>\n<\/div>\n<h3 class=\"a-type-h6--big m-long-description__label u-spacing-x-small--bottom\">Parfaite pour\u2026<\/h3>\n<ul class=\"m-long-description__best-for\">\n<li class=\"m-long-description__best-for-item\">\n<div class=\"m-long-description__best-for-text\">Trail<\/div>\n<\/li>\n<li class=\"m-long-description__best-for-item\">\n<div class=\"m-long-description__best-for-text\">Comp\u00e9tition<\/div>\n<\/li>\n<li class=\"m-long-description__best-for-item\">\n<div class=\"m-long-description__best-for-text\">Speed<\/div>\n<\/li>\n<li class=\"m-long-description__best-for-item\">\n<div class=\"m-long-description__best-for-text\">Chaussant s\u00fbr<\/div>\n<\/li>\n<\/ul>\n<h3 class=\"a-type-h6--big m-long-description__label u-spacing-x-small--bottom\">Caract\u00e9ristiques<\/h3>\n<ul class=\"m-long-description__features\">\n<li class=\"m-long-description__feature\">\n<div class=\"m-long-description__feature-text\">Vitesse extr\u00eame et confiance<\/div>\n<\/li>\n<li class=\"m-long-description__feature\">\n<div class=\"m-long-description__feature-text\">Conception agile et r\u00e9active<\/div>\n<\/li>\n<li class=\"m-long-description__feature\">\n<div class=\"m-long-description__feature-text\">Chaussant anti-glissement<\/div>\n<\/li>\n<li class=\"m-long-description__feature\">\n<div class=\"m-long-description__feature-text\">Id\u00e9al pour les courses de moins de 50\u00a0km<\/div>\n<\/li>\n<\/ul>\n<p>Drop : 6mm<\/p>\n<p>Couleur : Illusion Blue\/Coral\/Orange<\/p>\n","protected":false},"excerpt":{"rendered":"<p>Avec la nouvelle Catamount\u00a0Agil unisexe, parfaite pour les courses de moins de 50\u00a0km, tu peux aborder les sentiers de montagne techniques en toute confiance. La plaque de propulsion SpeedVault, la semelle interm\u00e9diaire r\u00e9active, le chaussant enveloppant et la traction adh\u00e9rente travaillent ensemble pour t\u2019offrir l\u2019agilit\u00e9 et la stabilit\u00e9 n\u00e9cessaires sur des terrains difficiles. Durabilit\u00e9\u00a0 47.3 [&hellip;]<\/p>\n","protected":false},"featured_media":2571,"template":"","meta":[],"pwb-brand":[92],"product_brand":[],"product_cat":[40,22,43],"product_tag":[],"class_list":{"0":"post-2463","1":"product","2":"type-product","3":"status-publish","4":"has-post-thumbnail","6":"pwb-brand-brooks","7":"product_cat-chaussures-hommes","8":"product_cat-running","9":"product_cat-trail-chaussures-hommes","11":"first","12":"instock","13":"sale","14":"shipping-taxable","15":"purchasable","16":"product-type-simple"},"brands":[{"id":92,"name":"BROOKS","slug":"brooks"}],"_links":{"self":[{"href":"https:\/\/rrunning.tribalt.agency\/index.php?rest_route=\/wp\/v2\/product\/2463","targetHints":{"allow":["GET"]}}],"collection":[{"href":"https:\/\/rrunning.tribalt.agency\/index.php?rest_route=\/wp\/v2\/product"}],"about":[{"href":"https:\/\/rrunning.tribalt.agency\/index.php?rest_route=\/wp\/v2\/types\/product"}],"wp:featuredmedia":[{"embeddable":true,"href":"https:\/\/rrunning.tribalt.agency\/index.php?rest_route=\/wp\/v2\/media\/2571"}],"wp:attachment":[{"href":"https:\/\/rrunning.tribalt.agency\/index.php?rest_route=%2Fwp%2Fv2%2Fmedia&parent=2463"}],"wp:term":[{"taxonomy":"pwb-brand","embeddable":true,"href":"https:\/\/rrunning.tribalt.agency\/index.php?rest_route=%2Fwp%2Fv2%2Fpwb-brand&post=2463"},{"taxonomy":"product_brand","embeddable":true,"href":"https:\/\/rrunning.tribalt.agency\/index.php?rest_route=%2Fwp%2Fv2%2Fproduct_brand&post=2463"},{"taxonomy":"product_cat","embeddable":true,"href":"https:\/\/rrunning.tribalt.agency\/index.php?rest_route=%2Fwp%2Fv2%2Fproduct_cat&post=2463"},{"taxonomy":"product_tag","embeddable":true,"href":"https:\/\/rrunning.tribalt.agency\/index.php?rest_route=%2Fwp%2Fv2%2Fproduct_tag&post=2463"}],"curies":[{"name":"wp","href":"https:\/\/api.w.org\/{rel}","templated":true}]}}