{"id":2384,"date":"2025-08-22T15:54:00","date_gmt":"2025-08-22T13:54:00","guid":{"rendered":"https:\/\/rrunning.tribalt.agency\/?post_type=product&#038;p=2384"},"modified":"2025-08-28T18:11:26","modified_gmt":"2025-08-28T16:11:26","slug":"hyperion-3","status":"publish","type":"product","link":"https:\/\/rrunning.tribalt.agency\/?product=hyperion-3","title":{"rendered":"HYPERION 3"},"content":{"rendered":"<p><!--StartFragment --><\/p>\n<p><!--StartFragment --><\/p>\n<p><span class=\"cf0\">Con\u00e7ue pour t\u2019offrir protection et propulsion gr\u00e2ce \u00e0 son amorti sup\u00e9rieur et sa plaque de propulsion <\/span><span class=\"cf0\">SpeedVault<\/span><span class=\"cf0\"> en nylon, l\u2019Hyperion Max 3 pour femme t\u2019aide \u00e0 acc\u00e9l\u00e9rer le rythme et \u00e0 r\u00e9cup\u00e9rer rapidement pour tirer le meilleur parti de chaque s\u00e9ance d\u2019entra\u00eenement.<\/span><\/p>\n<p>&nbsp;<\/p>\n<p><strong><span class=\"cf0\">Caract\u00e9ristiques<\/span><\/strong><\/p>\n<p><span class=\"cf0\">Con\u00e7u pour la vitesse<\/span><\/p>\n<p><span class=\"cf0\">Des transitions rapides<\/span><\/p>\n<p><span class=\"cf0\">Chaussant a\u00e9rien<\/span><\/p>\n<p>&nbsp;<\/p>\n<p><span class=\"cf0\">Drop De La Semelle Interm\u00e9diaire : 8mm<\/span><\/p>\n<p><span class=\"cf0\">Poids: 8,8oz \/ 249,5g<\/span><\/p>\n<p><span class=\"cf0\">Ressenti de Foul\u00e9e<\/span><\/p>\n<p><span class=\"cf0\">R\u00e9activit\u00e9<\/span><\/p>\n<p>&nbsp;<\/p>\n<p><span class=\"cf0\">Un amorti l\u00e9ger et dynamique qui vous propulse vers l\u2019avant.<\/span><\/p>\n<p><!--EndFragment --><\/p>\n<p><!--EndFragment --><\/p>\n","protected":false},"excerpt":{"rendered":"<p>Con\u00e7ue pour t\u2019offrir protection et propulsion gr\u00e2ce \u00e0 son amorti sup\u00e9rieur et sa plaque de propulsion SpeedVault en nylon, l\u2019Hyperion Max 3 pour femme t\u2019aide \u00e0 acc\u00e9l\u00e9rer le rythme et \u00e0 r\u00e9cup\u00e9rer rapidement pour tirer le meilleur parti de chaque s\u00e9ance d\u2019entra\u00eenement. &nbsp; Caract\u00e9ristiques Con\u00e7u pour la vitesse Des transitions rapides Chaussant a\u00e9rien &nbsp; Drop [&hellip;]<\/p>\n","protected":false},"featured_media":2953,"template":"","meta":[],"pwb-brand":[92],"product_brand":[],"product_cat":[40,42],"product_tag":[],"class_list":{"0":"post-2384","1":"product","2":"type-product","3":"status-publish","4":"has-post-thumbnail","6":"pwb-brand-brooks","7":"product_cat-chaussures-hommes","8":"product_cat-route-chaussures-hommes","10":"first","11":"instock","12":"shipping-taxable","13":"purchasable","14":"product-type-simple"},"brands":[{"id":92,"name":"BROOKS","slug":"brooks"}],"_links":{"self":[{"href":"https:\/\/rrunning.tribalt.agency\/index.php?rest_route=\/wp\/v2\/product\/2384","targetHints":{"allow":["GET"]}}],"collection":[{"href":"https:\/\/rrunning.tribalt.agency\/index.php?rest_route=\/wp\/v2\/product"}],"about":[{"href":"https:\/\/rrunning.tribalt.agency\/index.php?rest_route=\/wp\/v2\/types\/product"}],"wp:featuredmedia":[{"embeddable":true,"href":"https:\/\/rrunning.tribalt.agency\/index.php?rest_route=\/wp\/v2\/media\/2953"}],"wp:attachment":[{"href":"https:\/\/rrunning.tribalt.agency\/index.php?rest_route=%2Fwp%2Fv2%2Fmedia&parent=2384"}],"wp:term":[{"taxonomy":"pwb-brand","embeddable":true,"href":"https:\/\/rrunning.tribalt.agency\/index.php?rest_route=%2Fwp%2Fv2%2Fpwb-brand&post=2384"},{"taxonomy":"product_brand","embeddable":true,"href":"https:\/\/rrunning.tribalt.agency\/index.php?rest_route=%2Fwp%2Fv2%2Fproduct_brand&post=2384"},{"taxonomy":"product_cat","embeddable":true,"href":"https:\/\/rrunning.tribalt.agency\/index.php?rest_route=%2Fwp%2Fv2%2Fproduct_cat&post=2384"},{"taxonomy":"product_tag","embeddable":true,"href":"https:\/\/rrunning.tribalt.agency\/index.php?rest_route=%2Fwp%2Fv2%2Fproduct_tag&post=2384"}],"curies":[{"name":"wp","href":"https:\/\/api.w.org\/{rel}","templated":true}]}}