{"id":2377,"date":"2025-07-22T15:53:33","date_gmt":"2025-07-22T13:53:33","guid":{"rendered":"https:\/\/rrunning.tribalt.agency\/?post_type=product&#038;p=2377"},"modified":"2025-08-27T11:07:24","modified_gmt":"2025-08-27T09:07:24","slug":"cascadia-19","status":"publish","type":"product","link":"https:\/\/rrunning.tribalt.agency\/?product=cascadia-19","title":{"rendered":"CASCADIA 19"},"content":{"rendered":"<p><!--StartFragment --><\/p>\n<p><strong>ch\u00e2teau\/ebony\/sunny lime<\/strong><\/p>\n<p><span class=\"cf0\">Lance toi sur n\u2019importe quel type de sentier avec la <\/span><span class=\"cf0\">Cascadia<\/span><span class=\"cf0\"> 19 pour homme. Con\u00e7ue pour t\u2019offrir une foul\u00e9e stable qui s\u2019adapte au terrain et un amorti fiable, cette chaussure est pr\u00eate pour tes aventures en montagne.<\/span><\/p>\n<p>&nbsp;<\/p>\n<p><strong><span class=\"cf0\">Caract\u00e9ristiques<\/span><\/strong><\/p>\n<p><span class=\"cf0\">Foul\u00e9e adaptable<\/span><\/p>\n<p><span class=\"cf0\">Convient \u00e0 tout type de terrain<\/span><\/p>\n<p><span class=\"cf0\">Traction sur surfaces s\u00e8ches\/mouill\u00e9es<\/span><\/p>\n<p>&nbsp;<\/p>\n<p><strong><span class=\"cf0\">Sp\u00e9cifications<\/span><\/strong><\/p>\n<p><span class=\"cf0\">Con\u00e7ue pour : Trail<\/span><\/p>\n<p><span class=\"cf0\">Drop De La Semelle Interm\u00e9diaire : 6mm<\/span><\/p>\n<p><span class=\"cf0\">Poids : 10,7oz \/ 303,3g<\/span><\/p>\n<p><span class=\"cf0\">Ressenti de Foul\u00e9e : \u00c9quilibr\u00e9<\/span><\/p>\n<p>&nbsp;<\/p>\n<p><span class=\"cf0\">Un m\u00e9lange d\u2019amorti souple et dynamique qui offre une sensation de douceur \u00e0 chaque pas.<\/span><\/p>\n<p><!--EndFragment --><\/p>\n","protected":false},"excerpt":{"rendered":"<p>ch\u00e2teau\/ebony\/sunny lime Lance toi sur n\u2019importe quel type de sentier avec la Cascadia 19 pour homme. Con\u00e7ue pour t\u2019offrir une foul\u00e9e stable qui s\u2019adapte au terrain et un amorti fiable, cette chaussure est pr\u00eate pour tes aventures en montagne. &nbsp; Caract\u00e9ristiques Foul\u00e9e adaptable Convient \u00e0 tout type de terrain Traction sur surfaces s\u00e8ches\/mouill\u00e9es &nbsp; Sp\u00e9cifications [&hellip;]<\/p>\n","protected":false},"featured_media":2572,"template":"","meta":[],"pwb-brand":[92],"product_brand":[],"product_cat":[40,43],"product_tag":[],"class_list":{"0":"post-2377","1":"product","2":"type-product","3":"status-publish","4":"has-post-thumbnail","6":"pwb-brand-brooks","7":"product_cat-chaussures-hommes","8":"product_cat-trail-chaussures-hommes","10":"first","11":"instock","12":"shipping-taxable","13":"purchasable","14":"product-type-simple"},"brands":[{"id":92,"name":"BROOKS","slug":"brooks"}],"_links":{"self":[{"href":"https:\/\/rrunning.tribalt.agency\/index.php?rest_route=\/wp\/v2\/product\/2377","targetHints":{"allow":["GET"]}}],"collection":[{"href":"https:\/\/rrunning.tribalt.agency\/index.php?rest_route=\/wp\/v2\/product"}],"about":[{"href":"https:\/\/rrunning.tribalt.agency\/index.php?rest_route=\/wp\/v2\/types\/product"}],"wp:featuredmedia":[{"embeddable":true,"href":"https:\/\/rrunning.tribalt.agency\/index.php?rest_route=\/wp\/v2\/media\/2572"}],"wp:attachment":[{"href":"https:\/\/rrunning.tribalt.agency\/index.php?rest_route=%2Fwp%2Fv2%2Fmedia&parent=2377"}],"wp:term":[{"taxonomy":"pwb-brand","embeddable":true,"href":"https:\/\/rrunning.tribalt.agency\/index.php?rest_route=%2Fwp%2Fv2%2Fpwb-brand&post=2377"},{"taxonomy":"product_brand","embeddable":true,"href":"https:\/\/rrunning.tribalt.agency\/index.php?rest_route=%2Fwp%2Fv2%2Fproduct_brand&post=2377"},{"taxonomy":"product_cat","embeddable":true,"href":"https:\/\/rrunning.tribalt.agency\/index.php?rest_route=%2Fwp%2Fv2%2Fproduct_cat&post=2377"},{"taxonomy":"product_tag","embeddable":true,"href":"https:\/\/rrunning.tribalt.agency\/index.php?rest_route=%2Fwp%2Fv2%2Fproduct_tag&post=2377"}],"curies":[{"name":"wp","href":"https:\/\/api.w.org\/{rel}","templated":true}]}}