{"id":2367,"date":"2025-07-15T15:25:14","date_gmt":"2025-07-15T13:25:14","guid":{"rendered":"https:\/\/rrunning.tribalt.agency\/?post_type=product&#038;p=2367"},"modified":"2025-07-15T15:26:57","modified_gmt":"2025-07-15T13:26:57","slug":"varia-rtl515","status":"publish","type":"product","link":"https:\/\/rrunning.tribalt.agency\/?product=varia-rtl515","title":{"rendered":"VARIA RTL515"},"content":{"rendered":"<h2>VOIR ET \u00caTRE VU<\/h2>\n<div class=\"app__overview__intro__description\">\n<p>Ce radar et feux arri\u00e8re se couple avec votre compteur GPS de v\u00e9lo Edge\u00ae ou votre smartphone compatible pour vous signaler les v\u00e9hicules en approche derri\u00e8re vous.<\/p>\n<\/div>\n<div class=\"app__column-layout app__column-layout__column--6 app__column-layout__column__mobile--2 app__overview__intro__icons\">\n<div class=\"app__feature__card\" data-translate=\"\">\n<p class=\"app__feature__card__description app__feature__card__description--left\">Un radar arri\u00e8re fiable qui vous \u00e9vite les mauvaises surprises.<\/p>\n<\/div>\n<div class=\"app__feature__card\" data-translate=\"\">\n<p class=\"app__feature__card__description app__feature__card__description--left\">Un radar. Plusieurs options d'affichage. \u00c0 coupler avec votre appareil Garmin compatible, votre t\u00e9l\u00e9phone ou les deux.<\/p>\n<\/div>\n<div class=\"app__feature__card\" data-translate=\"\">\n<p class=\"app__feature__card__description app__feature__card__description--left\">L'application Varia\u2122 couvre vos arri\u00e8res si vous utilisez votre t\u00e9l\u00e9phone comme \u00e9cran principal ou secondaire.<\/p>\n<\/div>\n<div class=\"app__feature__card\" data-translate=\"\">\n<p class=\"app__feature__card__description app__feature__card__description--left\">Brillez. La puissance du feu arri\u00e8re permet aux conducteurs en approche de vous voir jusqu'\u00e0 1,6 km en plein jour.<\/p>\n<\/div>\n<div class=\"app__feature__card\" data-translate=\"\">\n<p class=\"app__feature__card__description app__feature__card__description--left\">Petit, facile \u00e0 installer, il fonctionne avec tous les v\u00e9los.<\/p>\n<\/div>\n<div class=\"app__feature__card\" data-translate=\"\">\n<p class=\"app__feature__card__description app__feature__card__description--left\">Profitez plus longtemps de votre radar et de votre feu arri\u00e8re avec une autonomie de 16 heures en mode flash de jour.<\/p>\n<\/div>\n<\/div>\n","protected":false},"excerpt":{"rendered":"<p>VOIR ET \u00caTRE VU Ce radar et feux arri\u00e8re se couple avec votre compteur GPS de v\u00e9lo Edge\u00ae ou votre smartphone compatible pour vous signaler les v\u00e9hicules en approche derri\u00e8re vous. Un radar arri\u00e8re fiable qui vous \u00e9vite les mauvaises surprises. Un radar. Plusieurs options d'affichage. \u00c0 coupler avec votre appareil Garmin compatible, votre t\u00e9l\u00e9phone [&hellip;]<\/p>\n","protected":false},"featured_media":2368,"template":"","meta":[],"pwb-brand":[98],"product_brand":[],"product_cat":[60],"product_tag":[],"class_list":{"0":"post-2367","1":"product","2":"type-product","3":"status-publish","4":"has-post-thumbnail","6":"pwb-brand-garmin","7":"product_cat-equipement","9":"first","10":"instock","11":"shipping-taxable","12":"purchasable","13":"product-type-simple"},"brands":[{"id":98,"name":"GARMIN","slug":"garmin"}],"_links":{"self":[{"href":"https:\/\/rrunning.tribalt.agency\/index.php?rest_route=\/wp\/v2\/product\/2367","targetHints":{"allow":["GET"]}}],"collection":[{"href":"https:\/\/rrunning.tribalt.agency\/index.php?rest_route=\/wp\/v2\/product"}],"about":[{"href":"https:\/\/rrunning.tribalt.agency\/index.php?rest_route=\/wp\/v2\/types\/product"}],"wp:featuredmedia":[{"embeddable":true,"href":"https:\/\/rrunning.tribalt.agency\/index.php?rest_route=\/wp\/v2\/media\/2368"}],"wp:attachment":[{"href":"https:\/\/rrunning.tribalt.agency\/index.php?rest_route=%2Fwp%2Fv2%2Fmedia&parent=2367"}],"wp:term":[{"taxonomy":"pwb-brand","embeddable":true,"href":"https:\/\/rrunning.tribalt.agency\/index.php?rest_route=%2Fwp%2Fv2%2Fpwb-brand&post=2367"},{"taxonomy":"product_brand","embeddable":true,"href":"https:\/\/rrunning.tribalt.agency\/index.php?rest_route=%2Fwp%2Fv2%2Fproduct_brand&post=2367"},{"taxonomy":"product_cat","embeddable":true,"href":"https:\/\/rrunning.tribalt.agency\/index.php?rest_route=%2Fwp%2Fv2%2Fproduct_cat&post=2367"},{"taxonomy":"product_tag","embeddable":true,"href":"https:\/\/rrunning.tribalt.agency\/index.php?rest_route=%2Fwp%2Fv2%2Fproduct_tag&post=2367"}],"curies":[{"name":"wp","href":"https:\/\/api.w.org\/{rel}","templated":true}]}}