{"id":2366,"date":"2025-07-15T15:24:53","date_gmt":"2025-07-15T13:24:53","guid":{"rendered":"https:\/\/rrunning.tribalt.agency\/?post_type=product&#038;p=2366"},"modified":"2025-07-15T15:25:04","modified_gmt":"2025-07-15T13:25:04","slug":"usb-c-to-plug-charge-1-0m","status":"publish","type":"product","link":"https:\/\/rrunning.tribalt.agency\/?product=usb-c-to-plug-charge-1-0m","title":{"rendered":"USB-C TO PLUG CHARGE 1.0M"},"content":{"rendered":"<h2>Connectez ce c\u00e2ble de \u00e0 votre adaptateur secteur USB-C (vendu s\u00e9par\u00e9ment) pour recharger votre appareil compatible.<\/h2>\n","protected":false},"excerpt":{"rendered":"<p>Connectez ce c\u00e2ble de \u00e0 votre adaptateur secteur USB-C (vendu s\u00e9par\u00e9ment) pour recharger votre appareil compatible.<\/p>\n","protected":false},"featured_media":2365,"template":"","meta":[],"pwb-brand":[98],"product_brand":[],"product_cat":[60],"product_tag":[],"class_list":{"0":"post-2366","1":"product","2":"type-product","3":"status-publish","4":"has-post-thumbnail","6":"pwb-brand-garmin","7":"product_cat-equipement","9":"first","10":"instock","11":"shipping-taxable","12":"purchasable","13":"product-type-simple"},"brands":[{"id":98,"name":"GARMIN","slug":"garmin"}],"_links":{"self":[{"href":"https:\/\/rrunning.tribalt.agency\/index.php?rest_route=\/wp\/v2\/product\/2366","targetHints":{"allow":["GET"]}}],"collection":[{"href":"https:\/\/rrunning.tribalt.agency\/index.php?rest_route=\/wp\/v2\/product"}],"about":[{"href":"https:\/\/rrunning.tribalt.agency\/index.php?rest_route=\/wp\/v2\/types\/product"}],"wp:featuredmedia":[{"embeddable":true,"href":"https:\/\/rrunning.tribalt.agency\/index.php?rest_route=\/wp\/v2\/media\/2365"}],"wp:attachment":[{"href":"https:\/\/rrunning.tribalt.agency\/index.php?rest_route=%2Fwp%2Fv2%2Fmedia&parent=2366"}],"wp:term":[{"taxonomy":"pwb-brand","embeddable":true,"href":"https:\/\/rrunning.tribalt.agency\/index.php?rest_route=%2Fwp%2Fv2%2Fpwb-brand&post=2366"},{"taxonomy":"product_brand","embeddable":true,"href":"https:\/\/rrunning.tribalt.agency\/index.php?rest_route=%2Fwp%2Fv2%2Fproduct_brand&post=2366"},{"taxonomy":"product_cat","embeddable":true,"href":"https:\/\/rrunning.tribalt.agency\/index.php?rest_route=%2Fwp%2Fv2%2Fproduct_cat&post=2366"},{"taxonomy":"product_tag","embeddable":true,"href":"https:\/\/rrunning.tribalt.agency\/index.php?rest_route=%2Fwp%2Fv2%2Fproduct_tag&post=2366"}],"curies":[{"name":"wp","href":"https:\/\/api.w.org\/{rel}","templated":true}]}}